{"id":1836,"date":"2024-02-20T14:53:02","date_gmt":"2024-02-20T06:53:02","guid":{"rendered":"https:\/\/www.zongdamining.com\/?post_type=product&#038;p=1836"},"modified":"2026-01-30T14:29:03","modified_gmt":"2026-01-30T06:29:03","slug":"zdfl-0-5-personnel-and-material-carrier","status":"publish","type":"product","link":"https:\/\/www.zongdamining.com\/vi\/product\/zdfl-0-5-personnel-and-material-carrier\/","title":{"rendered":"ZDFL-0.5 V\u1eadn chuy\u1ec3n nh\u00e2n s\u1ef1 v\u00e0 v\u1eadt li\u1ec7u - Xe ti\u1ec7n \u00edch ng\u1ea7m nh\u1ecf g\u1ecdn 0,5 t\u1ea5n"},"content":{"rendered":"<p><img fetchpriority=\"high\" decoding=\"async\" class=\"alignnone size-medium wp-image-1838\" src=\"http:\/\/www.zongdamining.com\/wp-content\/uploads\/2024\/02\/IMG_02fdcc84ed5446caa3575fe021f458d8-300x225.png\" alt=\"\" width=\"300\" height=\"225\" srcset=\"https:\/\/www.zongdamining.com\/wp-content\/uploads\/2024\/02\/IMG_02fdcc84ed5446caa3575fe021f458d8-300x225.png 300w, https:\/\/www.zongdamining.com\/wp-content\/uploads\/2024\/02\/IMG_02fdcc84ed5446caa3575fe021f458d8-1024x768.png 1024w, https:\/\/www.zongdamining.com\/wp-content\/uploads\/2024\/02\/IMG_02fdcc84ed5446caa3575fe021f458d8-768x576.png 768w, https:\/\/www.zongdamining.com\/wp-content\/uploads\/2024\/02\/IMG_02fdcc84ed5446caa3575fe021f458d8-600x450.png 600w, https:\/\/www.zongdamining.com\/wp-content\/uploads\/2024\/02\/IMG_02fdcc84ed5446caa3575fe021f458d8.png 1267w\" sizes=\"(max-width: 300px) 100vw, 300px\" \/> <img decoding=\"async\" class=\"alignnone size-medium wp-image-1839\" src=\"http:\/\/www.zongdamining.com\/wp-content\/uploads\/2024\/02\/IMG_ec2025011b994caeb93edbe9f6b4c09c-300x225.png\" alt=\"\" width=\"300\" height=\"225\" srcset=\"https:\/\/www.zongdamining.com\/wp-content\/uploads\/2024\/02\/IMG_ec2025011b994caeb93edbe9f6b4c09c-300x225.png 300w, https:\/\/www.zongdamining.com\/wp-content\/uploads\/2024\/02\/IMG_ec2025011b994caeb93edbe9f6b4c09c-1024x768.png 1024w, https:\/\/www.zongdamining.com\/wp-content\/uploads\/2024\/02\/IMG_ec2025011b994caeb93edbe9f6b4c09c-768x576.png 768w, https:\/\/www.zongdamining.com\/wp-content\/uploads\/2024\/02\/IMG_ec2025011b994caeb93edbe9f6b4c09c-600x450.png 600w, https:\/\/www.zongdamining.com\/wp-content\/uploads\/2024\/02\/IMG_ec2025011b994caeb93edbe9f6b4c09c.png 1267w\" sizes=\"(max-width: 300px) 100vw, 300px\" \/> <img decoding=\"async\" class=\"alignnone size-medium wp-image-1840\" src=\"http:\/\/www.zongdamining.com\/wp-content\/uploads\/2024\/02\/IMG_322b37082fd348ebb001056ee3cb41cc-300x225.png\" alt=\"\" width=\"300\" height=\"225\" srcset=\"https:\/\/www.zongdamining.com\/wp-content\/uploads\/2024\/02\/IMG_322b37082fd348ebb001056ee3cb41cc-300x225.png 300w, https:\/\/www.zongdamining.com\/wp-content\/uploads\/2024\/02\/IMG_322b37082fd348ebb001056ee3cb41cc-1024x767.png 1024w, https:\/\/www.zongdamining.com\/wp-content\/uploads\/2024\/02\/IMG_322b37082fd348ebb001056ee3cb41cc-768x575.png 768w, https:\/\/www.zongdamining.com\/wp-content\/uploads\/2024\/02\/IMG_322b37082fd348ebb001056ee3cb41cc-600x449.png 600w, https:\/\/www.zongdamining.com\/wp-content\/uploads\/2024\/02\/IMG_322b37082fd348ebb001056ee3cb41cc.png 1267w\" sizes=\"(max-width: 300px) 100vw, 300px\" \/><\/p>\n<p>Xe x\u1eed l\u00fd v\u1eadt li\u1ec7u ZDFL-0.5 \u0111\u01b0\u1ee3c cung c\u1ea5p b\u1eb1ng \u0111\u1ed9ng c\u01a1 diesel, v\u1edbi truy\u1ec1n c\u01a1 kh\u00ed th\u1ee7y l\u1ef1c, \u1ed5 \u0111\u1ea9y b\u1ed1n b\u00e1nh, l\u00e1i ph\u00eda tr\u01b0\u1edbc, l\u00e1i th\u1ee7y l\u1ef1c tr\u1ee5c tr\u01b0\u1edbc, g\u00f3c l\u00e1i l\u1edbn, xoay linh ho\u1ea1t v\u00e0 b\u00e1n k\u00ednh nh\u1ecf. N\u00f3 ph\u00f9 h\u1ee3p cho c\u00e1c ho\u1ea1t \u0111\u1ed9ng \u0111\u01b0\u1eddng b\u1ed9 ph\u1ea7n trung b\u00ecnh v\u00e0 c\u00f3 c\u00e1c \u0111\u1eb7c \u0111i\u1ec3m k\u1ef9 thu\u1eadt sau:<\/p>\n<p>\u25cf H\u1ec7 th\u1ed1ng \u0111i\u1ec7n \u00e1p d\u1ee5ng \u0111\u1ed9ng c\u01a1 \u00f4 nhi\u1ec5m th\u1ea5p l\u00e0m m\u00e1t b\u1eb1ng n\u01b0\u1edbc Yunnei National III;  \u25cf H\u1ec7 th\u1ed1ng truy\u1ec1n t\u1ea3i \u0111i\u1ec7n \u00e1p d\u1ee5ng truy\u1ec1n t\u1ea3i chuy\u1ec3n \u0111\u1ed9ng \u0111i\u1ec7n, tr\u1ee5c \u1ed5 \u0111\u1ea9y DANA v\u00e0 l\u1ed1p b\u01a1m h\u01a1i ch\u1ed1ng c\u1eaft c\u00f3 m\u1eabu khai th\u00e1c m\u1ecf;  \u25cf  Phanh l\u00e1i xe \u00e1p d\u1ee5ng phanh th\u1ee7y l\u1ef1c \u0111a \u0111\u0129a \u01b0\u1edbt; Phanh \u0111\u1ed7 xe \u00e1p d\u1ee5ng van x\u1eed l\u00fd \u0111\u1ec3 ki\u1ec3m so\u00e1t phanh m\u00f9a xu\u00e2n c\u1ea7u, an to\u00e0n v\u00e0 \u0111\u00e1ng tin c\u1eady;<\/p>\n<p>\u25cf Khung l\u00e0 m\u1ed9t c\u1ea5u tr\u00fac kh\u00f4ng th\u1ec3 thi\u1ebfu v\u1edbi hi\u1ec7u su\u1ea5t \u0111\u00e1ng tin c\u1eady; Ch\u1ea5p nh\u1eadn m\u1ed9t cabin \u0111\u00f3ng l\u00e0 an to\u00e0n h\u01a1n v\u00e0 tho\u1ea3i m\u00e1i h\u01a1n. C\u1ea3nh b\u00e1o an to\u00e0n \u25cf Ng\u01b0\u1eddi v\u1eadn h\u00e0nh m\u00e1y n\u00e0y ph\u1ea3i \u0111eo m\u0169 b\u1ea3o hi\u1ec3m an to\u00e0n v\u00e0 mang theo thi\u1ebft b\u1ecb t\u1ef1 c\u1ee9u v\u00e0 \u0111\u00e8n khai th\u00e1c m\u1ecf khi v\u00e0o gi\u1ebfng;  \u25cf M\u00e1y n\u00e0y ph\u1ea3i \u0111\u01b0\u1ee3c b\u1ea3o tr\u00ec v\u00e0 ki\u1ec3m tra th\u01b0\u1eddng xuy\u00ean, v\u00e0 b\u1ea5t k\u1ef3 m\u1ed1i nguy hi\u1ec3m \u1ea9n n\u00e0o n\u00ean \u0111\u01b0\u1ee3c gi\u1ea3i quy\u1ebft nhanh ch\u00f3ng;  \u25cf C\u1ea5m th\u1ef1c hi\u1ec7n b\u1ea3o tr\u00ec trong khi m\u00e1y \u0111ang ho\u1ea1t \u0111\u1ed9ng;  \u25cf Khi m\u00e1y \u0111ang tr\u1ea3i qua b\u1ea3o tr\u00ec, \u0111i\u1ec7n ph\u1ea3i \u0111\u01b0\u1ee3c c\u1eaft v\u00e0 c\u00e1c t\u1eeb &#8220; d\u01b0\u1edbi b\u1ea3o tr\u00ec, kh\u00f4ng b\u1eaft \u0111\u1ea7u&#8221; ph\u1ea3i treo c\u1ed5;  \u25cf  Trong khi v\u1eadn h\u00e0nh xe, nh\u00e2n vi\u00ean b\u1ecb c\u1ea5m l\u00ean ho\u1eb7c xu\u1ed1ng;  \u25cf Khi v\u00e0o m\u00e1y \u0111\u1ec3 h\u00e0n v\u00e0 c\u1eaft, c\u00e1c bi\u1ec7n ph\u00e1p an to\u00e0n ph\u1ea3i \u0111\u01b0\u1ee3c th\u1ef1c hi\u1ec7n sau khi x\u00e1c nh\u1eadn r\u1eb1ng kh\u00f4ng c\u00f3 v\u1eadt li\u1ec7u d\u1ec5 ch\u00e1y ho\u1eb7c n\u1ed5 c\u00f3 m\u1eb7t Ch\u1ec9 v\u1edbi c\u00e1c bi\u1ec7n ph\u00e1p \u0111\u1ea7y \u0111\u1ee7 c\u00f3 th\u1ec3 th\u1ef1c hi\u1ec7n ho\u1ea1t \u0111\u1ed9ng;  \u25cf Khi \u0111\u1ed9ng c\u01a1 \u0111ang ch\u1ea1y v\u00e0 \u1ed1ng kh\u00ed th\u1ea3i kh\u00f4ng l\u00e0m m\u00e1t sau khi t\u1eaft, nghi\u00eam ng\u1eb7t c\u1ea5m ti\u1ebfp x\u00fac v\u1eadt l\u00fd v\u1edbi m\u00e1y l\u1ecdc kh\u00ed th\u1ea3i \u25cf B\u1ec1 m\u1eb7t c\u1ee7a \u1ed1ng th\u1ea3i \u0111\u1ec3 tr\u00e1nh ch\u1ea5n th\u01b0\u01a1ng nghi\u00eam tr\u1ecdng nh\u01b0 b\u1ecfng;  \u25cf Khi s\u1eeda ch\u1eefa h\u1ec7 th\u1ed1ng th\u1ee7y l\u1ef1c c\u1ee7a m\u00e1y n\u00e0y, \u00e1p su\u1ea5t ph\u1ea3i \u0111\u01b0\u1ee3c gi\u1ea3m ho\u00e0n to\u00e0n tr\u01b0\u1edbc khi b\u1eaft \u0111\u1ea7u ho\u1ea1t \u0111\u1ed9ng. \u0110i\u1ec1u ki\u1ec7n s\u1eed d\u1ee5ng: 1) M\u00e1y n\u00e0y ph\u00f9 h\u1ee3p \u0111\u1ec3 s\u1eed d\u1ee5ng trong \u0111\u01b0\u1eddng h\u1ea7m c\u00f3 k\u00edch th\u01b0\u1edbc c\u1eaft ch\u00e9o 2,5 m\u00e9t (chi\u1ec1u cao) \u00d7 Trong \u0111\u01b0\u1eddng h\u1ea7m 3 m\u00e9t (chi\u1ec1u r\u1ed9ng) v\u00e0 tr\u00ean B\u00e0i t\u1eadp v\u1ec1 nh\u00e0 \u0111\u00f2i h\u1ecfi m\u1ed9t t\u1ea5m tr\u00ean v\u1eefng ch\u1eafc, b\u00e1n k\u00ednh xoay t\u1ed1i thi\u1ec3u \u2265 6 m\u00e9t \u1edf b\u00ean ngo\u00e0i v\u00e0 d\u1ed1c \u0111\u01b0\u1eddng \u2264 14 \u00b0, Th\u1ea3o gi\u00f3 v\u00e0 tho\u00e1t n\u01b0\u1edbc t\u1ed1t t\u1ea1i n\u01a1i l\u00e0m vi\u1ec7c; 2) Nhi\u1ec7t \u0111\u1ed9 xung quanh c\u1ee7a \u0111\u01b0\u1eddng h\u1ea7m l\u00e0 -5 \u2103 \u0111\u1ebfn 40 \u2103, v\u00e0 \u0111\u1ed9 \u1ea9m t\u01b0\u01a1ng \u0111\u1ed1i t\u1ed1i \u0111a kh\u00f4ng qu\u00e1 85% (nhi\u1ec7t \u0111\u1ed9 \u1edf 25 \u2103) Th\u1eddi gian)<\/p>\n<p>2.1. Th\u00f4ng s\u1ed1 k\u1ef9 thu\u1eadt c\u1ee7a to\u00e0n b\u1ed9 m\u00e1y C\u00f4ng su\u1ea5t t\u1ea3i: 0,5 t\u1ea5n C\u00f4ng su\u1ea5t h\u00e0nh kh\u00e1ch: 4 ng\u01b0\u1eddi K\u00edch th\u01b0\u1edbc h\u1ed9p: 1050mm * 1840mm * 655mm T\u1ed1c \u0111\u1ed9 l\u00e1i xe t\u1ed1i \u0111a trong b\u00e1nh r\u0103ng \u0111\u1ea7u ti\u00ean: 14 \u00b1 1,0 km \/ h B\u00e1nh r\u0103ng th\u1ee9 hai: 23 \u00b1 2,0 km \/ h B\u00e1nh r\u0103ng ng\u01b0\u1ee3c I: 14 \u00b1 1,0 km \/ h B\u00e1nh r\u0103ng ng\u01b0\u1ee3c II: 23 \u00b1 2,0 km \/ h C\u00f4ng su\u1ea5t leo l\u00ean t\u1ed1i \u0111a (t\u1ea3i n\u1eb7ng): 14 \u00b0 L\u1ef1c l\u01b0\u1ee3ng k\u00e9o t\u1ed1i \u0111a: 35 kN b\u00e1n k\u00ednh xoay: 8400 mm<\/p>\n<p>\u25cf  Phanh \u0111\u1ed7 xe: phanh m\u00f9a xo tr\u1ee5c 2.5. H\u1ec7 th\u1ed1ng l\u00e1i \u25cf  Lo\u1ea1i: l\u00e1i th\u1ee7y l\u1ef1c b\u00e1nh tr\u01b0\u1edbc M\u00e1y b\u01a1m l\u00e1i: CBGJ2016\/2016 Di chuy\u1ec3n: 16ml \/ r \u25cf  \u00c1p su\u1ea5t t\u1ed1i \u0111a c\u1ee7a h\u1ec7 th\u1ed1ng l\u00e1i: 10 MPa Thi\u1ebft b\u1ecb l\u00e1i: BZZ1-E125 Van \u1ed5n \u0111\u1ecbnh \u0111\u01a1n: FLD-F9.5W \u25cf  \u0110\u01b0\u1eddng k\u00ednh xi lanh l\u00e1i \/ \u0111\u01b0\u1eddng k\u00ednh thanh: \u03c6 55 \/ \u03c6 45 mm 2,6. H\u1ec7 th\u1ed1ng \u0111i\u1ec7n \u0110i\u1ec7n \u00e1p h\u1ec7 th\u1ed1ng: 24V DC<\/p>\n<p>&nbsp;<\/p>\n<p>&nbsp;<\/p>","protected":false},"excerpt":{"rendered":"<p><img loading=\"lazy\" decoding=\"async\" class=\"alignnone size-medium wp-image-1837\" src=\"http:\/\/www.zongdamining.com\/wp-content\/uploads\/2024\/02\/1708399430196-300x225.png\" alt=\"\" width=\"300\" height=\"225\" srcset=\"https:\/\/www.zongdamining.com\/wp-content\/uploads\/2024\/02\/1708399430196-300x225.png 300w, https:\/\/www.zongdamining.com\/wp-content\/uploads\/2024\/02\/1708399430196-1024x768.png 1024w, https:\/\/www.zongdamining.com\/wp-content\/uploads\/2024\/02\/1708399430196-768x576.png 768w, https:\/\/www.zongdamining.com\/wp-content\/uploads\/2024\/02\/1708399430196-600x450.png 600w, https:\/\/www.zongdamining.com\/wp-content\/uploads\/2024\/02\/1708399430196.png 1267w\" sizes=\"(max-width: 300px) 100vw, 300px\" \/><\/p>\n<p>Xe x\u1eed l\u00fd v\u1eadt li\u1ec7u ZDFL-0.5 l\u00e0 m\u1ed9t lo\u1ea1i thi\u1ebft b\u1ecb x\u1eed l\u00fd v\u1eadt li\u1ec7u \u0111\u01b0\u1ee3c thi\u1ebft k\u1ebf v\u00e0 s\u1ea3n xu\u1ea5t \u0111\u1eb7c bi\u1ec7t cho c\u00e1c m\u1ecf than d\u01b0\u1edbi l\u00f2ng \u0111\u1ea5t.<\/p>","protected":false},"featured_media":3165,"comment_status":"closed","ping_status":"closed","template":"","meta":{"_acf_changed":false},"product_brand":[],"product_cat":[15],"product_tag":[],"class_list":{"0":"post-1836","1":"product","2":"type-product","3":"status-publish","4":"has-post-thumbnail","6":"product_cat-trackless-mining-equipment","8":"first","9":"instock","10":"shipping-taxable","11":"product-type-simple"},"acf":[],"_links":{"self":[{"href":"https:\/\/www.zongdamining.com\/vi\/wp-json\/wp\/v2\/product\/1836","targetHints":{"allow":["GET"]}}],"collection":[{"href":"https:\/\/www.zongdamining.com\/vi\/wp-json\/wp\/v2\/product"}],"about":[{"href":"https:\/\/www.zongdamining.com\/vi\/wp-json\/wp\/v2\/types\/product"}],"replies":[{"embeddable":true,"href":"https:\/\/www.zongdamining.com\/vi\/wp-json\/wp\/v2\/comments?post=1836"}],"wp:featuredmedia":[{"embeddable":true,"href":"https:\/\/www.zongdamining.com\/vi\/wp-json\/wp\/v2\/media\/3165"}],"wp:attachment":[{"href":"https:\/\/www.zongdamining.com\/vi\/wp-json\/wp\/v2\/media?parent=1836"}],"wp:term":[{"taxonomy":"product_brand","embeddable":true,"href":"https:\/\/www.zongdamining.com\/vi\/wp-json\/wp\/v2\/product_brand?post=1836"},{"taxonomy":"product_cat","embeddable":true,"href":"https:\/\/www.zongdamining.com\/vi\/wp-json\/wp\/v2\/product_cat?post=1836"},{"taxonomy":"product_tag","embeddable":true,"href":"https:\/\/www.zongdamining.com\/vi\/wp-json\/wp\/v2\/product_tag?post=1836"}],"curies":[{"name":"WP","href":"https:\/\/api.w.org\/{rel}","templated":true}]}}