{"id":1842,"date":"2024-02-20T15:51:38","date_gmt":"2024-02-20T07:51:38","guid":{"rendered":"https:\/\/www.zongdamining.com\/?post_type=product&#038;p=1842"},"modified":"2026-01-30T16:46:34","modified_gmt":"2026-01-30T08:46:34","slug":"zdl203-underground-loader","status":"publish","type":"product","link":"https:\/\/www.zongdamining.com\/vi\/product\/zdl203-underground-loader\/","title":{"rendered":"ZDL203BH Ng\u1ea7m Di \u0111\u1ed9ng Breaker, Mini 1.5m3 LHD"},"content":{"rendered":"<p><span style=\"font-size: 18pt;\"><strong>D\u1eef li\u1ec7u k\u1ef9 thu\u1eadt\u00a0<\/strong><\/span><\/p>\n<p><span style=\"font-size: 18pt;\"><strong>ZONGDA ZDL203BH\u00a0<\/strong><\/span><\/p>\n<p><span style=\"font-size: 18pt;\"><strong>Ng\u1ea7m di \u0111\u1ed9ng Breaker,<\/strong><\/span><\/p>\n<p><span style=\"font-size: 18pt;\"><strong>Mini 1.5m3 LHD v\u1edbi B\u1ed9 ph\u00e1 th\u1ee7y l\u1ef1c H\u00e0n Qu\u1ed1c GB GBN70T c\u00f3 th\u1ec3 trao \u0111\u1ed5i<\/strong><\/span><\/p>\n<p><span style=\"font-size: 18pt;\"><strong>\u00a0<\/strong><\/span><\/p>\n<p><strong><b>M\u00e1y t\u1ea3i ng\u1ea7m ZDL203BH: N\u00e2ng cao hi\u1ec7u qu\u1ea3 khai th\u00e1c m\u1ecf kh\u00f4ng theo d\u00f5i<\/b><\/strong><\/p>\n<p>C\u00e1c <strong><b>M\u00e1y t\u1ea3i ng\u1ea7m ZDL203BH<\/b><\/strong>\u00a0\u0111\u01b0\u1ee3c x\u00e2y d\u1ef1ng cho c\u00e1c m\u1ecf ng\u1ea7m, \u0111\u01b0\u1ee3c thi\u1ebft k\u1ebf \u0111\u1eb7c bi\u1ec7t \u0111\u1ec3 c\u1ea3i thi\u1ec7n hi\u1ec7u qu\u1ea3 ho\u1ea1t \u0111\u1ed9ng k\u1ebft h\u1ee3p v\u1edbi xe t\u1ea3i khai th\u00e1c m\u1ecf trong qu\u00e1 tr\u00ecnh khai th\u00e1c m\u1ecf v\u00e0 khai th\u00e1c m\u1ecf. D\u01b0\u1edbi \u0111\u00e2y l\u00e0 c\u00e1c t\u00ednh n\u0103ng ch\u00ednh c\u1ee7a n\u00f3:<\/p>\n<ol>\n<li><b><\/b><strong><b>\u0110\u1eb7c \u0111i\u1ec3m k\u1ef9 thu\u1eadt<\/b><\/strong>:<\/li>\n<\/ol>\n<ul>\n<li><b><\/b><strong><b>H\u1ec7 th\u1ed1ng \u0111i\u1ec7n<\/b><\/strong>\u0110\u01b0\u1ee3c trang b\u1ecb \u0111\u1ed9ng c\u01a1 l\u00e0m m\u00e1t b\u1eb1ng kh\u00f4ng kh\u00ed Deutz.<\/li>\n<li><b><\/b><strong><b>Truy\u1ec1n t\u1ea3i<\/b><\/strong>S\u1eed d\u1ee5ng h\u1ed9p s\u1ed1 v\u00e0 chuy\u1ec3n \u0111\u1ed5i m\u00f4-men xo\u1eafn.<\/li>\n<li><b><\/b><strong><b>H\u1ec7 th\u1ed1ng phanh<\/b><\/strong>:\n<ul>\n<li><b><\/b><strong><b>L\u00e1i xe phanh<\/b><\/strong>: Phanh m\u00f9a xu\u00e2n \u0111a \u0111\u0129a \u01b0\u1edbt v\u1edbi gi\u1ea3i ph\u00f3ng th\u1ee7y l\u1ef1c.<\/li>\n<li><b><\/b><strong><b>Phanh \u0111\u1ed7 xe<\/b><\/strong>: phanh m\u00f9a xu\u00e2n tr\u00ean tr\u1ee5c l\u00e1i xe.<\/li>\n<\/ul>\n<\/li>\n<li><b><\/b><strong><b>Khung<\/b><\/strong>: C\u1ea5u tr\u00fac b\u1ea3n l\u1ec1 trung t\u00e2m \u0111\u1ec3 c\u1ea3i thi\u1ec7n hi\u1ec7u su\u1ea5t d\u00ednh d\u00e1ng.<\/li>\n<li><b><\/b><strong><b>l\u00e1i xe<\/b><\/strong>: H\u1ed7 tr\u1ee3 l\u00e1i th\u1ee7y l\u1ef1c v\u1edbi m\u1ed9t xi lanh l\u00e1i \u0111\u01a1n.\n<ol start=\"2\">\n<li><b><\/b><strong><b>\u0110i\u1ec3m n\u1ed5i b\u1eadt v\u1ec1 hi\u1ec7u su\u1ea5t<\/b><\/strong>:<\/li>\n<\/ol>\n<\/li>\n<li><b><\/b><strong><b>\u0110\u1ed9ng c\u01a1 diesel<\/b><\/strong>\u0110\u01b0\u1ee3c h\u1ed7 tr\u1ee3 b\u1edfi m\u1ed9t \u0111\u1ed9ng c\u01a1 diesel \u0111\u00e1ng tin c\u1eady.<\/li>\n<li><b><\/b><strong><b>\u0110\u1ed9ng c\u01a1 b\u1ed1n b\u00e1nh<\/b><\/strong>: \u0110\u1ea3m b\u1ea3o k\u00e9o v\u00e0 kh\u1ea3 n\u0103ng c\u01a1 \u0111\u1ed9ng.<\/li>\n<li><b><\/b><strong><b>L\u00e1i xe b\u00ean<\/b><\/strong>Cho ph\u00e9p linh ho\u1ea1t trong kh\u00f4ng gian ch\u1eb7t ch\u1ebd.<\/li>\n<li><b><\/b><strong><b>l\u00e1i th\u1ee7y l\u1ef1c n\u1ed1i trung t\u00e2m<\/b><\/strong>: G\u00f3c l\u00e1i l\u1edbn \u0111\u1ec3 ki\u1ec3m so\u00e1t ch\u00ednh x\u00e1c.<\/li>\n<li><b><\/b><strong><b>B\u00e1n k\u00ednh xoay nh\u1ecf<\/b><\/strong>: L\u00fd t\u01b0\u1edfng cho c\u00e1c ho\u1ea1t \u0111\u1ed9ng \u0111\u01b0\u1eddng h\u1ea7m ph\u1ea7n trung b\u00ecnh.\n<ol start=\"3\">\n<li><b><\/b><strong><b>C\u00e1c bi\u1ec7n ph\u00e1p an to\u00e0n<\/b><\/strong>:<\/li>\n<\/ol>\n<\/li>\n<li><b><\/b><strong><b>Thi\u1ebft b\u1ecb an to\u00e0n<\/b><\/strong>C\u00e1c nh\u00e0 khai th\u00e1c ph\u1ea3i \u0111eo m\u0169 b\u1ea3o hi\u1ec3m an to\u00e0n, mang theo c\u00e1c thi\u1ebft b\u1ecb t\u1ef1 c\u1ee9u v\u00e0 s\u1eed d\u1ee5ng \u0111\u00e8n khai th\u00e1c m\u1ecf khi b\u01b0\u1edbc v\u00e0o gi\u1ebfng.<\/li>\n<li><b><\/b><strong><b>B\u1ea3o tr\u00ec th\u01b0\u1eddng xuy\u00ean<\/b><\/strong>Ki\u1ec3m tra th\u01b0\u1eddng xuy\u00ean v\u00e0 gi\u1ea3i quy\u1ebft nhanh ch\u00f3ng c\u00e1c m\u1ed1i nguy hi\u1ec3m \u1ea9n.<\/li>\n<li><b><\/b><strong><b>Kh\u00f4ng b\u1ea3o tr\u00ec trong khi ho\u1ea1t \u0111\u1ed9ng<\/b><\/strong>C\u1ea5m th\u1ef1c hi\u1ec7n b\u1ea3o tr\u00ec trong khi m\u00e1y \u0111ang ch\u1ea1y.<\/li>\n<li><b><\/b><strong><b>An to\u00e0n trong qu\u00e1 tr\u00ecnh h\u00e0n \/ c\u1eaft<\/b><\/strong>X\u00e1c nh\u1eadn kh\u00f4ng c\u00f3 v\u1eadt li\u1ec7u d\u1ec5 ch\u00e1y ho\u1eb7c n\u1ed5 tr\u01b0\u1edbc khi b\u1ea3o tr\u00ec.<\/li>\n<li><b><\/b><strong><b>C\u00e1c bi\u1ec7n ph\u00e1p ph\u00f2ng ng\u1eeba \u1ed1ng th\u1ea3i<\/b><\/strong>Tr\u00e1nh ti\u1ebfp x\u00fac v\u1eadt l\u00fd v\u1edbi \u1ed1ng th\u1ea3i n\u00f3ng.<\/li>\n<li><b><\/b><strong><b>B\u1ea3o tr\u00ec h\u1ec7 th\u1ed1ng th\u1ee7y l\u1ef1c<\/b><\/strong>\u00c1p l\u1ef1c ph\u1ea3i \u0111\u01b0\u1ee3c gi\u1ea3m tr\u01b0\u1edbc khi b\u1eaft \u0111\u1ea7u s\u1eeda ch\u1eefa.<\/li>\n<\/ul>\n<p>M\u00e1y t\u1ea3i ZDL203BH \u0111\u00f3ng m\u1ed9t vai tr\u00f2 quan tr\u1ecdng trong vi\u1ec7c \u0111\u1ea1t \u0111\u01b0\u1ee3c c\u00e1c ho\u1ea1t \u0111\u1ed9ng khai th\u00e1c m\u1ecf kh\u00f4ng theo d\u00f5i hi\u1ec7u qu\u1ea3 v\u00e0 an to\u00e0n.<\/p>\n<p>&nbsp;<\/p>\n<p><strong><b>\u0110i\u1ec1u ki\u1ec7n s\u1eed d\u1ee5ng cho m\u00e1y t\u1ea3i ng\u1ea7m ZDL203BH<\/b><\/strong><\/p>\n<ol>\n<li><b><\/b><strong><b>Th\u00f4ng s\u1ed1 k\u1ef9 thu\u1eadt \u0111\u01b0\u1eddng h\u1ea7m<\/b><\/strong>:<\/li>\n<\/ol>\n<ul>\n<li>Th\u00edch h\u1ee3p cho \u0111\u01b0\u1eddng h\u1ea7m v\u1edbi k\u00edch th\u01b0\u1edbc c\u1eaft ch\u00e9o c\u1ee7a <strong><b>5 m\u00e9t (chi\u1ec1u cao) \u00d7 2,5 m\u00e9t (chi\u1ec1u r\u1ed9ng) tr\u1edf l\u00ean<\/b><\/strong>.<\/li>\n<li>Y\u00eau c\u1ea7u a <strong><b>t\u1ea5m \u0111\u1ea7u c\u00f4ng ty<\/b><\/strong>.<\/li>\n<li>B\u00e1n k\u00ednh xoay t\u1ed1i thi\u1ec3u c\u1ee7a <strong><b>\u2265 4,3 m\u00e9t<\/b><\/strong>\u1edf b\u00ean ngo\u00e0i.<\/li>\n<li>\u0110\u01b0\u1eddng d\u1ed1c n\u00ean <strong><b>\u2264 14\u00b0<\/b><\/strong>.<\/li>\n<li>Ph\u00f9 h\u1ee3p <strong><b>th\u00f4ng gi\u00f3 v\u00e0 tho\u00e1t n\u01b0\u1edbc<\/b><\/strong>t\u1ea1i n\u01a1i l\u00e0m vi\u1ec7c.\n<ol start=\"2\">\n<li><b><\/b><strong><b>Y\u1ebfu t\u1ed1 m\u00f4i tr\u01b0\u1eddng<\/b><\/strong>:<\/li>\n<\/ol>\n<\/li>\n<li>Nhi\u1ec7t \u0111\u1ed9 m\u00f4i tr\u01b0\u1eddng trong \u0111\u01b0\u1eddng h\u1ea7m: <strong><b>-5 \u00b0 C \u0111\u1ebfn 40 \u00b0 C<\/b><\/strong>.<\/li>\n<li>\u0110\u1ed9 \u1ea9m t\u01b0\u01a1ng \u0111\u1ed1i t\u1ed1i \u0111a (\u1edf 25 \u00b0 C): <strong><b>Kh\u00f4ng qu\u00e1 85%<\/b><\/strong>.<\/li>\n<li>Chi\u1ec1u cao c\u1ee7a v\u1ecb tr\u00ed s\u1eed d\u1ee5ng: <strong><b>Kh\u00f4ng v\u01b0\u1ee3t qu\u00e1 1000 m\u00e9t<\/b><\/strong>.<\/li>\n<li>\u1ede v\u00f9ng cao (tr\u00ean 1000 m\u00e9t), <strong><b>gi\u1ea3m n\u0103ng l\u01b0\u1ee3ng<\/b><\/strong>c\u1ea7n thi\u1ebft cho ho\u1ea1t \u0111\u1ed9ng.\n<ol start=\"3\">\n<li><b><\/b><strong><b>Y\u00eau c\u1ea7u nhi\u00ean li\u1ec7u<\/b><\/strong>:<\/li>\n<\/ol>\n<\/li>\n<li>H\u00e0m l\u01b0\u1ee3ng l\u01b0u hu\u1ef3nh c\u1ee7a nhi\u00ean li\u1ec7u \u0111\u01b0\u1ee3c s\u1eed d\u1ee5ng trong m\u00e1y n\u00e0y ph\u1ea3i <strong><b>Kh\u00f4ng v\u01b0\u1ee3t qu\u00e1 0,2%<\/b><\/strong>.\n<ol start=\"4\">\n<li><b><\/b><strong><b>C\u00e1c bi\u1ec7n ph\u00e1p ph\u00f2ng ng\u1eeba an to\u00e0n<\/b><\/strong>:<\/li>\n<\/ol>\n<\/li>\n<li>Ch\u1eb7t ch\u1ebd <strong><b>c\u1ea5m<\/b><\/strong>\u1edf nh\u1eefng n\u01a1i v\u1edbi <strong><b>Kh\u00ed d\u1ec5 ch\u00e1y v\u00e0 n\u1ed5<\/b><\/strong>\u00a0(nh\u01b0 kh\u00ed v\u00e0 b\u1ee5i than).<\/li>\n<\/ul>\n<p>\u0110\u1ea3m b\u1ea3o tu\u00e2n th\u1ee7 c\u00e1c \u0111i\u1ec1u ki\u1ec7n n\u00e0y \u0111\u1ec3 ho\u1ea1t \u0111\u1ed9ng an to\u00e0n v\u00e0 hi\u1ec7u qu\u1ea3 c\u1ee7a m\u00e1y t\u1ea3i ng\u1ea7m ZDL203BH.<\/p>\n<p><strong><b>V\u1ebd k\u1ef9 thu\u1eadt v\u00e0 k\u00edch th\u01b0\u1edbc:<\/b><\/strong><\/p>\n<h2><strong>M\u00e1y t\u1ea3i ng\u1ea7m ZDL203BH: Th\u00f4ng s\u1ed1 k\u1ef9 thu\u1eadt<\/strong><\/h2>\n<h3><strong><b>1. K\u00edch th\u01b0\u1edbc t\u1ed5ng th\u1ec3<\/b><\/strong><\/h3>\n<ul>\n<li><strong>T\u1ea3i tr\u1ecdng \u0111\u1ecbnh m\u1ee9c<\/strong>: 3000 kg<\/li>\n<li><strong>Chi\u1ec1u d\u00e0i t\u1ed5ng th\u1ec3<\/strong>: 6820 mm\/ 7135mm<\/li>\n<li><strong>To\u00e0n b\u1ed9 Chi\u1ec1u r\u1ed9ng m\u00e1y<\/strong>: 1640 mm\/1540mm<\/li>\n<li><strong>Chi\u1ec1u cao t\u1ed5ng th\u1ec3 (bao g\u1ed3m c\u1ea3 cabin l\u00e1i xe)<\/strong>: 2100 mm\/2150mm<\/li>\n<li><strong>C\u00f4ng su\u1ea5t x\u00f4 (SAE)<\/strong>: 1.5 m\u00b3<\/li>\n<li><strong>G\u00f3c d\u1ee1 t\u1ea3i<\/strong>: 40\u00b0<\/li>\n<li><strong>B\u00e1nh xe<\/strong>: 2511 mm<\/li>\n<li><strong>T\u1ed1i thi\u1ec3u Ground Clearance<\/strong>: \u2265 240 mm<\/li>\n<li><strong>G\u00f3c kh\u1edfi h\u00e0nh<\/strong>: 14\u00b0<\/li>\n<\/ul>\n<h3><strong><b>2. Tr\u1ecdng l\u01b0\u1ee3ng m\u00e1y<\/b><\/strong><\/h3>\n<ul>\n<li><strong>Tr\u1ecdng l\u01b0\u1ee3ng tr\u1ed1ng<\/strong>: 10800 kg \u00b1 300 kg<\/li>\n<li><strong>Tr\u1ecdng l\u01b0\u1ee3ng \u0111\u1ea7y \u0111\u1ee7<\/strong>: 13800 kg \u00b1 300 kg<\/li>\n<\/ul>\n<h3>3. <strong><b>C\u00f4ng su\u1ea5t ho\u1ea1t \u0111\u1ed9ng<\/b><\/strong><\/h3>\n<ul>\n<li><strong>T\u1ed1c \u0111\u1ed9 du l\u1ecbch (b\u00e1nh r\u0103ng)<\/strong>:<\/li>\n<\/ul>\n<ul>\n<li>B\u00e1nh r\u0103ng \u0111\u1ea7u ti\u00ean: 5 km \/ h<\/li>\n<li>B\u00e1nh r\u0103ng th\u1ee9 hai: 9 km \/ h<\/li>\n<li>Thi\u1ebft b\u1ecb th\u1ee9 ba: 19 km \/ h<\/li>\n<li>B\u00e1nh r\u0103ng th\u1ee9 t\u01b0: 20 km \/ h\n<ul>\n<li><strong>Kh\u1ea3 n\u0103ng leo n\u00fai<\/strong>: 14\u00b0<\/li>\n<li><strong>L\u1ef1c k\u00e9o t\u1ed1i \u0111a<\/strong>: \u2265 80 kN<\/li>\n<li><strong>L\u1ef1c dao t\u1ed1i \u0111a (SAE)<\/strong>: \u2265 70kN<\/li>\n<\/ul>\n<\/li>\n<\/ul>\n<h3>4. <strong><b>B\u1ec3 nhi\u00ean li\u1ec7u v\u00e0 th\u1ee7y l\u1ef1c<\/b><\/strong><\/h3>\n<ul>\n<li><strong>C\u00f4ng su\u1ea5t b\u1ec3 nhi\u00ean li\u1ec7u<\/strong>: 130 L<\/li>\n<li><strong>C\u00f4ng su\u1ea5t b\u1ec3 d\u1ea7u th\u1ee7y l\u1ef1c<\/strong>: 130 L<\/li>\n<\/ul>\n<h3>5. <strong><b>l\u00e1i xe<\/b><\/strong><\/h3>\n<ul>\n<li><strong>Trung t\u00e2m n\u1ed1i l\u00e1i th\u1ee7y l\u1ef1c<\/strong><\/li>\n<li><strong>B\u00e1n k\u00ednh xoay t\u1ed1i thi\u1ec3u<\/strong>:<\/li>\n<\/ul>\n<ul>\n<li>B\u00ean trong: 2600\/2630 \u00b1 200 mm<\/li>\n<li>Outer: 5000\/4650\u00b1 200 mm<\/li>\n<\/ul>\n<h2><strong>C\u1ea5u h\u00ecnh ch\u00ednh<\/strong><\/h2>\n<h3><strong><b>1. \u0110\u1ed9ng c\u01a1<\/b><\/strong><\/h3>\n<ul>\n<li><strong>Nh\u00e0 m\u00e1y s\u1ea3n xu\u1ea5t<\/strong>\u0110i\u1ec7n tho\u1ea1i: Deutz<\/li>\n<li><strong>M\u00f4 h\u00ecnh<\/strong>: F6L914<\/li>\n<li><strong>Ki\u1ec3u<\/strong>: \u0110\u1ed9ng c\u01a1 diesel l\u00e0m m\u00e1t b\u1eb1ng kh\u00f4ng kh\u00ed, kh\u00f4ng turbocharger<\/li>\n<li><strong>C\u00f4ng su\u1ea5t \u0111\u1ecbnh m\u1ee9c<\/strong>79 kW t\u1ea1i 2300 rpm<\/li>\n<\/ul>\n<h3><strong><b>2. B\u1ed9 chuy\u1ec3n \u0111\u1ed5i m\u00f4-men xo\u1eafn th\u1ee7y l\u1ef1c<\/b><\/strong><\/h3>\n<ul>\n<li><strong>M\u00f4 h\u00ecnh<\/strong>: YJ315,<\/li>\n<li>Trung Qu\u1ed1c t\u01b0\u01a1ng \u0111\u01b0\u01a1ng M\u00f4 h\u00ecnh c\u1ee7a DANA 272<\/li>\n<\/ul>\n<h3><strong><b>3. Truy\u1ec1n<\/b><\/strong><\/h3>\n<ul>\n<li><strong>M\u00f4 h\u00ecnh<\/strong>: YD13 644 159A,<\/li>\n<li>Trung Qu\u1ed1c t\u01b0\u01a1ng \u0111\u01b0\u01a1ng M\u00f4 h\u00ecnh c\u1ee7a DANA 20000 series<\/li>\n<\/ul>\n<h3><strong><b>4. Tr\u1ee5c l\u00e1i xe<\/b><\/strong><\/h3>\n<ul>\n<li><strong>M\u00f4 h\u00ecnh<\/strong>: 5, MEITONG<\/li>\n<li><strong>Ki\u1ec3u<\/strong>: Tr\u1ee5c l\u00e1i h\u00e0nh tinh c\u1ee9ng nh\u1eafc kh\u00f4ng c\u00f3 s\u1ef1 kh\u00e1c bi\u1ec7t SPIN<\/li>\n<\/ul>\n<h3><strong><b>5. H\u1ec7 th\u1ed1ng th\u1ee7y l\u1ef1c<\/b><\/strong><\/h3>\n<ul>\n<li><strong>Phanh l\u00e0m vi\u1ec7c<\/strong>: Phanh \u0111a \u0111\u0129a \u01b0\u1edbt v\u1edbi l\u00f2 xo \u00e1p d\u1ee5ng v\u00e0 gi\u1ea3i ph\u00f3ng th\u1ee7y l\u1ef1c<\/li>\n<li><strong>Phanh \u0111\u1ed7 xe<\/strong>: M\u00f9a xu\u00e2n \u0111\u01b0\u1ee3c \u00e1p d\u1ee5ng, th\u1ee7y l\u1ef1c \u0111\u01b0\u1ee3c gi\u1ea3i ph\u00f3ng<\/li>\n<li><strong>Van \u0111a chi\u1ec1u<\/strong>: L\u1ef1c l\u01b0\u1ee3ng d\u1ea7u<\/li>\n<li><strong>M\u00e1y b\u01a1m b\u00e1nh r\u0103ng<\/strong>S\u1ea3n ph\u1ea9m: PERMCO<\/li>\n<\/ul>","protected":false},"excerpt":{"rendered":"<p><img decoding=\"async\" class=\"alignnone size-medium wp-image-1843\" src=\"http:\/\/www.zongdamining.com\/wp-content\/uploads\/2024\/02\/IMG_473b894a97c94352b477b4c0f69fa45c-300x157.png\" alt=\"\" width=\"300\" height=\"157\" srcset=\"https:\/\/www.zongdamining.com\/wp-content\/uploads\/2024\/02\/IMG_473b894a97c94352b477b4c0f69fa45c-300x157.png 300w, https:\/\/www.zongdamining.com\/wp-content\/uploads\/2024\/02\/IMG_473b894a97c94352b477b4c0f69fa45c-600x314.png 600w, https:\/\/www.zongdamining.com\/wp-content\/uploads\/2024\/02\/IMG_473b894a97c94352b477b4c0f69fa45c.png 650w\" sizes=\"(max-width: 300px) 100vw, 300px\" \/><\/p>\n<p>M\u00e1y t\u1ea3i ng\u1ea7m ZDL203 l\u00e0 thi\u1ebft b\u1ecb t\u1ea3i v\u00e0 v\u1eadn chuy\u1ec3n kho\u1ea3ng c\u00e1ch ng\u1eafn kh\u00f4ng theo d\u00f5i \u0111\u01b0\u1ee3c thi\u1ebft k\u1ebf v\u00e0 s\u1ea3n xu\u1ea5t \u0111\u1eb7c bi\u1ec7t cho c\u00e1c m\u1ecf ng\u1ea7m<\/p>","protected":false},"featured_media":3096,"comment_status":"closed","ping_status":"closed","template":"","meta":{"_acf_changed":false},"product_brand":[],"product_cat":[15],"product_tag":[],"class_list":{"0":"post-1842","1":"product","2":"type-product","3":"status-publish","4":"has-post-thumbnail","6":"product_cat-trackless-mining-equipment","8":"first","9":"instock","10":"shipping-taxable","11":"product-type-simple"},"acf":[],"_links":{"self":[{"href":"https:\/\/www.zongdamining.com\/vi\/wp-json\/wp\/v2\/product\/1842","targetHints":{"allow":["GET"]}}],"collection":[{"href":"https:\/\/www.zongdamining.com\/vi\/wp-json\/wp\/v2\/product"}],"about":[{"href":"https:\/\/www.zongdamining.com\/vi\/wp-json\/wp\/v2\/types\/product"}],"replies":[{"embeddable":true,"href":"https:\/\/www.zongdamining.com\/vi\/wp-json\/wp\/v2\/comments?post=1842"}],"wp:featuredmedia":[{"embeddable":true,"href":"https:\/\/www.zongdamining.com\/vi\/wp-json\/wp\/v2\/media\/3096"}],"wp:attachment":[{"href":"https:\/\/www.zongdamining.com\/vi\/wp-json\/wp\/v2\/media?parent=1842"}],"wp:term":[{"taxonomy":"product_brand","embeddable":true,"href":"https:\/\/www.zongdamining.com\/vi\/wp-json\/wp\/v2\/product_brand?post=1842"},{"taxonomy":"product_cat","embeddable":true,"href":"https:\/\/www.zongdamining.com\/vi\/wp-json\/wp\/v2\/product_cat?post=1842"},{"taxonomy":"product_tag","embeddable":true,"href":"https:\/\/www.zongdamining.com\/vi\/wp-json\/wp\/v2\/product_tag?post=1842"}],"curies":[{"name":"WP","href":"https:\/\/api.w.org\/{rel}","templated":true}]}}