{"id":1847,"date":"2024-02-20T16:18:09","date_gmt":"2024-02-20T08:18:09","guid":{"rendered":"https:\/\/www.zongdamining.com\/?post_type=product&#038;p=1847"},"modified":"2026-01-22T11:20:30","modified_gmt":"2026-01-22T03:20:30","slug":"zusl-3x-underground-scissor-lift-utility-vehicle","status":"publish","type":"product","link":"https:\/\/www.zongdamining.com\/vi\/product\/zusl-3x-underground-scissor-lift-utility-vehicle\/","title":{"rendered":"ZUSL-3X Heavy Duty Underground Scissor Lift Utility Vehicle cho ho\u1ea1t \u0111\u1ed9ng \u0111\u1ecba \u0111i\u1ec3m m\u1ecf ng\u1ea7m"},"content":{"rendered":"<p><img fetchpriority=\"high\" decoding=\"async\" class=\"alignnone size-medium wp-image-1849\" src=\"http:\/\/www.zongdamining.com\/wp-content\/uploads\/2024\/02\/IMG_12ad311039b646459870ebc4cc82e18c-300x200.png\" alt=\"\" width=\"300\" height=\"200\" srcset=\"https:\/\/www.zongdamining.com\/wp-content\/uploads\/2024\/02\/IMG_12ad311039b646459870ebc4cc82e18c-300x200.png 300w, https:\/\/www.zongdamining.com\/wp-content\/uploads\/2024\/02\/IMG_12ad311039b646459870ebc4cc82e18c-1024x682.png 1024w, https:\/\/www.zongdamining.com\/wp-content\/uploads\/2024\/02\/IMG_12ad311039b646459870ebc4cc82e18c-768x511.png 768w, https:\/\/www.zongdamining.com\/wp-content\/uploads\/2024\/02\/IMG_12ad311039b646459870ebc4cc82e18c-600x399.png 600w, https:\/\/www.zongdamining.com\/wp-content\/uploads\/2024\/02\/IMG_12ad311039b646459870ebc4cc82e18c.png 1140w\" sizes=\"(max-width: 300px) 100vw, 300px\" \/> <img decoding=\"async\" class=\"alignnone size-medium wp-image-1850\" src=\"http:\/\/www.zongdamining.com\/wp-content\/uploads\/2024\/02\/IMG_c1c3468011f347b2aa8313b8723e807e-300x200.png\" alt=\"\" width=\"300\" height=\"200\" srcset=\"https:\/\/www.zongdamining.com\/wp-content\/uploads\/2024\/02\/IMG_c1c3468011f347b2aa8313b8723e807e-300x200.png 300w, https:\/\/www.zongdamining.com\/wp-content\/uploads\/2024\/02\/IMG_c1c3468011f347b2aa8313b8723e807e-1024x682.png 1024w, https:\/\/www.zongdamining.com\/wp-content\/uploads\/2024\/02\/IMG_c1c3468011f347b2aa8313b8723e807e-768x511.png 768w, https:\/\/www.zongdamining.com\/wp-content\/uploads\/2024\/02\/IMG_c1c3468011f347b2aa8313b8723e807e-600x399.png 600w, https:\/\/www.zongdamining.com\/wp-content\/uploads\/2024\/02\/IMG_c1c3468011f347b2aa8313b8723e807e.png 1140w\" sizes=\"(max-width: 300px) 100vw, 300px\" \/><\/p>\n<p>Xe n\u1ec1n t\u1ea3ng n\u00e2ng ZUSL-3X \u0111\u01b0\u1ee3c h\u1ed7 tr\u1ee3 b\u1edfi \u0111\u1ed9ng c\u01a1 diesel, v\u1edbi truy\u1ec1n c\u01a1 kh\u00ed th\u1ee7y l\u1ef1c, \u1ed5 \u0111\u1ea9y b\u1ed1n b\u00e1nh, l\u00e1i ph\u00eda tr\u01b0\u1edbc, l\u00e1i n\u1ed1i ho\u00e0n to\u00e0n th\u1ee7y l\u1ef1c, g\u00f3c l\u00e1i l\u1edbn, xoay linh ho\u1ea1t v\u00e0 b\u00e1n k\u00ednh xoay nh\u1ecf. N\u00f3 ph\u00f9 h\u1ee3p cho c\u00e1c ho\u1ea1t \u0111\u1ed9ng \u0111\u01b0\u1eddng h\u1ea7m c\u1eaft ch\u00e9o trung b\u00ecnh v\u00e0 c\u00f3 c\u00e1c \u0111\u1eb7c \u0111i\u1ec3m k\u1ef9 thu\u1eadt sau: \u25cf H\u1ec7 th\u1ed1ng \u0111i\u1ec7n \u00e1p d\u1ee5ng \u0111\u1ed9ng c\u01a1 \u00f4 nhi\u1ec5m th\u1ea5p l\u00e0m m\u00e1t b\u1eb1ng n\u01b0\u1edbc Deutz;  \u25cf H\u1ec7 th\u1ed1ng truy\u1ec1n t\u1ea3i \u0111i\u1ec7n \u00e1p d\u1ee5ng truy\u1ec1n t\u1ea3i chuy\u1ec3n \u0111\u1ed9ng \u0111i\u1ec7n DANA, tr\u1ee5c \u1ed5 \u0111\u1ea9y DANA v\u00e0 l\u1ed1p ch\u1ed1ng c\u1eaft m\u00f4 h\u00ecnh khai th\u00e1c m\u1ecf;  \u25cf  Phanh d\u1ecbch v\u1ee5 \u00e1p d\u1ee5ng phanh th\u1ee7y l\u1ef1c \u0111a \u0111\u0129a \u01b0\u1edbt; Van l\u00e0m \u0111\u1ea7y MICO v\u00e0 van phanh; Phanh \u0111\u1ed7 xe \u00e1p d\u1ee5ng van h\u01b0\u1edbng d\u1eabn th\u1ee7 c\u00f4ng \u0111\u1ec3 ki\u1ec3m so\u00e1t phanh l\u00f2 xo tr\u1ee5c, \u0111\u1ea3m b\u1ea3o an to\u00e0n v\u00e0 \u0111\u1ed9 tin c\u1eady;  \u25cf Khung l\u00e0 m\u1ed9t c\u1ea5u tr\u00fac kh\u1edbp v\u1edbi hi\u1ec7u su\u1ea5t \u0111\u00e1ng tin c\u1eady;  \u25cf Ch\u1ea5p nh\u1eadn m\u1ed9t cabin \u0111\u00f3ng l\u00e0 an to\u00e0n h\u01a1n v\u00e0 tho\u1ea3i m\u00e1i h\u01a1n.<\/p>\n<p>C\u1ea3nh b\u00e1o an to\u00e0n \u25cf Ng\u01b0\u1eddi v\u1eadn h\u00e0nh m\u00e1y n\u00e0y ph\u1ea3i \u0111eo m\u0169 b\u1ea3o hi\u1ec3m an to\u00e0n v\u00e0 mang theo m\u1ed9t thi\u1ebft b\u1ecb t\u1ef1 c\u1ee9u v\u00e0 th\u1ee3 m\u1ecf&#8217; s \u0111\u00e8n v\u1edbi h\u1ecd khi v\u00e0o gi\u1ebfng;  \u25cf M\u00e1y n\u00e0y ph\u1ea3i \u0111\u01b0\u1ee3c b\u1ea3o tr\u00ec v\u00e0 ki\u1ec3m tra th\u01b0\u1eddng xuy\u00ean, v\u00e0 b\u1ea5t k\u1ef3 m\u1ed1i nguy hi\u1ec3m \u1ea9n n\u00e0o n\u00ean \u0111\u01b0\u1ee3c gi\u1ea3i quy\u1ebft nhanh ch\u00f3ng;  \u25cf C\u1ea5m th\u1ef1c hi\u1ec7n b\u1ea3o tr\u00ec trong khi m\u00e1y \u0111ang ch\u1ea1y;  \u25cf Khi m\u00e1y \u0111ang tr\u1ea3i qua b\u1ea3o tr\u00ec, ngu\u1ed3n cung c\u1ea5p \u0111i\u1ec7n ph\u1ea3i \u0111\u01b0\u1ee3c c\u1eaft v\u00e0 c\u00e1c t\u1eeb &#8220; d\u01b0\u1edbi b\u1ea3o tr\u00ec, kh\u00f4ng b\u1eaft \u0111\u1ea7u&#8221; ph\u1ea3i treo c\u1ed5;  \u25cf  qu\u00e1 t\u1ea3i \u0111\u01b0\u1ee3c c\u1ea5m tr\u00ean n\u1ec1n t\u1ea3ng;  \u25cf Khi h\u00e0n v\u00e0 c\u1eaft, c\u1ea7n \u0111\u1ea3m b\u1ea3o r\u1eb1ng kh\u00f4ng c\u00f3 v\u1eadt li\u1ec7u d\u1ec5 ch\u00e1y ho\u1eb7c n\u1ed5 tr\u00ean xe tr\u01b0\u1edbc khi ho\u1ea1t \u0111\u1ed9ng;<\/p>\n<p>\u25cf Khi \u0111\u1ed9ng c\u01a1 \u0111ang ch\u1ea1y v\u00e0 \u1ed1ng th\u1ea3i kh\u00f4ng l\u00e0m m\u00e1t sau khi t\u1eaft, nghi\u00eam ng\u1eb7t c\u1ea5m ch\u1ea1m v\u00e0o b\u1ec1 m\u1eb7t c\u1ee7a m\u00e1y l\u1ecdc kh\u00ed th\u1ea3i v\u00e0 \u1ed1ng th\u1ea3i \u0111\u1ec3 tr\u00e1nh ch\u1ea5n th\u01b0\u01a1ng nghi\u00eam tr\u1ecdng nh\u01b0 b\u1ecfng;  \u25cf Khi s\u1eeda ch\u1eefa h\u1ec7 th\u1ed1ng th\u1ee7y l\u1ef1c c\u1ee7a m\u00e1y n\u00e0y, \u00e1p su\u1ea5t ph\u1ea3i \u0111\u01b0\u1ee3c gi\u1ea3m ho\u00e0n to\u00e0n tr\u01b0\u1edbc khi ho\u1ea1t \u0111\u1ed9ng c\u00f3 th\u1ec3 b\u1eaft \u0111\u1ea7u.<\/p>\n<p>1) M\u00e1y n\u00e0y ph\u00f9 h\u1ee3p \u0111\u1ec3 s\u1eed d\u1ee5ng trong \u0111\u01b0\u1eddng h\u1ea7m c\u00f3 k\u00edch th\u01b0\u1edbc c\u1eaft ch\u00e9o 3 m\u00e9t (cao) \u00d7 Trong \u0111\u01b0\u1eddng h\u1ea7m 3 m\u00e9t (chi\u1ec1u r\u1ed9ng) v\u00e0 tr\u00ean V\u1eadn h\u00e0nh \u0111\u00f2i h\u1ecfi m\u1ed9t t\u1ea5m tr\u00ean v\u1eefng ch\u1eafc, b\u00e1n k\u00ednh xoay t\u1ed1i thi\u1ec3u \u2265 6,25 m \u1edf b\u00ean ngo\u00e0i v\u00e0 d\u1ed1c \u0111\u01b0\u1eddng \u2264 14 \u00b0, T\u00ecm ki\u1ebfm th\u00f4ng gi\u00f3 v\u00e0 tho\u00e1t n\u01b0\u1edbc t\u1ed1t t\u1ea1i n\u01a1i l\u00e0m vi\u1ec7c; 2) Nhi\u1ec7t \u0111\u1ed9 xung quanh c\u1ee7a \u0111\u01b0\u1eddng h\u1ea7m l\u00e0 -5 \u2103 ~ 40 \u2103, v\u00e0 \u0111\u1ed9 \u1ea9m t\u01b0\u01a1ng \u0111\u1ed1i t\u1ed1i \u0111a kh\u00f4ng qu\u00e1 85% (\u1edf nhi\u1ec7t \u0111\u1ed9 25 \u2103) Gi\u1edd); 3) H\u00e0m l\u01b0\u1ee3ng l\u01b0u hu\u1ef3nh c\u1ee7a nhi\u00ean li\u1ec7u \u0111\u01b0\u1ee3c s\u1eed d\u1ee5ng trong m\u00e1y n\u00e0y kh\u00f4ng \u0111\u01b0\u1ee3c v\u01b0\u1ee3t qu\u00e1 0,2%; 4) M\u00e1y n\u00e0y b\u1ecb c\u1ea5m nghi\u00eam ng\u1eb7t s\u1eed d\u1ee5ng \u1edf nh\u1eefng n\u01a1i c\u00f3 kh\u00ed d\u1ec5 ch\u00e1y v\u00e0 n\u1ed5 nh\u01b0 kh\u00ed v\u00e0 b\u1ee5i than;<\/p>\n<p>2.1. Th\u00f4ng s\u1ed1 k\u1ef9 thu\u1eadt \u25cf  T\u1ea3i tr\u1ecdng \u0111\u1ecbnh m\u1ee9c c\u1ee7a n\u1ec1n t\u1ea3ng: 3000kg \u25cf  Chi\u1ec1u cao n\u1ec1n t\u1ea3ng t\u1ed1i \u0111a: 5000mm \u25cf  T\u1ed1c \u0111\u1ed9 l\u00e1i xe t\u1ed1i \u0111a trong b\u00e1nh r\u0103ng I: 5 km \/ h B\u00e1nh r\u0103ng th\u1ee9 hai: 11 km \/ h B\u00e1nh r\u0103ng th\u1ee9 ba: 26 km \/ h B\u00e1nh r\u0103ng ng\u01b0\u1ee3c I: 5 km \/ h B\u00e1nh r\u0103ng ng\u01b0\u1ee3c II: 11 km \/ h B\u00e1nh r\u0103ng ng\u01b0\u1ee3c th\u1ee9 ba: 26 km \/ h<\/p>\n<p>\u25cf  Kh\u1ea3 n\u0103ng leo l\u00ean t\u1ed1i \u0111a (t\u1ea3i n\u1eb7ng): 14 \u00b0 \u25cf  L\u1ef1c k\u00e9o t\u1ed1i \u0111a: 80 kN \u25cf  B\u00e1n k\u00ednh xoay: 6610 mm \u25cf  Chi\u1ec1u cao t\u1ed1i \u0111a c\u1ee7a to\u00e0n b\u1ed9 m\u00e1y: 2210 mm \u25cf  G\u00f3c l\u00e1i: \u00b1 40 \u00b0 \u25cf  Kho\u1ea3ng c\u00e1ch m\u1eb7t \u0111\u1ea5t t\u1ed1i thi\u1ec3u: 295 mm \u25cf  K\u00edch th\u01b0\u1edbc t\u1ed5ng th\u1ec3 (chi\u1ec1u d\u00e0i \u00d7 r\u1ed9ng \u00d7 chi\u1ec1u cao: 7850 mmx1800 mmx2210 mm \u25cf  Tr\u1ecdng l\u01b0\u1ee3ng ho\u1ea1t \u0111\u1ed9ng c\u1ee7a to\u00e0n b\u1ed9 m\u00e1y: 9500Kg 2.2. \u0110\u1ed9ng c\u01a1 \u25cf \u0110\u1ed9ng c\u01a1: \u0110\u1ed9ng c\u01a1 \u00f4 nhi\u1ec5m th\u1ea5p l\u00e0m m\u00e1t b\u1eb1ng n\u01b0\u1edbc Deutz \u25cf C\u00f4ng su\u1ea5t \u0111\u1ecbnh m\u1ee9c \/ t\u1ed1c \u0111\u1ed9 \u0111\u1ecbnh m\u1ee9c: 115 kW \/ 2200 r \/ min \u25cf M\u00f4-men xo\u1eafn \u0111\u1ea7u ra t\u1ed1i \u0111a: 750 N \u00b7 m @ 1500 r \/ min \u25cf  Ph\u01b0\u01a1ng ph\u00e1p b\u1eaft \u0111\u1ea7u: b\u1eaft \u0111\u1ea7u b\u1eb1ng \u0111i\u1ec7n \u25cf  Ph\u01b0\u01a1ng ph\u00e1p ph\u00e1t th\u1ea3i kh\u00ed th\u1ea3i: thanh l\u1ecdc ba l\u1ea7n, thanh l\u1ecdc v\u00e0 gi\u1ea3m ti\u1ebfng \u1ed3n \u25cf  Ki\u1ec3m so\u00e1t gaay: b\u1ed9 \u0111i\u1ec1u khi\u1ec3n gaay th\u1ee7y l\u1ef1c 2.3. H\u1ec7 th\u1ed1ng truy\u1ec1n \u25cf M\u00f4 h\u00ecnh truy\u1ec1n: DANA IT20320B \u25cf M\u00f4 h\u00ecnh tr\u1ee5c l\u00e1i: DANA112 T\u1ef7 l\u1ec7 t\u1ed1c \u0111\u1ed9 t\u1ed5ng c\u1ed9ng: 23,25 \u25cf  L\u1ed1p xe: L\u1ed1p xe b\u01a1m h\u01a1i 2.4. H\u1ec7 th\u1ed1ng phanh \u25cf B\u01a1m phanh: P124ADUZA07 Di chuy\u1ec3n: 15.2ml \/ r \u25cf \u00c1p su\u1ea5t t\u1ed1i \u0111a c\u1ee7a h\u1ec7 th\u1ed1ng phanh: 10,5 MPa \u25cf  Phanh d\u1ecbch v\u1ee5: phanh \u0111a \u0111\u0129a \u01b0\u1edbt M\u00f4 h\u00ecnh van phanh: GL810-244-069 \u00c1p su\u1ea5t gi\u1ea3i ph\u00f3ng: 69 bar \u25cf  Phanh \u0111\u1ed7 xe: phanh m\u00f9a xu\u00e2n g\u00f3i tr\u1ee5c 2.5. H\u1ec7 th\u1ed1ng l\u00e1i \u25cf  Lo\u1ea1i: l\u00e1i th\u1ee7y l\u1ef1c n\u1ed1i \u25cf B\u01a1m l\u00e1i: PB5100A331 Di chuy\u1ec3n: 52.7ml \/ r<\/p>\n<p>\u25cf \u00c1p su\u1ea5t t\u1ed1i \u0111a c\u1ee7a h\u1ec7 th\u1ed1ng l\u00e1i: 16 MPa \u25cf Thi\u1ebft b\u1ecb l\u00e1i: BZZ-E630 \u25cf Van \u1ed5n \u0111\u1ecbnh \u0111\u01a1n: FLD-F48W \u25cf  \u0110\u01b0\u1eddng k\u00ednh xi lanh l\u00e1i \/ \u0111\u01b0\u1eddng k\u00ednh thanh: \u03c6 80 \/ \u03c6 45 mm 2,6. H\u1ec7 th\u1ed1ng \u0111i\u1ec7n \u25cf \u0110i\u1ec7n \u00e1p h\u1ec7 th\u1ed1ng: 24V DC \u25cf \u0110i\u1ec7n \u00e1p \/ c\u00f4ng su\u1ea5t \u0111\u1ed9ng c\u01a1 b\u1eaft \u0111\u1ea7u: 24 V \/ 6 KW \u25cf  \u00c1nh s\u00e1ng: 2 \u0111\u00e8n tr\u01b0\u1edbc, 2 \u00d7 42W, 24V 2 \u0111\u00e8n sau, 2 \u00d7 42W, 24V 2 \u0111\u00e8n tr\u01b0\u1edbc, 2 \u00d7 18W, 24V 2 \u0111\u00e8n t\u00edn hi\u1ec7u khai th\u00e1c m\u1ecf, 24 V 1 \u0111\u00e8n tr\u1ea7n cabin, 24 V 2.7. Kh\u1ed1i l\u01b0\u1ee3ng b\u1ec3 \u25cf B\u1ec3 ch\u1ee9a d\u1ea7u th\u1ee7y l\u1ef1c: 120 L \u25cf B\u1ec3 nhi\u00ean li\u1ec7u: 120 L \u25cf Truy\u1ec1n t\u1ea3i: 25 L \u25cf  Ph\u1ea7n truy\u1ec1n t\u1ea3i tr\u1ee5c l\u00e1i xe ch\u00ednh: 17L \u00d7 hai \u25cf Ph\u1ea7n gi\u1ea3m b\u00e1nh xe tr\u1ee5c l\u00e1i xe: 3,5 L \u00d7 b\u1ed1n \u25cf D\u1ea7u b\u00f4i tr\u01a1n \u0111\u1ed9ng c\u01a1: 7.7L<\/p>","protected":false},"excerpt":{"rendered":"<p><img decoding=\"async\" class=\"alignnone size-medium wp-image-1848\" src=\"http:\/\/www.zongdamining.com\/wp-content\/uploads\/2024\/02\/IMG_1c504d5507f348d19739d33d8c1747e6-300x200.png\" alt=\"\" width=\"300\" height=\"200\" srcset=\"https:\/\/www.zongdamining.com\/wp-content\/uploads\/2024\/02\/IMG_1c504d5507f348d19739d33d8c1747e6-300x200.png 300w, https:\/\/www.zongdamining.com\/wp-content\/uploads\/2024\/02\/IMG_1c504d5507f348d19739d33d8c1747e6-1024x683.png 1024w, https:\/\/www.zongdamining.com\/wp-content\/uploads\/2024\/02\/IMG_1c504d5507f348d19739d33d8c1747e6-768x512.png 768w, https:\/\/www.zongdamining.com\/wp-content\/uploads\/2024\/02\/IMG_1c504d5507f348d19739d33d8c1747e6-600x400.png 600w, https:\/\/www.zongdamining.com\/wp-content\/uploads\/2024\/02\/IMG_1c504d5507f348d19739d33d8c1747e6.png 1140w\" sizes=\"(max-width: 300px) 100vw, 300px\" \/><\/p>\n<p>Xe t\u1ea3i n\u1ec1n t\u1ea3ng n\u00e2ng ZUSL-3X l\u00e0 m\u1ed9t thi\u1ebft b\u1ecb n\u1ec1n t\u1ea3ng n\u00e2ng kh\u00f4ng theo d\u00f5i \u0111\u01b0\u1ee3c thi\u1ebft k\u1ebf v\u00e0 s\u1ea3n xu\u1ea5t \u0111\u1eb7c bi\u1ec7t cho c\u00e1c m\u1ecf ng\u1ea7m.<\/p>","protected":false},"featured_media":3082,"comment_status":"closed","ping_status":"closed","template":"","meta":{"_acf_changed":false},"product_brand":[],"product_cat":[15],"product_tag":[],"class_list":{"0":"post-1847","1":"product","2":"type-product","3":"status-publish","4":"has-post-thumbnail","6":"product_cat-trackless-mining-equipment","8":"first","9":"instock","10":"shipping-taxable","11":"product-type-simple"},"acf":[],"_links":{"self":[{"href":"https:\/\/www.zongdamining.com\/vi\/wp-json\/wp\/v2\/product\/1847","targetHints":{"allow":["GET"]}}],"collection":[{"href":"https:\/\/www.zongdamining.com\/vi\/wp-json\/wp\/v2\/product"}],"about":[{"href":"https:\/\/www.zongdamining.com\/vi\/wp-json\/wp\/v2\/types\/product"}],"replies":[{"embeddable":true,"href":"https:\/\/www.zongdamining.com\/vi\/wp-json\/wp\/v2\/comments?post=1847"}],"wp:featuredmedia":[{"embeddable":true,"href":"https:\/\/www.zongdamining.com\/vi\/wp-json\/wp\/v2\/media\/3082"}],"wp:attachment":[{"href":"https:\/\/www.zongdamining.com\/vi\/wp-json\/wp\/v2\/media?parent=1847"}],"wp:term":[{"taxonomy":"product_brand","embeddable":true,"href":"https:\/\/www.zongdamining.com\/vi\/wp-json\/wp\/v2\/product_brand?post=1847"},{"taxonomy":"product_cat","embeddable":true,"href":"https:\/\/www.zongdamining.com\/vi\/wp-json\/wp\/v2\/product_cat?post=1847"},{"taxonomy":"product_tag","embeddable":true,"href":"https:\/\/www.zongdamining.com\/vi\/wp-json\/wp\/v2\/product_tag?post=1847"}],"curies":[{"name":"WP","href":"https:\/\/api.w.org\/{rel}","templated":true}]}}