{"id":1851,"date":"2024-03-04T14:16:56","date_gmt":"2024-03-04T06:16:56","guid":{"rendered":"https:\/\/www.zongdamining.com\/?post_type=product&#038;p=1851"},"modified":"2026-01-27T15:54:28","modified_gmt":"2026-01-27T07:54:28","slug":"zdl-215c-underground-loader-0-75-m%c2%b3bucket-volume-with-1-5-ton-tramming-capacity","status":"publish","type":"product","link":"https:\/\/www.zongdamining.com\/vi\/product\/zdl-215c-underground-loader-0-75-m%c2%b3bucket-volume-with-1-5-ton-tramming-capacity\/","title":{"rendered":"M\u00e1y t\u1ea3i ng\u1ea7m ZDL 215C Kh\u1ed1i l\u01b0\u1ee3ng x\u00f4 0,75 m\u00b3 v\u1edbi c\u00f4ng su\u1ea5t xe \u0111i\u1ec7n 1,5 t\u1ea5n"},"content":{"rendered":"<p><img fetchpriority=\"high\" decoding=\"async\" class=\"alignnone size-medium wp-image-1852\" src=\"http:\/\/www.zongdamining.com\/wp-content\/uploads\/2024\/03\/ZDL-215C-Underground-Loader-300x225.jpg\" alt=\"\" width=\"300\" height=\"225\" srcset=\"https:\/\/www.zongdamining.com\/wp-content\/uploads\/2024\/03\/ZDL-215C-Underground-Loader-300x225.jpg 300w, https:\/\/www.zongdamining.com\/wp-content\/uploads\/2024\/03\/ZDL-215C-Underground-Loader-1024x766.jpg 1024w, https:\/\/www.zongdamining.com\/wp-content\/uploads\/2024\/03\/ZDL-215C-Underground-Loader-768x575.jpg 768w, https:\/\/www.zongdamining.com\/wp-content\/uploads\/2024\/03\/ZDL-215C-Underground-Loader-600x449.jpg 600w, https:\/\/www.zongdamining.com\/wp-content\/uploads\/2024\/03\/ZDL-215C-Underground-Loader.jpg 1503w\" sizes=\"(max-width: 300px) 100vw, 300px\" \/><\/p>\n<ol>\n<li><b><\/b>\u0110\u1eb7c \u0111i\u1ec3m v\u00e0 t\u00ednh n\u0103ng hi\u1ec7u su\u1ea5t s\u1ea3n ph\u1ea9m<br \/>\n<h2><span style=\"font-size: 12pt;\">1. \u0110\u1ed9ng c\u01a1 \u0111\u01b0\u1ee3c cung c\u1ea5p b\u1edfi Cummins&#8217; Th\u1ebf h\u1ec7 m\u1edbi nh\u1ea5t c\u1ee7a \u0111\u1ed9ng c\u01a1 ph\u00e1t th\u1ea3i c\u00f4ng su\u1ea5t cao Euro III, s\u1ebd b\u00e1n 69.000 \u0111\u01a1n v\u1ecb trong ng\u00e0nh c\u00f4ng nghi\u1ec7p m\u00e1y m\u00f3c x\u00e2y d\u1ef1ng Trung Qu\u1ed1c v\u00e0o n\u0103m 2020 v\u00e0 h\u01a1n 72.000 \u0111\u01a1n v\u1ecb v\u00e0o n\u0103m 2021. Ch\u1ee7 y\u1ebfu \u0111\u01b0\u1ee3c s\u1eed d\u1ee5ng trong k\u1ef9 thu\u1eadt, m\u00e1y x\u00fac, \u0111\u1eb7c bi\u1ec7t l\u00e0 6-8 t\u1ea5n m\u00e1y x\u00fac, \u0111\u1ed9ng c\u01a1 Cummins chi\u1ebfm h\u01a1n 60% th\u1ecb ph\u1ea7n, c\u0169ng l\u00e0 l\u1ef1a ch\u1ecdn \u0111\u1ea7u ti\u00ean c\u1ee7a nhi\u1ec1u ng\u01b0\u1eddi d\u00f9ng m\u1ecf.<\/span><\/h2>\n<ol start=\"2\">\n<li>To\u00e0n b\u1ed9 xe \u0111\u01b0\u1ee3c trang b\u1ecb b\u1ed9 chuy\u1ec3n \u0111\u1ed5i x\u00fac t\u00e1c ba chi\u1ec1u kh\u00f4 v\u00e0 c\u00e1c th\u00e0nh ph\u1ea7n c\u1ed1t l\u00f5i<\/li>\n<\/ol>\n<p>\u0111\u01b0\u1ee3c l\u00e0m b\u1eb1ng l\u00f5i g\u1ed1m b\u1ea1ch kim ECS c\u1ee7a Canada, c\u00f3 hi\u1ec7u \u1ee9ng thanh l\u1ecdc r\u00f5 r\u00e0ng, gi\u1ea3m \u00f4 nhi\u1ec5m kh\u00f4ng kh\u00ed hi\u1ec7u qu\u1ea3 v\u00e0 c\u1ea3i thi\u1ec7n m\u00f4i tr\u01b0\u1eddng l\u00e0m vi\u1ec7c d\u01b0\u1edbi l\u1ed7.<\/p>\n<p>3. Khung xe v\u00e0 t\u1ea5m \u0111\u01b0\u1ee3c l\u1ef1a ch\u1ecdn t\u1eeb th\u00e9p h\u1ee3p kim th\u1ea5p Jigang Q345B l\u00e0m v\u1eadt li\u1ec7u ch\u00ednh c\u1ee7a khung, v\u00e0 gi\u1edbi h\u1ea1n n\u0103ng su\u1ea5t th\u1ea5p h\u01a1n c\u1ee7a v\u1eadt li\u1ec7u l\u00e0 kho\u1ea3ng 345Mpa, c\u00f3 th\u1ec3 ch\u1ecbu \u0111\u01b0\u1ee3c c\u00e1c t\u1ea3i tr\u1ecdng kh\u00e1c nhau t\u1eeb b\u00ean trong v\u00e0 b\u00ean ngo\u00e0i Kh\u00f4ng ch\u1ec9 \u0111\u01b0\u1ee3c \u0111\u1ea3m b\u1ea3o s\u1ee9c m\u1ea1nh, m\u00e0 c\u00f2n h\u00e0n v\u00e0 h\u00ecnh th\u00e0nh b\u1edfi b\u1ea3y quy tr\u00ecnh nh\u01b0 b\u00ecnh th\u01b0\u1eddng h\u00f3a, l\u00e3o h\u00f3a, phun c\u00e1t, ch\u1ed1ng \u0103n m\u00f2n, v.v., v\u00ec v\u1eady n\u00f3 \u0111\u00e1p \u1ee9ng c\u00e1c y\u00eau c\u1ea7u c\u1ee7a khung v\u00e0 thi\u1ebft b\u1ecb l\u00e0m vi\u1ec7c cho c\u1ea5u tr\u00fac, s\u1ee9c m\u1ea1nh, chuy\u1ec3n \u0111\u1ed9ng v\u00e0 s\u1edbm. 4. To\u00e0n b\u1ed9 tay \u00e1o \u0111\u1ed3ng m\u00e1y th\u00f4ng qua \u0111\u1ed3ng l\u1ef1c cao v\u00e0 ch\u1ea5t l\u00e0m \u0111\u1ea7y graphite h\u00ecnh tr\u1ee5 nh\u00fang theo \u0111\u01b0\u1eddng \u5f84 \u0111\u01b0\u1ee3c s\u1eafp x\u1ebfp m\u1ed9t c\u00e1ch c\u00f3 tr\u1eadt t\u1ef1 nh\u01b0 m\u1ed9t v\u1eadt li\u1ec7u ma s\u00e1t, v\u00e0 b\u00f4i tr\u01a1n r\u1eafn nh\u00fang d\u1ec5 d\u00e0ng t\u1ea1o th\u00e0nh m\u1ed9t b\u1ed9 phim b\u00f4i tr\u01a1n, \u0111\u00f3ng vai tr\u00f2 tuy\u1ec7t v\u1eddi trong ma s\u00e1t v\u00e0 hi\u1ec7u su\u1ea5t m\u00e0i m\u00f2n c\u1ee7a n\u00f3, v\u00e0 c\u00f3 \u0111\u1eb7c \u0111i\u1ec3m tuy\u1ec7t v\u1eddi c\u1ee7a \u0111\u1ed9 ma s\u00e1t cao, kh\u1ea3 n\u0103ng ch\u1ecbu \u0111\u1ef1ng m\u1ea1nh m\u1ebd v\u00e0 kh\u1ea3 n\u0103ng ch\u1ed1ng m\u00e0i m\u00f2n t\u1ed1t.<img decoding=\"async\" class=\"alignnone size-medium wp-image-1853\" src=\"http:\/\/www.zongdamining.com\/wp-content\/uploads\/2024\/03\/ZDL-215C-Underground-Loader-1-300x235.jpg\" alt=\"\" width=\"300\" height=\"235\" srcset=\"https:\/\/www.zongdamining.com\/wp-content\/uploads\/2024\/03\/ZDL-215C-Underground-Loader-1-300x235.jpg 300w, https:\/\/www.zongdamining.com\/wp-content\/uploads\/2024\/03\/ZDL-215C-Underground-Loader-1-1024x802.jpg 1024w, https:\/\/www.zongdamining.com\/wp-content\/uploads\/2024\/03\/ZDL-215C-Underground-Loader-1-768x602.jpg 768w, https:\/\/www.zongdamining.com\/wp-content\/uploads\/2024\/03\/ZDL-215C-Underground-Loader-1-600x470.jpg 600w, https:\/\/www.zongdamining.com\/wp-content\/uploads\/2024\/03\/ZDL-215C-Underground-Loader-1.jpg 1132w\" sizes=\"(max-width: 300px) 100vw, 300px\" \/><\/p>\n<ol>\n<li>Th\u00f4ng s\u1ed1 k\u1ef9 thu\u1eadt ch\u00ednh<\/li>\n<\/ol>\n<p>&nbsp;<\/p>\n<p><strong>\u00a0<\/strong><\/p>\n<p>5. Th\u00f4ng qua s\u1ef1 \u0111\u1ed5i m\u1edbi c\u00f4ng ngh\u1ec7, k\u1ebft n\u1ed1i tr\u1ef1c ti\u1ebfp c\u1ee7a m\u00e1y b\u01a1m b\u00e1nh r\u0103ng v\u00e0 m\u00e1y b\u01a1m bi\u1ebfn \u0111\u01b0\u1ee3c th\u1ef1c hi\u1ec7n, \u0111\u00e2y l\u00e0 l\u1ea7n \u0111\u1ea7u ti\u00ean \u1edf Trung Qu\u1ed1c. C\u1ea5u tr\u00fac lo\u1ea1i b\u1ecf vi\u1ec7c s\u1eed d\u1ee5ng tr\u01b0\u1edbc \u0111\u00f3 c\u1ee7a k\u00e9o b\u00ean v\u00e0nh \u0111ai \u0111\u1ec3 l\u00e1i b\u01a1m b\u00e1nh r\u0103ng, mang l\u1ea1i m\u1ed9t k\u00e9o b\u00ean cho \u0111\u1ed9ng c\u01a1, \u0111i\u1ec1u n\u00e0y s\u1ebd g\u00e2y ra m\u00e0i m\u00f2n s\u1edbm v\u00e0 g\u00e3y ch\u00e2n \u0111\u1ed9ng c\u01a1. Ngo\u00e0i ra, r\u00f2ng bi c\u1ea7n b\u1ea3o tr\u00ec th\u01b0\u1eddng xuy\u00ean v\u00e0 ti\u00eam d\u1ea7u, m\u1ed9t khi b\u1ea3o tr\u00ec kh\u00f4ng \u0111\u01b0\u1ee3c th\u1ef1c hi\u1ec7n, v\u00f2ng bi r\u00f2ng bi s\u1ebd b\u1ecb h\u01b0 h\u1ea1i, \u0111i\u1ec1u n\u00e0y s\u1ebd tr\u1ef1c ti\u1ebfp d\u1eabn \u0111\u1ebfn thi\u1ec7t h\u1ea1i cho m\u00e1y b\u01a1m b\u00e1nh r\u0103ng.<\/p>\n<p>&nbsp;<\/p>\n<p>&nbsp;<\/p>\n<ol start=\"6\">\n<li><\/li>\n<li><\/li>\n<li>V\u1edbi c\u1ea5u tr\u00fac n\u00e0y, vi\u1ec7c lo\u1ea1i b\u1ecf r\u00f2ng r\u1ecdc l\u00e0m gi\u1ea3m c\u00f4ng vi\u1ec7c b\u1ea3o tr\u00ec v\u00e0 tr\u00e1nh th\u1ea5t b\u1ea1i g\u00e2y ra b\u1edfi vi\u1ec7c th\u01b0 gi\u00e3n v\u00e0nh \u0111ai th\u01b0\u1eddng xuy\u00ean, v\u00e0 c\u00f4ng su\u1ea5t \u0111\u1ea7u ra c\u0169ng \u0111\u01b0\u1ee3c c\u1ea3i thi\u1ec7n. Th\u1ef1c h\u00e0nh \u0111\u00e3 ch\u1ee9ng minh r\u1eb1ng tu\u1ed5i th\u1ecd c\u1ee7a m\u00e1y b\u01a1m b\u00e1nh r\u0103ng c\u0169ng \u0111\u00e3 \u0111\u01b0\u1ee3c c\u1ea3i thi\u1ec7n \u0111\u00e1ng k\u1ec3.<br \/>\n<table>\n<tbody>\n<tr>\n<td width=\"41\">Kh\u00f4ng.<\/td>\n<td width=\"246\">Th\u00f4ng s\u1ed1 k\u1ef9 thu\u1eadt<\/td>\n<td width=\"176\">C\u00e1c th\u00f4ng s\u1ed1<\/td>\n<\/tr>\n<tr>\n<td width=\"41\">1<\/td>\n<td width=\"246\">C\u00f4ng su\u1ea5t x\u00f4<\/td>\n<td width=\"176\">0.75 m<strong>3<\/strong><\/td>\n<\/tr>\n<tr>\n<td width=\"41\">2<\/td>\n<td width=\"246\">C\u00f4ng su\u1ea5t t\u1ea3i \u0111\u1ecbnh m\u1ee9c<\/td>\n<td width=\"176\">1.5 t<\/td>\n<\/tr>\n<tr>\n<td width=\"41\">3<\/td>\n<td width=\"246\">L\u1ef1c dao t\u1ed1i \u0111a<\/td>\n<td width=\"176\">48 KN<\/td>\n<\/tr>\n<tr>\n<td width=\"41\">4<\/td>\n<td width=\"246\">K\u00e9o t\u1ed1i \u0111a<\/td>\n<td width=\"176\">58 KN<\/td>\n<\/tr>\n<tr>\n<td width=\"41\">5<\/td>\n<td width=\"246\">Chi\u1ec1u cao d\u1ee1 t\u1ea3i t\u1ed1i \u0111a<\/td>\n<td width=\"176\">1180 mm<\/td>\n<\/tr>\n<tr>\n<td width=\"41\">6<\/td>\n<td width=\"246\">Kho\u1ea3ng c\u00e1ch gi\u1ea3m t\u1ea3i t\u1ed1i thi\u1ec3u<\/td>\n<td width=\"176\">800 mm<\/td>\n<\/tr>\n<tr>\n<td width=\"41\">7<\/td>\n<td width=\"246\">Chi\u1ec1u cao \u0111\u1ed5 t\u1ed1i \u0111a<\/td>\n<td width=\"176\">3100 mm<\/td>\n<\/tr>\n<tr>\n<td width=\"41\">8<\/td>\n<td width=\"246\">Kh\u1ea3 n\u0103ng leo n\u00fai (Full load)<\/td>\n<td width=\"176\">\u226516\u00b0<\/td>\n<\/tr>\n<tr>\n<td width=\"41\">9<\/td>\n<td width=\"246\">T\u1ed1i thi\u1ec3u \u0111\u1ea5t clearance<\/td>\n<td width=\"176\">200 mm<\/td>\n<\/tr>\n<tr>\n<td width=\"41\">10<\/td>\n<td width=\"246\">B\u00e1n k\u00ednh xoay t\u1ed1i thi\u1ec3u<\/td>\n<td width=\"176\">B\u00ean ngo\u00e0i 4260 mm<\/p>\n<p>B\u00ean trong 2150 mm<\/td>\n<\/tr>\n<tr>\n<td width=\"41\">11<\/td>\n<td width=\"246\">G\u00f3c l\u00e1i t\u1ed1i \u0111a (tr\u00e1i \/ ph\u1ea3i)<\/td>\n<td width=\"176\">38\u00b0<\/td>\n<\/tr>\n<tr>\n<td width=\"41\">12<\/td>\n<td width=\"246\">G\u00f3c kh\u1edfi h\u00e0nh<\/td>\n<td width=\"176\">16\u00b0<\/td>\n<\/tr>\n<tr>\n<td width=\"41\">13<\/td>\n<td width=\"246\">G\u00f3c dao \u0111\u1ed9ng rack<\/td>\n<td width=\"176\">\u00b18\u00b0<\/td>\n<\/tr>\n<tr>\n<td width=\"41\">14<\/td>\n<td width=\"246\">B\u00e1nh xe<\/td>\n<td width=\"176\">T\u1eeb 2200mm<\/td>\n<\/tr>\n<tr>\n<td width=\"41\">15<\/td>\n<td width=\"246\">T\u1ed1c \u0111\u1ed9 du l\u1ecbch (hai chi\u1ec1u)<\/td>\n<td width=\"176\">0-8km \/ gi\u1edd<\/td>\n<\/tr>\n<tr>\n<td width=\"41\">&nbsp;<\/p>\n<p>16<\/td>\n<td width=\"246\">&nbsp;<\/p>\n<p>\u0110\u1ed9ng c\u01a1 \/ c\u00f4ng su\u1ea5t<\/td>\n<td width=\"176\">Cummins QSF 3.8 \/ 74kw, ti\u00eau chu\u1ea9n ph\u00e1t th\u1ea3i Euro giai \u0111o\u1ea1n 3<\/td>\n<\/tr>\n<tr>\n<td width=\"41\">17<\/td>\n<td width=\"246\">K\u00edch th\u01b0\u1edbc (L x W x H)<\/td>\n<td width=\"176\">5950x1300x2000 mm<\/td>\n<\/tr>\n<tr>\n<td width=\"41\">18<\/td>\n<td width=\"246\">T\u1ed5ng tr\u1ecdng l\u01b0\u1ee3ng m\u00e1y<\/td>\n<td width=\"176\">7.15t<\/td>\n<\/tr>\n<\/tbody>\n<\/table>\n<\/li>\n<li><strong>K\u00edch th\u01b0\u1edbc ph\u00e1c th\u1ea3o<\/strong><strong>\u00a0<\/strong><strong>v\u1ebd<\/strong>\n<ol>\n<li><b><\/b> L\u1ef1a ch\u1ecdn c\u1ea7u l\u00e1i xe c\u1ee7a c\u1ea7u PC15 n\u1eb7ng, v\u1ecf c\u1ea7u, kh\u00e1c bi\u1ec7t, b\u00e1nh r\u0103ng h\u00e0nh tinh, n\u1eeda tr\u1ee5c v\u00e0 c\u00e1c tr\u1ee5c ch\u00ednh kh\u00e1c<\/li>\n<\/ol>\n<\/li>\n<li>c\u00e1c th\u00e0nh ph\u1ea7n \u0111\u00e3 \u0111\u01b0\u1ee3c t\u1ed1i \u01b0u h\u00f3a thi\u1ebft k\u1ebf v\u00e0 t\u0103ng c\u01b0\u1eddng v\u1eadt li\u1ec7u, so v\u1edbi c\u00e1c nh\u00e0 s\u1ea3n xu\u1ea5t kh\u00e1c c\u1ee7a c\u1ea7u nh\u1eb9, m\u1ea1nh m\u1ebd v\u00e0 b\u1ec1n, \u0111\u1ed9 b\u1ec1n t\u00e1c \u0111\u1ed9ng cao, gi\u1ea3m t\u1ef7 l\u1ec7 th\u1ea5t b\u1ea1i. Transtruder l\u00e0 m\u1ed9t tr\u1ee5c \u1ed5 \u0111\u1ea9y \u01b0\u1edbt th\u01b0\u1eddng \u0111\u00f3ng, \u0111\u01b0\u1ee3c t\u0103ng c\u01b0\u1eddng g\u1ea5p \u0111\u00f4i b\u1eb1ng phanh m\u00f9a xo v\u00e0 gi\u1ea3i ph\u00f3ng th\u1ee7y l\u1ef1c, v\u00e0 ph\u00f9 h\u1ee3p v\u1edbi \u0111i\u1ec1u ki\u1ec7n \u0111\u01b0\u1eddng ng\u1ea7m ph\u1ee9c t\u1ea1p v\u00e0 \u0111i\u1ec1u ki\u1ec7n xo\u00e1y.\n<ol start=\"8\">\n<li>\u0110i\u1ec3m b\u00f4i tr\u01a1n c\u1ee7a to\u00e0n b\u1ed9 xe \u00e1p d\u1ee5ng m\u1ed9t b\u1ed1 tr\u00ed b\u00f4i tr\u01a1n t\u1eadp trung, xem x\u00e9t \u0111\u1ea7y \u0111\u1ee7 c\u00e1c v\u1ea5n \u0111\u1ec1 c\u1ee7a kh\u00f3 kh\u0103n c\u1ee7a thi\u1ebft b\u1ecb trong vi\u1ec7c ch\u01a1i b\u01a1 d\u01b0\u1edbi l\u00f2ng \u0111\u1ea5t v\u00e0 th\u1eddi gian b\u1ea3o tr\u00ec -<\/li>\n<li>\n<h2><span style=\"font-size: 12pt;\"><b>1.\u00a0<\/b><strong><b>S\u1ea3n ph\u1ea9m th\u1ef1c s\u1ef1<\/b><\/strong><strong><b>\u00a0<\/b><\/strong><strong><b>b\u1eafn s\u00fang<\/b><\/strong><\/span><\/h2>\n<ol start=\"9\">\n<li>B\u1ec3 d\u1ea7u th\u1ee7y l\u1ef1c \u00e1p d\u1ee5ng qu\u00e1 tr\u00ecnh l\u00e0m s\u1ea1ch \u00e1p su\u1ea5t cao, kh\u00e1c v\u1edbi vi\u1ec7c l\u00e0m s\u1ea1ch b\u1eb1ng tay c\u1ee7a c\u00e1c nh\u00e0 s\u1ea3n xu\u1ea5t kh\u00e1c, \u0111\u1ea3m b\u1ea3o s\u1ef1 s\u1ea1ch s\u1ebd c\u1ee7a h\u1ec7 th\u1ed1ng th\u1ee7y l\u1ef1c c\u1ee7a to\u00e0n b\u1ed9 xe t\u1eeb ngu\u1ed3n v\u00e0 cung c\u1ea5p m\u1ed9t \u0111\u1ea3m b\u1ea3o \u0111\u00e1ng tin c\u1eady cho tu\u1ed5i th\u1ecd c\u1ee7a m\u00e1y b\u01a1m v\u00e0 \u0111\u1ed9ng c\u01a1 c\u1ee7a c\u00e1c th\u00e0nh ph\u1ea7n c\u1ed1t l\u00f5i c\u1ee7a xe.<\/li>\n<\/ol>\n<\/li>\n<li>\n<ol start=\"10\">\n<li>\u1ed1ng th\u1ee7y l\u1ef1c, kh\u1edbp v\u00e0 d\u00e2y \u0111\u1ec1u \u00e1p d\u1ee5ng nh\u1eadp kh\u1ea9u t\u1ed1t-tu\u1ed5i th\u1ecd \u0111\u01b0\u1ee3c k\u00e9o d\u00e0i \u0111\u00e1ng k\u1ec3, tr\u00e1nh s\u1ef1 xu\u1ea5t hi\u1ec7n c\u1ee7a ch\u1ea1y, ch\u1ea1y, dripping, r\u00f2 r\u1ec9 v\u00e0 v\u1ee1 \u1ed1ng<\/li>\n<\/ol>\n<\/li>\n<\/ol>\n<\/li>\n<\/ol>\n<ol start=\"11\">\n<li>To\u00e0n b\u1ed9 xe \u00e1p d\u1ee5ng d\u00e2y ch\u1ee9a ch\u1ea5t l\u01b0\u1ee3ng cao: ch\u1ed1ng m\u00f2n, kh\u00f4ng th\u1ea5m n\u01b0\u1edbc, ch\u1ed1ng ch\u00e1y, ch\u1ed1ng l\u00e3o h\u00f3a; d\u00e2y c\u00e1p \u0111\u01b0\u1ee3c bao quanh b\u1edfi tee s\u00f3ng ch\u1ea5t l\u01b0\u1ee3ng cao v\u00e0 c\u1eafm ch\u1ed1ng n\u01b0\u1edbc Dechi nh\u1eadp kh\u1ea9u, t\u1ed1t h\u01a1n so v\u1edbi c\u00e1c s\u1ea3n ph\u1ea9m t\u01b0\u01a1ng ph\u1ea3n trong n\u01b0\u1edbc.<\/li>\n<\/ol>\n<p>&nbsp;<\/p>\n<p>&nbsp;<\/p>\n<ol start=\"12\">\n<li>Xi lanh xe s\u1eed d\u1ee5ng v\u1eadt li\u1ec7u 42Cr r\u00e8n thanh piston t\u00edch h\u1ee3p, quy tr\u00ecnh c\u1ee7a n\u00f3 l\u00e0: r\u00e8n, xe h\u01a1i th\u00f4, tempering, xe m\u1ecbn, khoan, m\u00e0i, m\u1ea1 cr\u00f4m c\u1ee9ng, x\u1eed l\u00fd \u0111\u00e1nh b\u00f3ng, vi\u1ec7c s\u1eed d\u1ee5ng con d\u1ea5u Hallite nh\u1eadp kh\u1ea9u c\u1ee7a Anh.<\/li>\n<li>Tr\u1ee5c pin \u0111\u01b0\u1ee3c l\u00e0m b\u1eb1ng th\u00e9p h\u1ee3p kim 42Cr, c\u1ea7n ph\u1ea3i tr\u1ea3i qua t\u1ed5ng c\u1ed9ng 5 quy tr\u00ecnh xoay th\u00f4, d\u1eadp v\u00e0 tempering, xoay m\u1ecbn, d\u1eadp v\u00e0 m\u00e0i, \u0111\u1ea3m b\u1ea3o s\u1ef1 \u1ed5n \u0111\u1ecbnh c\u1ee7a tr\u1ee5c pin trong th\u1eddi gian l\u00e0m vi\u1ec7c.<\/li>\n<li>S\u1eed d\u1ee5ng m\u00e1y b\u01a1m bi\u1ebfn \u0111\u1ed9c l\u1eadp d\u00f2ng Linde 55 c\u1ee7a \u0110\u1ee9c, \u0110\u1ee9c Linde l\u00e0 m\u1ed9t th\u01b0\u01a1ng hi\u1ec7u n\u1ed5i ti\u1ebfng cao c\u1ea5p trong ng\u00e0nh c\u00f4ng nghi\u1ec7p th\u1ee7y l\u1ef1c qu\u1ed1c t\u1ebf, kh\u00e1c v\u1edbi m\u00e1y b\u01a1m bi\u1ebfn c\u1ee7a c\u00e1c nh\u00e0 s\u1ea3n xu\u1ea5t kh\u00e1c. M\u00e1y b\u01a1m nh\u1eadn ra ch\u1ee9c n\u0103ng t\u1ef1 \u0111\u1ed9ng \u0111i\u1ec1u ch\u1ec9nh di chuy\u1ec3n th\u1ee7y l\u1ef1c theo s\u1ef1 thay \u0111\u1ed5i c\u1ee7a t\u1ed1c \u0111\u1ed9 \u0111\u1ed9ng c\u01a1, do \u0111\u00f3 gi\u1ea3i quy\u1ebft t\u00ecnh hu\u1ed1ng m\u00e0 LHD s\u1eed d\u1ee5ng \u0111\u1ec3 \u0111i\u1ec1u ch\u1ec9nh t\u1ed1c \u0111\u1ed9 \u0111\u1ed9ng c\u01a1 b\u1eb1ng c\u00e1ch li\u00ean t\u1ee5c k\u00e9o d\u00e2y k\u00e9o b\u1eb1ng tay. C\u00f3 m\u1ed9t c\u1ea3i ti\u1ebfn l\u1edbn v\u1ec1 ti\u1ec7n l\u1ee3i s\u1eed d\u1ee5ng, b\u1ea3o v\u1ec7 \u0111\u1ed9ng c\u01a1 v\u00e0 k\u00e9o d\u00e0i tu\u1ed5i th\u1ecd, v\u00e0 ti\u1ebft ki\u1ec7m nhi\u00ean li\u1ec7u.<\/li>\n<li>C\u00f4ng ty ch\u00fang t\u00f4i l\u00e0 nh\u00e0 s\u1ea3n xu\u1ea5t trong n\u01b0\u1edbc duy nh\u1ea5t c\u1ee7a b\u01a1m bi\u1ebfn \u0111\u1ed9c l\u1eadp cao c\u1ea5p, \u1ee9ng d\u1ee5ng c\u1ee7a s\u1ea3n ph\u1ea9m l\u00e0m cho c\u00f4ng ty&#8217; s s\u1ea3n ph\u1ea9m trong hi\u1ec7u su\u1ea5t c\u1ee7a c\u1ea3i ti\u1ebfn \u0111\u00e3 \u0111\u01b0\u1ee3c kh\u00e1ch h\u00e0ng c\u00f4ng nh\u1eadn r\u1ed9ng r\u00e3i v\u00e0 khen ng\u1ee3i, v\u1edbi \u0111\u1ed9ng c\u01a1 bi\u1ebfn \u0111\u1ed9c l\u1eadp ph\u1ea3n h\u1ed3i \u00e1p su\u1ea5t cao c\u1ee7a ch\u00fang t\u00f4i bao g\u1ed3m h\u1ec7 th\u1ed1ng, s\u1ea3n ph\u1ea9m<\/li>\n<li>\n<ul>\n<li>L\u00e0m vi\u1ec7c xi lanh t\u1ef1 \u0111\u1ed9ng \u0111i\u1ec1u ch\u1ec9nh \u0111\u1ec3 h\u1ea5p th\u1ee5 m\u00f4-men xo\u1eafn \u0111\u1ed9ng c\u01a1 v\u00e0 c\u00f4ng su\u1ea5t, s\u1ef1 linh ho\u1ea1t c\u1ee7a s\u1ea3n ph\u1ea9m v\u00e0 \u0111\u1ed9 tin c\u1eady cao c\u1ee7a b\u01a1m th\u1ee7y l\u1ef1c k\u1ebft h\u1ee3p ho\u00e0n h\u1ea3o, \u0111\u1ec3 s\u1ea3n ph\u1ea9m \u0111\u1ec3 \u0111\u1ea1t \u0111\u01b0\u1ee3c b\u00e0n \u0111\u1ea1p athrottle, m\u1ed9t tay c\u1ea7m \u0111i\u1ec1u khi\u1ec3n th\u1ee7y l\u1ef1c c\u00f3 th\u1ec3 \u0111\u1ea1t \u0111\u01b0\u1ee3c to\u00e0n b\u1ed9<\/li>\n<\/ul>\n<ul>\n<li>H\u1ec7 th\u1ed1ng phanh<\/li>\n<\/ul>\n<p>S\u1ef1 h\u00ecnh th\u00e0nh Phanh \u0111\u1ed7 xe<\/p>\n<p>v\u1eadn chuy\u1ec3n xe, x\u00fac, th\u1ef1c hi\u1ec7n v\u00e0 c\u00e1c h\u00e0nh \u0111\u1ed9ng kh\u00e1c, ki\u1ec3m so\u00e1t ch\u00ednh x\u00e1c, ho\u1ea1t \u0111\u1ed9ng \u0111\u01a1n gi\u1ea3n, c\u1ea3i thi\u1ec7n \u0111\u00e1ng k\u1ec3 hi\u1ec7u qu\u1ea3 khai th\u00e1c m\u1ecf c\u1ee7a LHD.<\/li>\n<\/ol>\n<\/li>\n<\/ol>","protected":false},"excerpt":{"rendered":"<p>ZDL 215C Underground Loader l\u00e0 m\u1ed9t m\u00e1y n\u1eb7ng \u0111\u01b0\u1ee3c s\u1eed d\u1ee5ng trong c\u00e1c ho\u1ea1t \u0111\u1ed9ng khai th\u00e1c m\u1ecf \u0111\u1ec3 t\u1ea3i qu\u1eb7ng, \u0111\u00e1 th\u1ea3i ho\u1eb7c c\u00e1c v\u1eadt li\u1ec7u kh\u00e1c v\u00e0o xe t\u1ea3i ho\u1eb7c ph\u01b0\u01a1ng ti\u1ec7n v\u1eadn chuy\u1ec3n.<\/p>","protected":false},"featured_media":3159,"comment_status":"open","ping_status":"closed","template":"","meta":{"_acf_changed":false},"product_brand":[],"product_cat":[15],"product_tag":[],"class_list":{"0":"post-1851","1":"product","2":"type-product","3":"status-publish","4":"has-post-thumbnail","6":"product_cat-trackless-mining-equipment","8":"first","9":"instock","10":"shipping-taxable","11":"product-type-simple"},"acf":[],"_links":{"self":[{"href":"https:\/\/www.zongdamining.com\/vi\/wp-json\/wp\/v2\/product\/1851","targetHints":{"allow":["GET"]}}],"collection":[{"href":"https:\/\/www.zongdamining.com\/vi\/wp-json\/wp\/v2\/product"}],"about":[{"href":"https:\/\/www.zongdamining.com\/vi\/wp-json\/wp\/v2\/types\/product"}],"replies":[{"embeddable":true,"href":"https:\/\/www.zongdamining.com\/vi\/wp-json\/wp\/v2\/comments?post=1851"}],"wp:featuredmedia":[{"embeddable":true,"href":"https:\/\/www.zongdamining.com\/vi\/wp-json\/wp\/v2\/media\/3159"}],"wp:attachment":[{"href":"https:\/\/www.zongdamining.com\/vi\/wp-json\/wp\/v2\/media?parent=1851"}],"wp:term":[{"taxonomy":"product_brand","embeddable":true,"href":"https:\/\/www.zongdamining.com\/vi\/wp-json\/wp\/v2\/product_brand?post=1851"},{"taxonomy":"product_cat","embeddable":true,"href":"https:\/\/www.zongdamining.com\/vi\/wp-json\/wp\/v2\/product_cat?post=1851"},{"taxonomy":"product_tag","embeddable":true,"href":"https:\/\/www.zongdamining.com\/vi\/wp-json\/wp\/v2\/product_tag?post=1851"}],"curies":[{"name":"WP","href":"https:\/\/api.w.org\/{rel}","templated":true}]}}