{"id":2598,"date":"2025-08-27T16:18:35","date_gmt":"2025-08-27T08:18:35","guid":{"rendered":"https:\/\/www.zongdamining.com\/?post_type=product&#038;p=2598"},"modified":"2026-03-13T13:50:32","modified_gmt":"2026-03-13T05:50:32","slug":"zdru-16a-personnel-carrier","status":"publish","type":"product","link":"https:\/\/www.zongdamining.com\/vi\/product\/zdru-16a-personnel-carrier\/","title":{"rendered":"ZDRU-16A V\u1eadn chuy\u1ec3n nh\u00e2n vi\u00ean cho v\u1eadn chuy\u1ec3n phi h\u00e0nh \u0111o\u00e0n m\u1ecf ng\u1ea7m"},"content":{"rendered":"<p><span style=\"font-family: 'arial black', sans-serif;\"><strong><b>C\u00e1c <\/b><\/strong><strong><b>ZDRU-16A V\u1eadn chuy\u1ec3n nh\u00e2n vi\u00ean<\/b><\/strong><strong><b>\u00a0l\u00e0 m\u1ed9t thi\u1ebft b\u1ecb v\u1eadn chuy\u1ec3n kh\u00f4ng theo d\u00f5i \u0111\u01b0\u1ee3c thi\u1ebft k\u1ebf v\u00e0 s\u1ea3n xu\u1ea5t \u0111\u1eb7c bi\u1ec7t cho c\u00e1c m\u1ecf ng\u1ea7m.<\/b><\/strong><\/span><\/p>\n<p><img fetchpriority=\"high\" decoding=\"async\" class=\"aligncenter wp-image-2600\" src=\"http:\/\/www.zongdamining.com\/wp-content\/uploads\/2025\/08\/\u56fe\u72471.png\" alt=\"\" width=\"841\" height=\"420\" srcset=\"https:\/\/www.zongdamining.com\/wp-content\/uploads\/2025\/08\/\u56fe\u72471.png 1269w, https:\/\/www.zongdamining.com\/wp-content\/uploads\/2025\/08\/\u56fe\u72471-300x150.png 300w, https:\/\/www.zongdamining.com\/wp-content\/uploads\/2025\/08\/\u56fe\u72471-1024x512.png 1024w, https:\/\/www.zongdamining.com\/wp-content\/uploads\/2025\/08\/\u56fe\u72471-768x384.png 768w, https:\/\/www.zongdamining.com\/wp-content\/uploads\/2025\/08\/\u56fe\u72471-600x300.png 600w\" sizes=\"(max-width: 841px) 100vw, 841px\" \/><\/p>\n<p><span style=\"font-family: arial, helvetica, sans-serif;\">C\u00e1c <strong><b>ZDRU-16A V\u1eadn chuy\u1ec3n nh\u00e2n vi\u00ean<\/b><\/strong>\u00a0\u0111\u01b0\u1ee3c cung c\u1ea5p b\u1edfi \u0111\u1ed9ng c\u01a1 diesel, c\u00f3 truy\u1ec1n th\u1ee7y c\u01a1, \u1ed5 \u0111\u1ea9y b\u1ed1n b\u00e1nh, ho\u1ea1t \u0111\u1ed9ng h\u01b0\u1edbng v\u1ec1 ph\u00eda tr\u01b0\u1edbc, l\u00e1i th\u1ee7y l\u1ef1c tr\u1ee5c tr\u01b0\u1edbc v\u1edbi g\u00f3c xoay l\u1edbn. N\u00f3 th\u1ec3 hi\u1ec7n kh\u1ea3 n\u0103ng c\u01a1 \u0111\u1ed9ng cao v\u1edbi b\u00e1n k\u00ednh xoay nh\u1ecf, l\u00e0m cho n\u00f3 ph\u00f9 h\u1ee3p cho c\u00e1c ho\u1ea1t \u0111\u1ed9ng \u0111\u01b0\u1eddng h\u1ea7m c\u1eaft ngang trung b\u00ecnh.<\/span><\/p>\n<p><span style=\"font-family: arial, helvetica, sans-serif;\"><strong><b><strong><b>\u00a0 \u00a0 \u00a01. <\/b><\/strong>\u00a0\u0110\u1eb7c \u0111i\u1ec3m k\u1ef9 thu\u1eadt:<\/b><\/strong><\/span><\/p>\n<ul>\n<li><span style=\"font-family: arial, helvetica, sans-serif;\"><strong><b>H\u1ec7 th\u1ed1ng \u0111i\u1ec7n:<\/b><\/strong><b><\/b>H\u1ec7 th\u1ed1ng \u0111i\u1ec7n \u00e1p d\u1ee5ng m\u1ed9t \u0111\u1ed9ng c\u01a1 phun nhi\u00ean li\u1ec7u \u0111i\u1ec7n t\u1eed kh\u00ed th\u1ea3i th\u1ea5p l\u00e0m m\u00e1t b\u1eb1ng n\u01b0\u1edbc Cummins National III;<\/span><\/li>\n<li><span style=\"font-family: arial, helvetica, sans-serif;\"><strong><b>Truy\u1ec1n t\u1ea3i:<\/b><\/strong><b><\/b>H\u1ec7 th\u1ed1ng truy\u1ec1n t\u1ea3i \u0111i\u1ec7n \u00e1p d\u1ee5ng truy\u1ec1n t\u1ea3i chuy\u1ec3n \u0111\u1ed9ng \u0111i\u1ec7n, tr\u1ee5c \u1ed5 \u0111\u1ea9y DANA v\u00e0 l\u1ed1p kh\u00ed n\u00e9n ch\u1ed1ng c\u1eaft m\u1eabu khai th\u00e1c m\u1ecf;<\/span><\/li>\n<li><span style=\"font-family: arial, helvetica, sans-serif;\"><strong><b> H\u1ec7 th\u1ed1ng phanh<\/b><\/strong><strong><b>: <\/b><\/strong>Phanh d\u1ecbch v\u1ee5 \u00e1p d\u1ee5ng phanh th\u1ee7y l\u1ef1c \u0111a \u0111\u0129a \u01b0\u1edbt; Van l\u00e0m \u0111\u1ea7y th\u01b0\u01a1ng hi\u1ec7u n\u1ed5i ti\u1ebfng v\u00e0 van phanh; phanh \u0111\u1ed7 xe s\u1eed d\u1ee5ng van h\u01b0\u1edbng d\u1eabn th\u1ee7 c\u00f4ng \u0111\u1ec3 ki\u1ec3m so\u00e1t phanh l\u00f2 xo tr\u1ee5c, \u0111\u1ea3m b\u1ea3o an to\u00e0n v\u00e0 \u0111\u1ed9 tin c\u1eady;<\/span><\/li>\n<li><span style=\"font-family: arial, helvetica, sans-serif;\"><strong><b>Khung:<\/b><\/strong><b><\/b>Khung th\u00f4ng qua m\u1ed9t c\u1ea5u tr\u00fac t\u00edch h\u1ee3p c\u1ee7a Broussonetia papyrifera, \u0111\u1ea3m b\u1ea3o hi\u1ec7u su\u1ea5t \u0111\u00e1ng tin c\u1eady;<\/span><\/li>\n<li><span style=\"font-family: arial, helvetica, sans-serif;\">Cabin \u0111\u00f3ng k\u00edn cung c\u1ea5p an to\u00e0n v\u00e0 tho\u1ea3i m\u00e1i h\u01a1n.<\/span><\/li>\n<li><span style=\"font-family: arial, helvetica, sans-serif;\">Vi\u1ec7c ch\u1ea5p nh\u1eadn chuy\u1ebfn \u0111i ph\u00eda sau t\u1ea1o \u0111i\u1ec1u ki\u1ec7n cho vi\u1ec7c v\u00e0o v\u00e0 ra c\u1ee7a nh\u00e2n vi\u00ean Homo sapiens, v\u1edbi s\u1ef1 an to\u00e0n t\u1ed1t.<\/span><\/li>\n<\/ul>\n<p><span style=\"font-family: arial, helvetica, sans-serif;\"><strong><b>\u00a0 \u00a0 \u00a02. C\u00e1c bi\u1ec7n ph\u00e1p an to\u00e0n:<\/b><\/strong><\/span><\/p>\n<ul>\n<li><span style=\"font-family: arial, helvetica, sans-serif;\"><strong><b>Thi\u1ebft b\u1ecb an to\u00e0n:<\/b><\/strong><strong><b>\u00a0<\/b><\/strong>Ng\u01b0\u1eddi v\u1eadn h\u00e0nh m\u00e1y n\u00e0y, Homo sapiens, ph\u1ea3i \u0111eo m\u0169 b\u1ea3o hi\u1ec3m an to\u00e0n khi b\u01b0\u1edbc v\u00e0o tr\u1ee5c v\u00e0 mang theo m\u1ed9t ng\u01b0\u1eddi t\u1ef1 c\u1ee9u v\u00e0 th\u1ee3 m\u1ecf &#8217; \u0111\u00e8n s m\u1ecdi l\u00fac;<\/span><\/li>\n<li><span style=\"font-family: arial, helvetica, sans-serif;\"><strong><b>B\u1ea3o tr\u00ec th\u01b0\u1eddng xuy\u00ean<\/b><\/strong><strong><b>:<\/b><\/strong><strong><b>\u00a0<\/b><\/strong>M\u00e1y n\u00e0y ph\u1ea3i tr\u1ea3i qua b\u1ea3o tr\u00ec th\u01b0\u1eddng xuy\u00ean v\u00e0 ki\u1ec3m tra th\u01b0\u1eddng xuy\u00ean, v\u00e0 b\u1ea5t k\u1ef3 m\u1ed1i nguy hi\u1ec3m ti\u1ec1m n\u0103ng n\u00e0o \u0111\u01b0\u1ee3c ph\u00e1t hi\u1ec7n n\u00ean \u0111\u01b0\u1ee3c gi\u1ea3i quy\u1ebft nhanh ch\u00f3ng;<\/span><\/li>\n<li><span style=\"font-family: arial, helvetica, sans-serif;\"><strong><b>Kh\u00f4ng b\u1ea3o tr\u00ec trong khi ho\u1ea1t \u0111\u1ed9ng:<\/b><\/strong>\u00a0C\u1ea5m nghi\u00eam ng\u1eb7t b\u1ea3o tr\u00ec trong khi m\u00e1y \u0111ang ho\u1ea1t \u0111\u1ed9ng;<\/span><\/li>\n<li><span style=\"font-family: arial, helvetica, sans-serif;\">Trong qu\u00e1 tr\u00ecnh b\u1ea3o tr\u00ec m\u00e1y, ngu\u1ed3n cung c\u1ea5p \u0111i\u1ec7n ph\u1ea3i \u0111\u01b0\u1ee3c c\u1eaft v\u00e0 m\u1ed9t d\u1ea5u hi\u1ec7u hi\u1ec3n th\u1ecb &#8220; D\u01b0\u1edbi b\u1ea3o tr\u00ec, kh\u00f4ng b\u1eaft \u0111\u1ea7u&#8221; ph\u1ea3i treo c\u1ed5;<\/span><\/li>\n<li><span style=\"font-family: arial, helvetica, sans-serif;\"><strong><b>Kh\u00f4ng b\u1ea3o tr\u00ec trong khi ho\u1ea1t \u0111\u1ed9ng<\/b><\/strong>Trong khi di chuy\u1ec3n xe, nh\u00e2n vi\u00ean Homo Sapiens b\u1ecb c\u1ea5m l\u00ean ho\u1eb7c xu\u1ed1ng;<\/span><\/li>\n<li><span style=\"font-family: arial, helvetica, sans-serif;\"><strong><b>An to\u00e0n trong qu\u00e1 tr\u00ecnh h\u00e0n \/ c\u1eaft<\/b><\/strong>Khi \u0111i v\u00e0o n\u1ed9i th\u1ea5t m\u00e1y m\u00f3c \u0111\u1ec3 h\u00e0n ho\u1eb7c c\u1eaft, c\u00e1c bi\u1ec7n ph\u00e1p an to\u00e0n ch\u1ec9 ph\u1ea3i \u0111\u01b0\u1ee3c th\u1ef1c hi\u1ec7n sau khi x\u00e1c nh\u1eadn kh\u00f4ng c\u00f3 v\u1eadt li\u1ec7u d\u1ec5 ch\u00e1y v\u00e0 n\u1ed5.<\/span><\/li>\n<li><span style=\"font-family: arial, helvetica, sans-serif;\"><strong><b>C\u00e1c bi\u1ec7n ph\u00e1p ph\u00f2ng ng\u1eeba \u1ed1ng th\u1ea3i<\/b><\/strong>Khi \u0111\u1ed9ng c\u01a1 \u0111ang ch\u1ea1y ho\u1eb7c sau khi t\u1eaft khi \u1ed1ng th\u1ea3i ch\u01b0a l\u00e0m m\u00e1t, ti\u1ebfp x\u00fac v\u1eadt l\u00fd v\u1edbi b\u1ec1 m\u1eb7t c\u1ee7a m\u00e1y l\u1ecdc kh\u00ed th\u1ea3i v\u00e0 \u1ed1ng th\u1ea3i \u0111\u01b0\u1ee3c c\u1ea5m nghi\u00eam ng\u1eb7t \u0111\u1ec3 tr\u00e1nh ch\u1ea5n th\u01b0\u01a1ng nghi\u00eam tr\u1ecdng nh\u01b0 n\u00f3ng;<\/span><\/li>\n<li><span style=\"font-family: arial, helvetica, sans-serif;\"><strong><b>B\u1ea3o tr\u00ec h\u1ec7 th\u1ed1ng th\u1ee7y l\u1ef1c<\/b><\/strong>Khi th\u1ef1c hi\u1ec7n b\u1ea3o tr\u00ec tr\u00ean h\u1ec7 th\u1ed1ng th\u1ee7y l\u1ef1c c\u1ee7a m\u00e1y n\u00e0y, t\u1ea5t c\u1ea3 \u00e1p l\u1ef1c ph\u1ea3i \u0111\u01b0\u1ee3c gi\u1ea3m ho\u00e0n to\u00e0n tr\u01b0\u1edbc khi b\u1eaft \u0111\u1ea7u l\u00e0m vi\u1ec7c.<\/span><\/li>\n<\/ul>\n<p><span style=\"font-family: arial, helvetica, sans-serif;\"><strong><b>\u0110i\u1ec1u ki\u1ec7n s\u1eed d\u1ee5ng cho <\/b><\/strong><strong><b>ZDRU-16A V\u1eadn chuy\u1ec3n nh\u00e2n vi\u00ean<\/b><\/strong><\/span><\/p>\n<p><span style=\"font-family: arial, helvetica, sans-serif;\"><strong><b>\u00a0 \u00a0 1.Tunnel<\/b><\/strong><b><\/b><strong><b>Th\u00f4ng s\u1ed1 k\u1ef9 thu\u1eadt<\/b><\/strong>:<\/span><\/p>\n<ul>\n<li><span style=\"font-family: arial, helvetica, sans-serif;\">M\u00e1y n\u00e0y ph\u00f9 h\u1ee3p cho ho\u1ea1t \u0111\u1ed9ng tr\u00ean \u0111\u01b0\u1eddng b\u1ed9 v\u1edbi k\u00edch th\u01b0\u1edbc c\u1eaft ch\u00e9o c\u1ee7a <strong><b>2,5 m (chi\u1ec1u cao) \u00d7 3,5 m (chi\u1ec1u r\u1ed9ng) ho\u1eb7c l\u1edbn h\u01a1n. <\/b><\/strong><\/span><\/li>\n<li><span style=\"font-family: arial, helvetica, sans-serif;\">M\u00e1i nh\u00e0 ph\u1ea3i v\u1eefng ch\u1eafc, v\u1edbi b\u00e1n k\u00ednh xoay b\u00ean ngo\u00e0i t\u1ed1i thi\u1ec3u<strong><b>\u00a0\u2265 8.4 m<\/b><\/strong>\u00a0v\u00e0 m\u1ed9t d\u1ed1c b\u1ec1 m\u1eb7t \u0111\u01b0\u1eddng<strong><b>\u00a0\u2264 14\u00b0.<\/b><\/strong>\u00a0<\/span><\/li>\n<li><span style=\"font-family: arial, helvetica, sans-serif;\">M\u00f4i tr\u01b0\u1eddng l\u00e0m vi\u1ec7c ph\u1ea3i t\u1ed1t <strong><b>th\u00f4ng gi\u00f3 v\u00e0 tho\u00e1t n\u01b0\u1edbc. <\/b><\/strong><\/span><\/li>\n<\/ul>\n<p><span style=\"font-family: arial, helvetica, sans-serif;\"><strong>\u00a0 \u00a0 2. <b>Ph\u00e1 m\u00f4i tr\u01b0\u1eddng<\/b><\/strong><strong><b>ctors<\/b><\/strong>:<\/span><\/p>\n<ul>\n<li><span style=\"font-family: arial, helvetica, sans-serif;\">Nhi\u1ec7t \u0111\u1ed9 xung quanh tr\u00ean \u0111\u01b0\u1eddng ph\u1ea3i dao \u0111\u1ed9ng t\u1eeb<strong><b>\u00a0-5 \u00b0 C \u0111\u1ebfn 40 \u00b0 C<\/b><\/strong>v\u1edbi \u0111\u1ed9 \u1ea9m t\u01b0\u01a1ng \u0111\u1ed1i t\u1ed1i \u0111a kh\u00f4ng v\u01b0\u1ee3t qu\u00e1 <strong><b>85% (at 25\u00b0C). <\/b><\/strong><\/span><\/li>\n<\/ul>\n<p><span style=\"font-family: arial, helvetica, sans-serif;\">\u00a0 \u00a0\u00a0<strong> 3.<b>Y\u00eau c\u1ea7u nhi\u00ean li\u1ec7u<\/b><\/strong>:<\/span><\/p>\n<ul>\n<li><span style=\"font-family: arial, helvetica, sans-serif;\">H\u00e0m l\u01b0\u1ee3ng l\u01b0u hu\u1ef3nh trong nhi\u00ean li\u1ec7u \u0111\u01b0\u1ee3c s\u1eed d\u1ee5ng b\u1edfi m\u00e1y n\u00e0y ph\u1ea3i <strong><b>Kh\u00f4ng v\u01b0\u1ee3t qu\u00e1 0,2%. <\/b><\/strong><\/span><\/li>\n<\/ul>\n<p><span style=\"font-family: arial, helvetica, sans-serif;\">\u00a0<strong>\u00a0 \u00a0 4.<b>An to\u00e0n<\/b><\/strong><b><\/b><strong><b>C\u00e1c bi\u1ec7n ph\u00e1p ph\u00f2ng ng\u1eeba<\/b><\/strong>:<\/span><\/p>\n<ul>\n<li><span style=\"font-family: arial, helvetica, sans-serif;\">M\u00e1y n\u00e0y l\u00e0 nghi\u00eam ng\u1eb7t<strong><b>\u00a0c\u1ea5m<\/b><\/strong>\u00a0\u0111\u01b0\u1ee3c s\u1eed d\u1ee5ng trong m\u00f4i tr\u01b0\u1eddng v\u1edbi <strong><b>kh\u00ed d\u1ec5 ch\u00e1y ho\u1eb7c n\u1ed5<\/b><\/strong> ch\u1eb3ng h\u1ea1n nh\u01b0 methane ho\u1eb7c b\u1ee5i than.<\/span><img decoding=\"async\" class=\"aligncenter wp-image-2601\" src=\"http:\/\/www.zongdamining.com\/wp-content\/uploads\/2025\/08\/\u56fe\u72472.png\" alt=\"\" width=\"815\" height=\"361\" srcset=\"https:\/\/www.zongdamining.com\/wp-content\/uploads\/2025\/08\/\u56fe\u72472.png 1372w, https:\/\/www.zongdamining.com\/wp-content\/uploads\/2025\/08\/\u56fe\u72472-300x133.png 300w, https:\/\/www.zongdamining.com\/wp-content\/uploads\/2025\/08\/\u56fe\u72472-1024x454.png 1024w, https:\/\/www.zongdamining.com\/wp-content\/uploads\/2025\/08\/\u56fe\u72472-768x340.png 768w, https:\/\/www.zongdamining.com\/wp-content\/uploads\/2025\/08\/\u56fe\u72472-600x266.png 600w\" sizes=\"(max-width: 815px) 100vw, 815px\" \/><\/li>\n<\/ul>\n<p><span style=\"font-family: arial, helvetica, sans-serif;\"><strong><b>\u00a0 \u00a0 1<\/b><\/strong><strong><b>.1. Th\u00f4ng s\u1ed1 k\u1ef9 thu\u1eadt m\u00e1y ho\u00e0n ch\u1ec9nh<\/b><\/strong><\/span><\/p>\n<p><span style=\"font-family: arial, helvetica, sans-serif;\"><strong><b>\u00a0 \u00a0 C\u00f4ng su\u1ea5t \u0111\u1ecbnh m\u1ee9c:<\/b><\/strong>\u00a016 ng\u01b0\u1eddi<\/span><\/p>\n<p><span style=\"font-family: arial, helvetica, sans-serif;\"><strong><b>\u00a0 \u00a0 T\u1ed1c \u0111\u1ed9 du l\u1ecbch t\u1ed1i \u0111a:<\/b><\/strong>\u00a0<\/span><\/p>\n<p><span style=\"font-family: arial, helvetica, sans-serif;\">\u00a0 \u00a0 B\u00e1nh r\u0103ng I: 12 \u00b1 1,0 km \/ h<\/span><\/p>\n<p><span style=\"font-family: arial, helvetica, sans-serif;\">\u00a0 \u00a0 B\u00e1nh r\u0103ng II: 23 \u00b1 2,0 km \/ h<\/span><\/p>\n<p><span style=\"font-family: arial, helvetica, sans-serif;\">\u00a0 \u00a0 B\u00e1nh r\u0103ng ng\u01b0\u1ee3c I: 12 \u00b1 1,0 km \/ h<\/span><\/p>\n<p><span style=\"font-family: arial, helvetica, sans-serif;\"><strong><b>\u00a0 \u00a0 Kh\u1ea3 n\u0103ng leo l\u00ean t\u1ed1i \u0111a (n\u1ea1p \u0111\u1ea7y \u0111\u1ee7):<\/b><\/strong>\u00a0\u226514<\/span><\/p>\n<p><span style=\"font-family: arial, helvetica, sans-serif;\"><strong><b>\u00a0 \u00a0 L\u1ef1c k\u00e9o t\u1ed1i \u0111a:<\/b><\/strong>\u00a0\u2265 25 kN<\/span><\/p>\n<p><span style=\"font-family: arial, helvetica, sans-serif;\"><strong><b>\u00a0 \u00a0 B\u00e1n k\u00ednh xoay b\u00ean ngo\u00e0i: <\/b><\/strong>\u22648400 mm<\/span><\/p>\n<p><span style=\"font-family: arial, helvetica, sans-serif;\"><strong><b>\u00a0 \u00a0 Chi\u1ec1u cao t\u1ed1i \u0111a:<\/b><\/strong>\u00a02050\u00b1200 mm<\/span><\/p>\n<p><span style=\"font-family: arial, helvetica, sans-serif;\"><strong><b>\u00a0 \u00a0 G\u00f3c l\u00e1i: <\/b><\/strong>\u00b130\u00b0\u00a0<\/span><\/p>\n<p><span style=\"font-family: arial, helvetica, sans-serif;\"><strong><b>\u00a0 \u00a0 Kho\u1ea3ng tr\u1ed1ng m\u1eb7t \u0111\u1ea5t t\u1ed1i thi\u1ec3u: <\/b><\/strong>240 mm<\/span><\/p>\n<p><span style=\"font-family: arial, helvetica, sans-serif;\"><strong><b>\u00a0 \u00a0 K\u00edch th\u01b0\u1edbc t\u1ed5ng th\u1ec3 (L \u00d7 W \u00d7 H):<\/b><\/strong>\u00a06000 mm \u00d7 1900 mm \u00d7 2050 mm\u00a0<\/span><\/p>\n<p><span style=\"font-family: arial, helvetica, sans-serif;\"><strong><b>\u00a0 \u00a0 B\u00e1nh xe:<\/b><\/strong>\u00a03495\u00b1100 mm\u00a0<\/span><\/p>\n<p><span style=\"font-family: arial, helvetica, sans-serif;\"><strong><b>\u00a0 \u00a0 Chi\u1ec1u r\u1ed9ng theo d\u00f5i:<\/b><\/strong>\u00a01550\u00b150 mm<\/span><\/p>\n<p><span style=\"font-family: arial, helvetica, sans-serif;\"><strong><b>\u00a0 \u00a0 Tr\u1ecdng l\u01b0\u1ee3ng ho\u1ea1t \u0111\u1ed9ng:<\/b><\/strong>\u00a05100\u00b1200 kg<\/span><\/p>\n<p>&nbsp;<\/p>\n<p><span style=\"font-family: arial, helvetica, sans-serif;\"><strong><b>\u00a0 \u00a0 1<\/b><\/strong><strong><b>.2. \u0110\u1ed9ng c\u01a1<\/b><\/strong><\/span><\/p>\n<p><span style=\"font-family: arial, helvetica, sans-serif;\"><strong><b>\u00a0 \u00a0 \u0110\u1ed9ng c\u01a1: <\/b><\/strong>\u0110\u1ed9ng c\u01a1 kh\u00ed th\u1ea3i th\u1ea5p l\u00e0m m\u00e1t b\u1eb1ng n\u01b0\u1edbc Cummins National III<\/span><\/p>\n<p><span style=\"font-family: arial, helvetica, sans-serif;\"><strong><b>\u00a0 \u00a0 C\u00f4ng su\u1ea5t \u0111\u1ecbnh m\u1ee9c \/ T\u1ed1c \u0111\u1ed9 \u0111\u1ecbnh m\u1ee9c:<\/b><\/strong>\u00a081 kW \/ 2200 r \/ ph\u00fat<\/span><\/p>\n<p><span style=\"font-family: arial, helvetica, sans-serif;\"><strong><b>\u00a0 \u00a0 M\u00f4-men xo\u1eafn \u0111\u1ea7u ra t\u1ed1i \u0111a:<\/b><\/strong>\u00a0480 N \u00b7 m @ 1500 r \/ ph\u00fat<\/span><\/p>\n<p><span style=\"font-family: arial, helvetica, sans-serif;\"><strong><b>\u00a0 \u00a0 Ph\u01b0\u01a1ng ph\u00e1p b\u1eaft \u0111\u1ea7u:<\/b><\/strong>\u00a0B\u1eaft \u0111\u1ea7u \u0111i\u1ec7n<\/span><\/p>\n<p><span style=\"font-family: arial, helvetica, sans-serif;\"><strong><b>\u00a0 \u00a0 Ph\u01b0\u01a1ng ph\u00e1p ph\u00e1t th\u1ea3i:<\/b><\/strong>\u00a0L\u00e0m s\u1ea1ch muffler<\/span><\/p>\n<p><span style=\"font-family: arial, helvetica, sans-serif;\"><strong><b>\u00a0 \u00a0 Ki\u1ec3m so\u00e1t gaay: <\/b><\/strong>B\u1ed9 \u0111i\u1ec1u khi\u1ec3n \u0111i\u1ec7n t\u1eed<\/span><\/p>\n<p>&nbsp;<\/p>\n<p><span style=\"font-family: arial, helvetica, sans-serif;\"><strong><b>\u00a0 \u00a0 1.3. <\/b><\/strong><strong><b>H\u1ec7 th\u1ed1ng truy\u1ec1n<\/b><\/strong><strong><b><br \/>\n<\/b><\/strong>\u00a0 \u00a0 \u25cf<strong><b>M\u00f4 h\u00ecnh truy\u1ec1n:<\/b><\/strong>\u00a0YJ280S2-1 ZL15DF\u00a0<\/span><\/p>\n<p><span style=\"font-family: arial, helvetica, sans-serif;\"><strong><b>\u00a0 \u00a0 M\u00f4 h\u00ecnh tr\u1ee5c l\u00e1i:<\/b><\/strong><\/span><\/p>\n<p><span style=\"font-family: arial, helvetica, sans-serif;\">\u00a0 \u00a0 Tr\u1ee5c Frone: DANA 211, phanh th\u1ee7y l\u1ef1c, l\u1eafp \u0111\u1eb7t m\u00f9a xu\u00e2n t\u1ea5m<\/span><\/p>\n<p><span style=\"font-family: arial, helvetica, sans-serif;\">\u00a0 \u00a0 Tr\u1ee5c sau: DANA 111, l\u1eafp \u0111\u1eb7t phanh ch\u1ea1y-\u0111\u1ed7 xe t\u00edch h\u1ee3p v\u00e0 l\u00f2 xo t\u1ea5m<\/span><\/p>\n<p><span style=\"font-family: arial, helvetica, sans-serif;\"><strong><b>\u00a0 \u00a0 T\u1ef7 l\u1ec7 t\u1ed1c \u0111\u1ed9 t\u1ed5ng c\u1ed9ng:<\/b><\/strong>\u00a013.646<\/span><\/p>\n<ul>\n<li><span style=\"font-family: arial, helvetica, sans-serif;\"><strong><b>L\u1ed1p xe: <\/b><\/strong>L\u1ed1p kh\u00ed n\u00e9n<\/span><\/li>\n<\/ul>\n<p>&nbsp;<\/p>\n<p><span style=\"font-family: arial, helvetica, sans-serif;\"><strong><b>\u00a0 \u00a0 1.4. <\/b><\/strong><strong><b>H\u1ec7 th\u1ed1ng phanh<\/b><\/strong><strong><b><br \/>\n<\/b><\/strong>\u00a0 \u00a0 \u25cf <strong><b>M\u00e1y b\u01a1m phanh: <\/b><\/strong>CBGJ2016\/2016<\/span><\/p>\n<p><span style=\"font-family: arial, helvetica, sans-serif;\">\u00a0 \u00a0 \u00a0<strong><b>Di chuy\u1ec3n:<\/b><\/strong>\u00a016 ml \/ h<\/span><\/p>\n<ul>\n<li><span style=\"font-family: arial, helvetica, sans-serif;\"><strong><b>\u00c1p su\u1ea5t h\u1ec7 th\u1ed1ng phanh t\u1ed1i \u0111a:<\/b><\/strong>10,3 MPa<\/span><\/li>\n<li><span style=\"font-family: arial, helvetica, sans-serif;\">Phanh kh\u1ea9n c\u1ea5p v\u00e0 phanh \u0111\u1ed7 xe l\u00e0 phanh m\u00f9a xu\u00e2n tr\u1ee5c sau;<\/span><\/li>\n<\/ul>\n<p><span style=\"font-family: arial, helvetica, sans-serif;\">\u00a0 \u00a0 Hi\u1ec7u su\u1ea5t h\u1ec7 th\u1ed1ng phanh \u0111\u00e1p \u1ee9ng ti\u00eau chu\u1ea9n EN ISO 3450, AS2958.1 v\u00e0 SABS 1589.<\/span><\/p>\n<p>&nbsp;<\/p>\n<p><span style=\"font-family: arial, helvetica, sans-serif;\"><strong><b>\u00a0 \u00a0 1.5. <\/b><\/strong><strong><b>H\u1ec7 th\u1ed1ng l\u00e1i<\/b><\/strong><\/span><\/p>\n<ul>\n<li><span style=\"font-family: arial, helvetica, sans-serif;\"><strong><b>Lo\u1ea1i:<\/b><\/strong>Tay l\u00e1i th\u1ee7y l\u1ef1c b\u00e1nh tr\u01b0\u1edbc<\/span><\/li>\n<li><span style=\"font-family: arial, helvetica, sans-serif;\"><strong><b>B\u01a1m l\u00e1i:<\/b><\/strong>CBGJ2016\/2016<\/span><\/li>\n<\/ul>\n<p><span style=\"font-family: arial, helvetica, sans-serif;\"><strong><b>\u00a0 \u00a0 Di chuy\u1ec3n: <\/b><\/strong>16 ml \/ h<\/span><\/p>\n<ul>\n<li><span style=\"font-family: arial, helvetica, sans-serif;\"><strong><b>\u00c1p su\u1ea5t t\u1ed1i \u0111a c\u1ee7a h\u1ec7 th\u1ed1ng l\u00e1i: <\/b><\/strong>8 Mpa<\/span><\/li>\n<li><span style=\"font-family: arial, helvetica, sans-serif;\"><strong><b>Thi\u1ebft b\u1ecb l\u00e1i:<\/b><\/strong>BZZ1-E125<\/span><\/li>\n<li><span style=\"font-family: arial, helvetica, sans-serif;\"><strong><b>Van \u0111i\u1ec1u khi\u1ec3n d\u00f2ng ch\u1ea3y \u01b0u ti\u00ean:<\/b><\/strong>FLD-F9.5W<\/span><\/li>\n<li><span style=\"font-family: arial, helvetica, sans-serif;\"><strong><b>Khoan xi lanh l\u00e1i \/ \u0111\u01b0\u1eddng k\u00ednh thanh \u00d7 s\u1ed1 l\u01b0\u1ee3ng xi lanh:<\/b><\/strong>\u03c655 \/ \u03c645 mm<\/span><\/li>\n<\/ul>\n<p>&nbsp;<\/p>\n<p><span style=\"font-family: arial, helvetica, sans-serif;\"><strong><b>\u00a0 \u00a0 \u00a01.6. <\/b><\/strong><strong><b>H\u1ec7 th\u1ed1ng \u0111i\u1ec7n<\/b><\/strong><strong><b><br \/>\n<\/b><\/strong>\u00a0 \u00a0 \u00a0\u25cf<strong><b>\u0110i\u1ec7n \u00e1p h\u1ec7 th\u1ed1ng:<\/b><\/strong>\u00a024V DC<\/span><\/p>\n<ul>\n<li><span style=\"font-family: arial, helvetica, sans-serif;\"><strong><b>\u0110i\u1ec7n \u00e1p \/ c\u00f4ng su\u1ea5t \u0111\u1ed9ng c\u01a1 kh\u1edfi \u0111\u1ed9ng:<\/b><\/strong>24V \/ 4,5kW<\/span><\/li>\n<li><span style=\"font-family: arial, helvetica, sans-serif;\"><strong><b>\u00c1nh s\u00e1ng: <\/b><\/strong><\/span><\/li>\n<\/ul>\n<p><span style=\"font-family: arial, helvetica, sans-serif;\">\u00a0<strong><b>\u00a0 \u00a0 \u00a0<\/b><\/strong><strong><b>\u0110\u00e8n pha: <\/b><\/strong>2 \u0111\u01a1n v\u1ecb, 2 \u00d7 24W, 24V<\/span><\/p>\n<p><span style=\"font-family: arial, helvetica, sans-serif;\">\u00a0 \u00a0 \u00a0 <strong><b>\u0110\u00e8n ch\u1ea1y tr\u01b0\u1edbc:<\/b><\/strong>\u00a02 \u0111\u01a1n v\u1ecb, 2 \u00d7 18W, 24V<\/span><\/p>\n<p><span style=\"font-family: arial, helvetica, sans-serif;\">\u00a0<strong><b>\u00a0 \u00a0 \u00a0<\/b><\/strong><strong><b>\u0110\u00e8n sau:<\/b><\/strong>\u00a02 \u0111\u01a1n v\u1ecb, 2 \u00d7 24W, 24V<\/span><\/p>\n<p><span style=\"font-family: arial, helvetica, sans-serif;\">\u00a0 \u00a0 \u00a0 <strong><b>\u0110\u00e8n t\u00edn hi\u1ec7u khai th\u00e1c m\u1ecf:<\/b><\/strong>\u00a02 \u0111\u01a1n v\u1ecb, 24V<\/span><\/p>\n<p><span style=\"font-family: arial, helvetica, sans-serif;\">\u00a0 \u00a0 \u00a0 <strong><b>\u00c1nh s\u00e1ng v\u00f2m taxi:<\/b><\/strong>\u00a01 \u0111\u01a1n v\u1ecb, 24V<\/span><\/p>\n<p>&nbsp;<\/p>\n<p><span style=\"font-family: arial, helvetica, sans-serif;\"><strong><b>\u00a0 \u00a0 \u00a01.7. <\/b><\/strong><strong><b>C\u00f4ng su\u1ea5t b\u1ec3 nhi\u00ean li\u1ec7u<\/b><\/strong><\/span><\/p>\n<ul>\n<li><span style=\"font-family: arial, helvetica, sans-serif;\"><strong><b>B\u1ec3 ch\u1ee9a d\u1ea7u th\u1ee7y l\u1ef1c: <\/b><\/strong>120 L<\/span><\/li>\n<li><span style=\"font-family: arial, helvetica, sans-serif;\"><strong><b>B\u1ec3 nhi\u00ean li\u1ec7u:<\/b><\/strong>120 L<\/span><\/li>\n<li><span style=\"font-family: arial, helvetica, sans-serif;\"><strong><b>Truy\u1ec1n t\u1ea3i:<\/b><\/strong>25 L<\/span><\/li>\n<li><span style=\"font-family: arial, helvetica, sans-serif;\"><strong><b>Ph\u1ea7n truy\u1ec1n t\u1ea3i ch\u00ednh tr\u1ee5c l\u00e1i xe:<\/b><\/strong>5L \u00d7 2<\/span><\/li>\n<li><span style=\"font-family: arial, helvetica, sans-serif;\"><strong><b>Ph\u1ea7n gi\u1ea3m b\u00ean b\u00e1nh xe tr\u1ee5c l\u00e1i xe:<\/b><\/strong>0.4 L\u00d74<\/span><\/li>\n<li><span style=\"font-family: arial, helvetica, sans-serif;\"><strong><b>D\u1ea7u b\u00f4i tr\u01a1n \u0111\u1ed9ng c\u01a1: <\/b><\/strong>7.7L<\/span><\/li>\n<\/ul>\n<p>&nbsp;<\/p>","protected":false},"excerpt":{"rendered":"<p><span style=\"font-family: arial, helvetica, sans-serif;\">C\u00e1c <strong><b>ZDRU-16A V\u1eadn chuy\u1ec3n nh\u00e2n vi\u00ean<\/b><\/strong>\u00a0\u0111\u01b0\u1ee3c cung c\u1ea5p b\u1edfi \u0111\u1ed9ng c\u01a1 diesel, c\u00f3 truy\u1ec1n th\u1ee7y c\u01a1, \u1ed5 \u0111\u1ea9y b\u1ed1n b\u00e1nh, ho\u1ea1t \u0111\u1ed9ng h\u01b0\u1edbng v\u1ec1 ph\u00eda tr\u01b0\u1edbc, l\u00e1i th\u1ee7y l\u1ef1c tr\u1ee5c tr\u01b0\u1edbc v\u1edbi g\u00f3c xoay l\u1edbn. N\u00f3 th\u1ec3 hi\u1ec7n kh\u1ea3 n\u0103ng c\u01a1 \u0111\u1ed9ng cao v\u1edbi b\u00e1n k\u00ednh xoay nh\u1ecf, l\u00e0m cho n\u00f3 ph\u00f9 h\u1ee3p cho c\u00e1c ho\u1ea1t \u0111\u1ed9ng \u0111\u01b0\u1eddng h\u1ea7m c\u1eaft ngang trung b\u00ecnh.<\/span><\/p>","protected":false},"featured_media":3146,"comment_status":"closed","ping_status":"closed","template":"","meta":{"_acf_changed":false},"product_brand":[],"product_cat":[15],"product_tag":[],"class_list":{"0":"post-2598","1":"product","2":"type-product","3":"status-publish","4":"has-post-thumbnail","6":"product_cat-trackless-mining-equipment","8":"first","9":"instock","10":"shipping-taxable","11":"product-type-simple"},"acf":[],"_links":{"self":[{"href":"https:\/\/www.zongdamining.com\/vi\/wp-json\/wp\/v2\/product\/2598","targetHints":{"allow":["GET"]}}],"collection":[{"href":"https:\/\/www.zongdamining.com\/vi\/wp-json\/wp\/v2\/product"}],"about":[{"href":"https:\/\/www.zongdamining.com\/vi\/wp-json\/wp\/v2\/types\/product"}],"replies":[{"embeddable":true,"href":"https:\/\/www.zongdamining.com\/vi\/wp-json\/wp\/v2\/comments?post=2598"}],"wp:featuredmedia":[{"embeddable":true,"href":"https:\/\/www.zongdamining.com\/vi\/wp-json\/wp\/v2\/media\/3146"}],"wp:attachment":[{"href":"https:\/\/www.zongdamining.com\/vi\/wp-json\/wp\/v2\/media?parent=2598"}],"wp:term":[{"taxonomy":"product_brand","embeddable":true,"href":"https:\/\/www.zongdamining.com\/vi\/wp-json\/wp\/v2\/product_brand?post=2598"},{"taxonomy":"product_cat","embeddable":true,"href":"https:\/\/www.zongdamining.com\/vi\/wp-json\/wp\/v2\/product_cat?post=2598"},{"taxonomy":"product_tag","embeddable":true,"href":"https:\/\/www.zongdamining.com\/vi\/wp-json\/wp\/v2\/product_tag?post=2598"}],"curies":[{"name":"WP","href":"https:\/\/api.w.org\/{rel}","templated":true}]}}