{"id":2605,"date":"2025-08-27T16:42:57","date_gmt":"2025-08-27T08:42:57","guid":{"rendered":"https:\/\/www.zongdamining.com\/?post_type=product&#038;p=2605"},"modified":"2026-03-13T13:49:44","modified_gmt":"2026-03-13T05:49:44","slug":"zdru-10-personnel-carrier","status":"publish","type":"product","link":"https:\/\/www.zongdamining.com\/vi\/product\/zdru-10-personnel-carrier\/","title":{"rendered":"ZDRU-10 4WD t\u00e0u v\u1eadn chuy\u1ec3n nh\u00e2n vi\u00ean ng\u1ea7m cho an to\u00e0n &#038; M\u1ecf ng\u1ea7m hi\u1ec7u qu\u1ea3"},"content":{"rendered":"<p><span style=\"font-family: 'arial black', sans-serif;\"><strong><b>H\u00e0nh kh\u00e1ch kh\u00f4ng theo d\u00f5i ZDRU-10 <\/b><\/strong><strong><b>xe t\u1ea3i<\/b><\/strong><strong><b>\u00a0l\u00e0 m\u1ed9t thi\u1ebft b\u1ecb v\u1eadn chuy\u1ec3n kh\u00f4ng theo \u0111\u01b0\u1eddng \u0111\u01b0\u1ee3c thi\u1ebft k\u1ebf v\u00e0 s\u1ea3n xu\u1ea5t \u0111\u1eb7c bi\u1ec7t cho c\u00e1c m\u1ecf ng\u1ea7m.<\/b><\/strong><\/span><\/p>\n<p>&nbsp;<\/p>\n<p><span style=\"font-family: arial, helvetica, sans-serif; font-size: 12pt;\">C\u00e1c <strong><b>ZDRU-10 V\u1eadn chuy\u1ec3n nh\u00e2n vi\u00ean<\/b><\/strong>\u00a0\u0111\u01b0\u1ee3c cung c\u1ea5p b\u1edfi \u0111\u1ed9ng c\u01a1 diesel, v\u1edbi truy\u1ec1n c\u01a1 kh\u00ed th\u1ee7y l\u1ef1c, \u1ed5 \u0111\u1ea9y b\u1ed1n b\u00e1nh, l\u00e1i ph\u00eda tr\u01b0\u1edbc, l\u00e1i th\u1ee7y l\u1ef1c tr\u1ee5c tr\u01b0\u1edbc, g\u00f3c l\u00e1i l\u1edbn, xoay linh ho\u1ea1t v\u00e0 b\u00e1n k\u00ednh nh\u1ecf. N\u00f3 ph\u00f9 h\u1ee3p cho c\u00e1c ho\u1ea1t \u0111\u1ed9ng \u0111\u01b0\u1eddng b\u1ed9 ph\u1ea7n trung b\u00ecnh.<\/span><\/p>\n<p><span style=\"font-family: arial, helvetica, sans-serif; font-size: 12pt;\"><b><\/b><strong><b>\u00a0 \u00a0 \u00a01. \u0110\u1eb7c \u0111i\u1ec3m k\u1ef9 thu\u1eadt<\/b><\/strong>:<\/span><\/p>\n<ul>\n<li><span style=\"font-family: arial, helvetica, sans-serif; font-size: 12pt;\"><strong><b>H\u1ec7 th\u1ed1ng \u0111i\u1ec7n<\/b><\/strong>: H\u1ec7 th\u1ed1ng \u0111i\u1ec7n \u00e1p d\u1ee5ng \u0111\u1ed9ng c\u01a1 \u00f4 nhi\u1ec5m th\u1ea5p l\u00e0m m\u00e1t b\u1eb1ng n\u01b0\u1edbc Yunnei National III;<\/span><\/li>\n<li><span style=\"font-family: arial, helvetica, sans-serif; font-size: 12pt;\"><strong><b>Truy\u1ec1n t\u1ea3i<\/b><\/strong>: H\u1ec7 th\u1ed1ng truy\u1ec1n t\u1ea3i \u0111i\u1ec7n \u00e1p d\u1ee5ng h\u1ed9p s\u1ed1 chuy\u1ec3n \u0111\u1ed9ng \u0111i\u1ec7n, tr\u1ee5c phanh \u01b0\u1edbt ho\u00e0n to\u00e0n bao g\u1ed3m v\u00e0 l\u1ed1p b\u01a1m h\u01a1i ch\u1ed1ng c\u1eaft c\u00f3 m\u1eabu khai th\u00e1c m\u1ecf;<\/span><\/li>\n<li><span style=\"font-family: arial, helvetica, sans-serif; font-size: 12pt;\"><strong><b>H\u1ec7 th\u1ed1ng phanh<\/b><\/strong>: Phanh l\u00e1i xe \u00e1p d\u1ee5ng phanh th\u1ee7y l\u1ef1c \u0111a \u0111\u0129a \u01b0\u1edbt; Phanh \u0111\u1ed7 xe \u00e1p d\u1ee5ng van h\u01b0\u1edbng d\u1eabn th\u1ee7 c\u00f4ng \u0111\u1ec3 ki\u1ec3m so\u00e1t phanh l\u00f2 xo tr\u1ee5c, an to\u00e0n v\u00e0 \u0111\u00e1ng tin c\u1eady;<\/span><\/li>\n<li><span style=\"font-family: arial, helvetica, sans-serif; font-size: 12pt;\"><strong><b>Khung<\/b><\/strong>: Khung l\u00e0 m\u1ed9t c\u1ea5u tr\u00fac kh\u00f4ng th\u1ec3 thi\u1ebfu v\u1edbi hi\u1ec7u su\u1ea5t \u0111\u00e1ng tin c\u1eady;<\/span><\/li>\n<li><span style=\"font-family: arial, helvetica, sans-serif; font-size: 12pt;\">Ch\u1ea5p nh\u1eadn m\u1ed9t cabin \u0111\u00f3ng l\u00e0 an to\u00e0n h\u01a1n v\u00e0 tho\u1ea3i m\u00e1i h\u01a1n.<\/span><\/li>\n<li><span style=\"font-family: arial, helvetica, sans-serif; font-size: 12pt;\">\u00c1p d\u1ee5ng \u0111\u1ecbnh h\u01b0\u1edbng ph\u00eda sau \u0111\u1ec3 d\u1ec5 d\u00e0ng v\u00e0o v\u00e0 tho\u00e1t kh\u1ecfi nh\u00e2n vi\u00ean, v\u1edbi an to\u00e0n t\u1ed1t.<\/span><\/li>\n<\/ul>\n<p>&nbsp;<\/p>\n<p><span style=\"font-family: arial, helvetica, sans-serif; font-size: 12pt;\"><b><\/b><strong><b>\u00a0 \u00a0 \u00a02. Bi\u1ec7n ph\u00e1p an to\u00e0n<\/b><\/strong>:<\/span><\/p>\n<ul>\n<li><span style=\"font-family: arial, helvetica, sans-serif; font-size: 12pt;\"><b><\/b><strong><b>Thi\u1ebft b\u1ecb an to\u00e0n<\/b><\/strong>C\u00e1c nh\u00e0 khai th\u00e1c ph\u1ea3i \u0111eo m\u0169 b\u1ea3o hi\u1ec3m an to\u00e0n, mang theo c\u00e1c thi\u1ebft b\u1ecb t\u1ef1 c\u1ee9u v\u00e0 s\u1eed d\u1ee5ng \u0111\u00e8n khai th\u00e1c m\u1ecf khi b\u01b0\u1edbc v\u00e0o gi\u1ebfng.<\/span><\/li>\n<li><span style=\"font-family: arial, helvetica, sans-serif; font-size: 12pt;\"><b><\/b><strong><b>B\u1ea3o tr\u00ec th\u01b0\u1eddng xuy\u00ean<\/b><\/strong>Ki\u1ec3m tra th\u01b0\u1eddng xuy\u00ean v\u00e0 gi\u1ea3i quy\u1ebft nhanh ch\u00f3ng c\u00e1c m\u1ed1i nguy hi\u1ec3m \u1ea9n.<\/span><\/li>\n<li><span style=\"font-family: arial, helvetica, sans-serif; font-size: 12pt;\"><b><\/b><strong><b>Kh\u00f4ng b\u1ea3o tr\u00ec trong khi ho\u1ea1t \u0111\u1ed9ng<\/b><\/strong>C\u1ea5m th\u1ef1c hi\u1ec7n b\u1ea3o tr\u00ec trong khi m\u00e1y \u0111ang ch\u1ea1y.<\/span><\/li>\n<li><span style=\"font-family: arial, helvetica, sans-serif; font-size: 12pt;\"><b><\/b><strong><b>An to\u00e0n trong qu\u00e1 tr\u00ecnh h\u00e0n \/ c\u1eaft<\/b><\/strong>X\u00e1c nh\u1eadn kh\u00f4ng c\u00f3 v\u1eadt li\u1ec7u d\u1ec5 ch\u00e1y ho\u1eb7c n\u1ed5 tr\u01b0\u1edbc khi b\u1ea3o tr\u00ec.<\/span><\/li>\n<li><span style=\"font-family: arial, helvetica, sans-serif; font-size: 12pt;\"><b><\/b><strong><b>C\u00e1c bi\u1ec7n ph\u00e1p ph\u00f2ng ng\u1eeba \u1ed1ng th\u1ea3i<\/b><\/strong>Tr\u00e1nh ti\u1ebfp x\u00fac v\u1eadt l\u00fd v\u1edbi \u1ed1ng th\u1ea3i n\u00f3ng.<\/span><\/li>\n<li><span style=\"font-family: arial, helvetica, sans-serif; font-size: 12pt;\"><b><\/b><strong><b>B\u1ea3o tr\u00ec h\u1ec7 th\u1ed1ng th\u1ee7y l\u1ef1c<\/b><\/strong>\u00c1p l\u1ef1c ph\u1ea3i \u0111\u01b0\u1ee3c gi\u1ea3m tr\u01b0\u1edbc khi b\u1eaft \u0111\u1ea7u s\u1eeda ch\u1eefa.<\/span><\/li>\n<\/ul>\n<p><span style=\"font-family: arial, helvetica, sans-serif; font-size: 12pt;\"><strong><b>\u0110i\u1ec1u ki\u1ec7n s\u1eed d\u1ee5ng cho <\/b><\/strong><strong><b>ZDRU-10 V\u1eadn chuy\u1ec3n nh\u00e2n vi\u00ean<\/b><\/strong><\/span><\/p>\n<p><span style=\"font-family: arial, helvetica, sans-serif; font-size: 12pt;\"><b><\/b><strong><b>\u00a0 \u00a0 \u00a01. Th\u00f4ng s\u1ed1 k\u1ef9 thu\u1eadt \u0111\u01b0\u1eddng h\u1ea7m<\/b><\/strong>:<\/span><\/p>\n<ul>\n<li><span style=\"font-family: arial, helvetica, sans-serif; font-size: 12pt;\">Th\u00edch h\u1ee3p cho \u0111\u01b0\u1eddng h\u1ea7m v\u1edbi k\u00edch th\u01b0\u1edbc c\u1eaft ch\u00e9o c\u1ee7a <strong><b>5 m\u00e9t (chi\u1ec1u cao) \u00d7 <\/b><\/strong><strong><b>3<\/b><\/strong><strong><b>m\u00e9t (chi\u1ec1u r\u1ed9ng) v\u00e0 tr\u00ean<\/b><\/strong>.<\/span><\/li>\n<li><span style=\"font-family: arial, helvetica, sans-serif; font-size: 12pt;\">Y\u00eau c\u1ea7u a <strong><b>t\u1ea5m \u0111\u1ea7u c\u00f4ng ty<\/b><\/strong>.<\/span><\/li>\n<li><span style=\"font-family: arial, helvetica, sans-serif; font-size: 12pt;\">B\u00e1n k\u00ednh xoay t\u1ed1i thi\u1ec3u c\u1ee7a <strong><b>\u2265<\/b><\/strong><strong><b>95<\/b><\/strong><strong><b>m\u00e9t<\/b><\/strong>\u00a0\u1edf b\u00ean ngo\u00e0i.<\/span><\/li>\n<li><span style=\"font-family: arial, helvetica, sans-serif; font-size: 12pt;\">\u0110\u01b0\u1eddng d\u1ed1c n\u00ean <strong><b>\u2264 14\u00b0<\/b><\/strong>.<\/span><\/li>\n<li><span style=\"font-family: arial, helvetica, sans-serif; font-size: 12pt;\">Ph\u00f9 h\u1ee3p <strong><b>th\u00f4ng gi\u00f3 v\u00e0 tho\u00e1t n\u01b0\u1edbc<\/b><\/strong>t\u1ea1i n\u01a1i l\u00e0m vi\u1ec7c.<\/span><\/li>\n<\/ul>\n<p><span style=\"font-family: arial, helvetica, sans-serif; font-size: 12pt;\"><b><\/b><strong><b>\u00a0 \u00a0 \u00a02. Y\u1ebfu t\u1ed1 m\u00f4i tr\u01b0\u1eddng<\/b><\/strong>:<\/span><\/p>\n<ul>\n<li><span style=\"font-family: arial, helvetica, sans-serif; font-size: 12pt;\">Nhi\u1ec7t \u0111\u1ed9 m\u00f4i tr\u01b0\u1eddng trong \u0111\u01b0\u1eddng h\u1ea7m: <strong><b>-5 \u00b0 C \u0111\u1ebfn 40 \u00b0 C<\/b><\/strong>.<\/span><\/li>\n<li><span style=\"font-family: arial, helvetica, sans-serif; font-size: 12pt;\">\u0110\u1ed9 \u1ea9m t\u01b0\u01a1ng \u0111\u1ed1i t\u1ed1i \u0111a (\u1edf 25 \u00b0 C): <strong><b>Kh\u00f4ng qu\u00e1 85%<\/b><\/strong>.<\/span><\/li>\n<\/ul>\n<p><span style=\"font-family: arial, helvetica, sans-serif; font-size: 12pt;\"><b><\/b><strong><b>\u00a0 \u00a0 \u00a0 3. Y\u00eau c\u1ea7u nhi\u00ean li\u1ec7u<\/b><\/strong>:<\/span><\/p>\n<ul>\n<li><span style=\"font-family: arial, helvetica, sans-serif; font-size: 12pt;\">H\u00e0m l\u01b0\u1ee3ng l\u01b0u hu\u1ef3nh c\u1ee7a nhi\u00ean li\u1ec7u \u0111\u01b0\u1ee3c s\u1eed d\u1ee5ng trong m\u00e1y n\u00e0y ph\u1ea3i <strong><b>Kh\u00f4ng v\u01b0\u1ee3t qu\u00e1 0,2%<\/b><\/strong>.<\/span><\/li>\n<\/ul>\n<p><span style=\"font-family: arial, helvetica, sans-serif; font-size: 12pt;\"><b><\/b><strong><b>\u00a0 \u00a0 \u00a0 4. B\u1ea3o v\u1ec7 an to\u00e0n<\/b><\/strong>:<\/span><\/p>\n<ul>\n<li><span style=\"font-family: arial, helvetica, sans-serif; font-size: 12pt;\">Ch\u1eb7t ch\u1ebd <strong><b>c\u1ea5m<\/b><\/strong>\u1edf nh\u1eefng n\u01a1i v\u1edbi <strong><b>Kh\u00ed d\u1ec5 ch\u00e1y v\u00e0 n\u1ed5<\/b><\/strong> (nh\u01b0 kh\u00ed v\u00e0 b\u1ee5i than).<\/span><span style=\"font-family: arial, helvetica, sans-serif; font-size: 12pt;\"><strong style=\"font-size: 12pt;\"><b>1.1. Th\u00f4ng s\u1ed1 k\u1ef9 thu\u1eadt c\u1ee7a to\u00e0n b\u1ed9 m\u00e1y<\/b><\/strong><\/span><span style=\"font-family: arial, helvetica, sans-serif; font-size: 12pt;\"><strong><b>C\u00f4ng su\u1ea5t h\u00e0nh kh\u00e1ch: <\/b><\/strong>10 ng\u01b0\u1eddi<\/span><span style=\"font-family: arial, helvetica, sans-serif; font-size: 12pt;\"><strong><b>T\u1ed1c \u0111\u1ed9 l\u00e1i xe t\u1ed1i \u0111a trong b\u00e1nh r\u0103ng I: <\/b><\/strong>14 km\/gi\u1edd<\/span><span style=\"font-family: arial, helvetica, sans-serif; font-size: 12pt;\"><strong><b>B\u00e1nh r\u0103ng th\u1ee9 hai:<\/b><\/strong>\u00a024 km\/gi\u1edd<\/span><span style=\"font-family: arial, helvetica, sans-serif; font-size: 12pt;\"><strong><b>B\u00e1nh r\u0103ng ng\u01b0\u1ee3c I: <\/b><\/strong>14 km\/gi\u1edd<\/span><span style=\"font-family: arial, helvetica, sans-serif; font-size: 12pt;\"><strong><b>Kh\u1ea3 n\u0103ng leo l\u00ean t\u1ed1i \u0111a (t\u1ea3i n\u1eb7ng):<\/b><\/strong>14 \u00b0<\/span><span style=\"font-family: arial, helvetica, sans-serif; font-size: 12pt;\"><strong><b>L\u1ef1c k\u00e9o t\u1ed1i \u0111a: <\/b><\/strong>S\u1ed1 KN<\/span><span style=\"font-family: arial, helvetica, sans-serif; font-size: 12pt;\"><strong><b>B\u00e1n k\u00ednh xoay (b\u00ean ngo\u00e0i): <\/b><\/strong>7950 mm<\/span><span style=\"font-family: arial, helvetica, sans-serif; font-size: 12pt;\"><strong><b>Chi\u1ec1u cao t\u1ed1i \u0111a c\u1ee7a to\u00e0n b\u1ed9 m\u00e1y:<\/b><\/strong>2150 mm<\/span>\n<p><span style=\"font-family: arial, helvetica, sans-serif; font-size: 12pt;\"><strong><b>G\u00f3c l\u00e1i:<\/b><\/strong>\u00b1 30 \u00b0<\/span><\/p>\n<p><span style=\"font-family: arial, helvetica, sans-serif; font-size: 12pt;\"><strong><b>Kho\u1ea3ng tr\u1ed1ng m\u1eb7t \u0111\u1ea5t t\u1ed1i thi\u1ec3u:<\/b><\/strong>\u00a0240 mm<\/span><\/p>\n<p><span style=\"font-family: arial, helvetica, sans-serif; font-size: 12pt;\"><strong><b>K\u00edch th\u01b0\u1edbc b\u00ean ngo\u00e0i (chi\u1ec1u d\u00e0i \u00d7 r\u1ed9ng \u00d7 chi\u1ec1u cao):<\/b><\/strong>5000 mm x 900 mm x 2150 mm<\/span><\/p>\n<p><span style=\"font-family: arial, helvetica, sans-serif; font-size: 12pt;\"><strong><b>Tr\u1ecdng l\u01b0\u1ee3ng ho\u1ea1t \u0111\u1ed9ng c\u1ee7a to\u00e0n b\u1ed9 m\u00e1y:<\/b><\/strong>4950kg<\/span><\/p>\n<h3><span style=\"font-family: arial, helvetica, sans-serif; font-size: 12pt;\"><strong><b>\u00a0<\/b><\/strong><\/span><\/h3>\n<h3><span style=\"font-family: arial, helvetica, sans-serif; font-size: 12pt;\"><strong><b>1.2. \u0110\u1ed9ng c\u01a1<\/b><\/strong><\/span><\/h3>\n<p><span style=\"font-family: arial, helvetica, sans-serif; font-size: 12pt;\"><strong><b>Th\u01b0\u01a1ng hi\u1ec7u<\/b><\/strong><strong><b>\u00a0<\/b><\/strong><strong><b>: <\/b><\/strong>\u0110\u1ed9ng c\u01a1 \u00f4 nhi\u1ec5m th\u1ea5p Cummins<\/span><\/p>\n<p><span style=\"font-family: arial, helvetica, sans-serif; font-size: 12pt;\"><strong><b>Ki\u1ec3u<\/b><\/strong><strong><b>: <\/b><\/strong>\u0110\u1ed9ng c\u01a1 diesel l\u00e0m m\u00e1t b\u1eb1ng n\u01b0\u1edbc<\/span><\/p>\n<p><span style=\"font-family: arial, helvetica, sans-serif; font-size: 12pt;\"><strong><b>C\u00f4ng su\u1ea5t \u0111\u1ecbnh m\u1ee9c <\/b><\/strong><strong><b>:<\/b><\/strong>81KW \/ 2200rpm, 480Nm@1600<\/span><\/p>\n<p><span style=\"font-family: arial, helvetica, sans-serif; font-size: 12pt;\"><strong><b>Ph\u00e1t th\u1ea3i kh\u00ed th\u1ea3i<\/b><\/strong><strong><b>:<\/b><\/strong>\u00a0DOC DPF (giai \u0111o\u1ea1n qu\u1ed1c gia Trung Qu\u1ed1c III)<\/span><\/p>\n<p><span style=\"font-family: arial, helvetica, sans-serif; font-size: 12pt;\"><strong><b>Ph\u01b0\u01a1ng ph\u00e1p b\u1eaft \u0111\u1ea7u:<\/b><\/strong><strong><b>\u00a0<\/b><\/strong>B\u1eaft \u0111\u1ea7u \u0111i\u1ec7n<\/span><\/p>\n<p><span style=\"font-family: arial, helvetica, sans-serif; font-size: 12pt;\"><strong><b>\u0110i\u1ec1u khi\u1ec3n gia t\u1ed1c:<\/b><\/strong><strong><b>\u00a0<\/b><\/strong>B\u1ed9 \u0111i\u1ec1u khi\u1ec3n \u0111i\u1ec7n t\u1eed<\/span><\/p>\n<h3><span style=\"font-family: arial, helvetica, sans-serif; font-size: 12pt;\"><strong><b>\u00a0<\/b><\/strong><\/span><\/h3>\n<h3><span style=\"font-family: arial, helvetica, sans-serif; font-size: 12pt;\"><strong><b>1.3. H\u1ec7 th\u1ed1ng truy\u1ec1n<\/b><\/strong><\/span><\/h3>\n<p><span style=\"font-family: arial, helvetica, sans-serif; font-size: 12pt;\"><strong><b>M\u00f4 h\u00ecnh truy\u1ec1n: <\/b><\/strong>S\u1ea3n ph\u1ea9m ZL15 YJ280<\/span><\/p>\n<p><span style=\"font-family: arial, helvetica, sans-serif; font-size: 12pt;\"><strong><b>M\u00f4 h\u00ecnh tr\u1ee5c l\u00e1i: <\/b><\/strong><\/span><\/p>\n<p><span style=\"font-family: arial, helvetica, sans-serif; font-size: 12pt;\">Tr\u1ee5c Frone: DANA 211, phanh th\u1ee7y l\u1ef1c, l\u1eafp \u0111\u1eb7t m\u00f9a xu\u00e2n t\u1ea5m<\/span><\/p>\n<p><span style=\"font-family: arial, helvetica, sans-serif; font-size: 12pt;\">Tr\u1ee5c sau: DANA 111, l\u1eafp \u0111\u1eb7t phanh ch\u1ea1y-\u0111\u1ed7 xe t\u00edch h\u1ee3p v\u00e0 l\u00f2 xo t\u1ea5m<\/span><\/p>\n<p><span style=\"font-family: arial, helvetica, sans-serif; font-size: 12pt;\"><strong><b>T\u1ef7 l\u1ec7 t\u1ed1c \u0111\u1ed9 t\u1ed5ng c\u1ed9ng:<\/b><\/strong>13.646<\/span><\/p>\n<p><span style=\"font-family: arial, helvetica, sans-serif; font-size: 12pt;\"><strong><b>L\u1ed1p xe:<\/b><\/strong><strong><b>\u00a0<\/b><\/strong>L\u1ed1p b\u01a1m h\u01a1i<\/span><\/p>\n<h3><span style=\"font-family: arial, helvetica, sans-serif; font-size: 12pt;\"><strong><b>1.4. H\u1ec7 th\u1ed1ng phanh<\/b><\/strong><\/span><\/h3>\n<p><span style=\"font-family: arial, helvetica, sans-serif; font-size: 12pt;\"><strong><b>B\u01a1m phanh:<\/b><\/strong><strong><b>\u00a0<\/b><\/strong>CBGJ2016\/2016, di chuy\u1ec3n: 16ml \/ r<\/span><\/p>\n<p><span style=\"font-family: arial, helvetica, sans-serif; font-size: 12pt;\"><strong><b>\u00c1p su\u1ea5t t\u1ed1i \u0111a c\u1ee7a h\u1ec7 th\u1ed1ng phanh:<\/b><\/strong>10,3 MPa<\/span><\/p>\n<p><span style=\"font-family: arial, helvetica, sans-serif; font-size: 12pt;\"><strong><b>Phanh l\u00e1i xe: <\/b><\/strong>Phanh \u0111a \u0111\u0129a \u01b0\u1edbt<\/span><\/p>\n<p><span style=\"font-family: arial, helvetica, sans-serif; font-size: 12pt;\"><strong><b>M\u00f4 h\u00ecnh van phanh: <\/b><\/strong>MICO GL801-244-069<\/span><\/p>\n<p><span style=\"font-family: arial, helvetica, sans-serif; font-size: 12pt;\"><strong><b>\u00c1p su\u1ea5t phanh:<\/b><\/strong><strong><b>\u00a0\u00a0<\/b><\/strong>53 thanh<\/span><\/p>\n<p><span style=\"font-family: arial, helvetica, sans-serif; font-size: 12pt;\"><strong><b>Phanh kh\u1ea9n c\u1ea5p v\u00e0 phanh \u0111\u1ed7 xe<\/b><\/strong><strong><b>:<\/b><\/strong>\u00a0\u00a0phanh m\u00f9a xu\u00e2n tr\u1ee5c sau;<\/span><\/p>\n<p><span style=\"font-family: arial, helvetica, sans-serif; font-size: 12pt;\">Hi\u1ec7u su\u1ea5t h\u1ec7 th\u1ed1ng phanh \u0111\u00e1p \u1ee9ng ti\u00eau chu\u1ea9n EN ISO 3450, AS2958.1 v\u00e0 SABS 1589.<\/span><\/p>\n<p><span style=\"font-family: arial, helvetica, sans-serif; font-size: 12pt;\"><strong><b>\u00c1p su\u1ea5t gi\u1ea3i ph\u00f3ng: <\/b><\/strong>\u00a020 thanh<\/span><\/p>\n<h3><span style=\"font-family: arial, helvetica, sans-serif; font-size: 12pt;\"><strong><b>\u00a0<\/b><\/strong><\/span><\/h3>\n<h3><span style=\"font-family: arial, helvetica, sans-serif; font-size: 12pt;\"><strong><b>1.5. H\u1ec7 th\u1ed1ng l\u00e1i<\/b><\/strong><\/span><\/h3>\n<\/li>\n<\/ul>\n<h3><b><\/b><strong style=\"font-family: arial, helvetica, sans-serif; font-size: 12pt;\"><b>\u00a0 \u00a0 \u00a0 \u00a0 \u00a0Lo\u1ea1i: <\/b><\/strong><span style=\"font-family: arial, helvetica, sans-serif; font-size: 12pt;\">Tay l\u00e1i th\u1ee7y l\u1ef1c b\u00e1nh tr\u01b0\u1edbc<\/span><\/h3>\n<p><span style=\"font-family: arial, helvetica, sans-serif; font-size: 12pt;\"><strong><b>\u00a0 \u00a0 \u00a0 \u00a0 \u00a0B\u01a1m l\u00e1i: <\/b><\/strong>CBGJ2016\/2016<\/span><\/p>\n<p><span style=\"font-family: arial, helvetica, sans-serif; font-size: 12pt;\"><strong><b>\u00a0 \u00a0 \u00a0 \u00a0 \u00a0Di chuy\u1ec3n:<\/b><\/strong> 16 ml \/ h<\/span><\/p>\n<p><strong style=\"font-family: arial, helvetica, sans-serif; font-size: 12pt;\"><b>\u00a0 \u00a0 \u00a0 \u00a0 \u00a0\u00c1p su\u1ea5t t\u1ed1i \u0111a c\u1ee7a h\u1ec7 th\u1ed1ng l\u00e1i:<\/b><\/strong><span style=\"font-family: arial, helvetica, sans-serif; font-size: 12pt;\">8 Mpa<\/span><\/p>\n<p><span style=\"font-family: arial, helvetica, sans-serif; font-size: 12pt;\"><strong><b>\u00a0 \u00a0 \u00a0 \u00a0 \u00a0Thi\u1ebft b\u1ecb l\u00e1i:<\/b><\/strong><strong><b>\u00a0<\/b><\/strong>BZZ1-E125<\/span><\/p>\n<p><span style=\"font-family: arial, helvetica, sans-serif; font-size: 12pt;\"><strong><b>\u00a0 \u00a0 \u00a0 \u00a0 \u00a0Van \u1ed5n \u0111\u1ecbnh \u0111\u01a1n: <\/b><\/strong>FLD-F9.5W<\/span><\/p>\n<p><strong style=\"font-family: arial, helvetica, sans-serif; font-size: 12pt;\"><b>\u00a0 \u00a0 \u00a0 \u00a0 \u00a0\u0110\u01b0\u1eddng k\u00ednh xi lanh l\u00e1i \/ \u0111\u01b0\u1eddng k\u00ednh thanh \u00d7 S\u1ed1 l\u01b0\u1ee3ng xi lanh: <\/b><\/strong><span style=\"font-family: arial, helvetica, sans-serif; font-size: 12pt;\">\u03c6 55 \/ \u03c6 45 mm<\/span><\/p>\n<h3><span style=\"font-family: arial, helvetica, sans-serif; font-size: 12pt;\"><strong><b>\u00a0<\/b><\/strong><\/span><\/h3>\n<h3><span style=\"font-family: arial, helvetica, sans-serif; font-size: 12pt;\"><strong><b>\u00a0 \u00a0 \u00a0 \u00a0 \u00a01.6. H\u1ec7 th\u1ed1ng \u0111i\u1ec7n<\/b><\/strong><\/span><\/h3>\n<p><span style=\"font-family: arial, helvetica, sans-serif; font-size: 12pt;\"><strong><b>\u00a0 \u00a0 \u00a0 \u00a0 \u00a0\u0110i\u1ec7n \u00e1p h\u1ec7 th\u1ed1ng:<\/b><\/strong>24V DC<\/span><\/p>\n<p><span style=\"font-family: arial, helvetica, sans-serif; font-size: 12pt;\"><strong><b>\u00a0 \u00a0 \u00a0 \u00a0 \u00a0\u0110i\u1ec7n \u00e1p \/ c\u00f4ng su\u1ea5t \u0111\u1ed9ng c\u01a1 b\u1eaft \u0111\u1ea7u:<\/b><\/strong>\u00a024V \/ 4,5kW<\/span><\/p>\n<p><span style=\"font-family: arial, helvetica, sans-serif; font-size: 12pt;\"><strong><b>\u00a0 \u00a0 \u00a0 \u00a0 \u00a0 \u00c1nh s\u00e1ng: <\/b><\/strong>\u00a02 \u0111\u00e8n tr\u01b0\u1edbc, 2 \u00d7 24W, 24V<\/span><\/p>\n<p><span style=\"font-family: arial, helvetica, sans-serif; font-size: 12pt;\">\u00a0 \u00a0 \u00a0 \u00a0 \u00a0 \u00a0 \u00a0 \u00a0 \u00a0 \u00a0 \u00a0 \u00a0 \u00a0 \u00a0Hai \u0111\u00e8n tr\u01b0\u1edbc, hai \u00d7 18W, 24V<\/span><\/p>\n<p><span style=\"font-family: arial, helvetica, sans-serif; font-size: 12pt;\">\u00a0 \u00a0 \u00a0 \u00a0 \u00a0 \u00a0 \u00a0 \u00a0 \u00a0 \u00a0 \u00a0 \u00a0 \u00a0 \u00a02 \u0111\u00e8n tr\u01b0\u1edbc sau, 2 \u00d7 24W, 24V<\/span><\/p>\n<p><span style=\"font-family: arial, helvetica, sans-serif; font-size: 12pt;\">\u00a0 \u00a0 \u00a0 \u00a0 \u00a0 \u00a0 \u00a0 \u00a0 \u00a0 \u00a0 \u00a0 \u00a0 \u00a0 \u00a02 \u0111\u00e8n t\u00edn hi\u1ec7u khai th\u00e1c m\u1ecf, 24V, 1 \u0111\u00e8n tr\u1ea7n cabin, 24V<\/span><\/p>\n<h3><span style=\"font-family: arial, helvetica, sans-serif; font-size: 12pt;\"><strong><b>\u00a0<\/b><\/strong><\/span><\/h3>\n<h3><span style=\"font-family: arial, helvetica, sans-serif; font-size: 12pt;\"><strong><b>\u00a0 \u00a0 \u00a0 \u00a0 \u00a0 1.7. C\u00f4ng su\u1ea5t b\u1ec3 nhi\u00ean li\u1ec7u<\/b><\/strong><\/span><\/h3>\n<p><span style=\"font-family: arial, helvetica, sans-serif; font-size: 12pt;\"><strong><b>\u00a0 \u00a0 \u00a0 \u00a0 \u00a0 \u00a0B\u1ec3 ch\u1ee9a d\u1ea7u th\u1ee7y l\u1ef1c:<\/b><\/strong>90 L<\/span><\/p>\n<p><span style=\"font-family: arial, helvetica, sans-serif; font-size: 12pt;\"><strong><b>\u00a0 \u00a0 \u00a0 \u00a0 \u00a0 \u00a0B\u1ec3 nhi\u00ean li\u1ec7u:<\/b><\/strong>110 L<\/span><\/p>\n<p><span style=\"font-family: arial, helvetica, sans-serif; font-size: 12pt;\"><strong><b>\u00a0 \u00a0 \u00a0 \u00a0 \u00a0 Truy\u1ec1n t\u1ea3i:<\/b><\/strong> 25 L<\/span><\/p>\n<p><strong style=\"font-family: arial, helvetica, sans-serif; font-size: 12pt;\"><b>\u00a0 \u00a0 \u00a0 \u00a0 \u00a0 \u00a0Ph\u1ea7n truy\u1ec1n t\u1ea3i ch\u00ednh tr\u1ee5c l\u00e1i xe:<\/b><\/strong><span style=\"font-family: arial, helvetica, sans-serif; font-size: 12pt;\">5L \u00d7 hai<\/span><\/p>\n<p><span style=\"font-family: arial, helvetica, sans-serif; font-size: 12pt;\"><strong><b>\u00a0 \u00a0 \u00a0 \u00a0 \u00a0 \u00a0Ph\u1ea7n gi\u1ea3m b\u00e1nh xe tr\u1ee5c l\u00e1i xe:<\/b><\/strong>0,4 L \u00d7 b\u1ed1n<\/span><\/p>\n<p><span style=\"font-family: arial, helvetica, sans-serif; font-size: 12pt;\"><strong><b>\u00a0 \u00a0 \u00a0 \u00a0 \u00a0 \u00a0D\u1ea7u b\u00f4i tr\u01a1n \u0111\u1ed9ng c\u01a1:<\/b><\/strong>7.7L<\/span><\/p>\n<p>&nbsp;<\/p>\n<p><img fetchpriority=\"high\" decoding=\"async\" class=\"aligncenter size-full wp-image-3279\" src=\"http:\/\/www.zongdamining.com\/wp-content\/uploads\/2025\/08\/168ba31f53261dd4c26ee7be0559fd82_compress-2.jpg\" alt=\"Zru-10\" width=\"1920\" height=\"1080\" srcset=\"https:\/\/www.zongdamining.com\/wp-content\/uploads\/2025\/08\/168ba31f53261dd4c26ee7be0559fd82_compress-2.jpg 1920w, https:\/\/www.zongdamining.com\/wp-content\/uploads\/2025\/08\/168ba31f53261dd4c26ee7be0559fd82_compress-2-300x169.jpg 300w, https:\/\/www.zongdamining.com\/wp-content\/uploads\/2025\/08\/168ba31f53261dd4c26ee7be0559fd82_compress-2-1024x576.jpg 1024w, https:\/\/www.zongdamining.com\/wp-content\/uploads\/2025\/08\/168ba31f53261dd4c26ee7be0559fd82_compress-2-768x432.jpg 768w, https:\/\/www.zongdamining.com\/wp-content\/uploads\/2025\/08\/168ba31f53261dd4c26ee7be0559fd82_compress-2-1536x864.jpg 1536w, https:\/\/www.zongdamining.com\/wp-content\/uploads\/2025\/08\/168ba31f53261dd4c26ee7be0559fd82_compress-2-18x10.jpg 18w, https:\/\/www.zongdamining.com\/wp-content\/uploads\/2025\/08\/168ba31f53261dd4c26ee7be0559fd82_compress-2-600x338.jpg 600w\" sizes=\"(max-width: 1920px) 100vw, 1920px\" \/><\/p>\n<p>&nbsp;<\/p>","protected":false},"excerpt":{"rendered":"<p><span style=\"font-family: arial, helvetica, sans-serif; font-size: 12pt;\">C\u00e1c <strong><b>ZDRU-10 V\u1eadn chuy\u1ec3n nh\u00e2n vi\u00ean<\/b><\/strong>\u00a0\u0111\u01b0\u1ee3c cung c\u1ea5p b\u1edfi \u0111\u1ed9ng c\u01a1 diesel, v\u1edbi truy\u1ec1n c\u01a1 kh\u00ed th\u1ee7y l\u1ef1c, \u1ed5 \u0111\u1ea9y b\u1ed1n b\u00e1nh, l\u00e1i ph\u00eda tr\u01b0\u1edbc, l\u00e1i th\u1ee7y l\u1ef1c tr\u1ee5c tr\u01b0\u1edbc, g\u00f3c l\u00e1i l\u1edbn, xoay linh ho\u1ea1t v\u00e0 b\u00e1n k\u00ednh nh\u1ecf. N\u00f3 ph\u00f9 h\u1ee3p cho c\u00e1c ho\u1ea1t \u0111\u1ed9ng \u0111\u01b0\u1eddng b\u1ed9 ph\u1ea7n trung b\u00ecnh.<\/span><\/p>","protected":false},"featured_media":3098,"comment_status":"closed","ping_status":"closed","template":"","meta":{"_acf_changed":false},"product_brand":[],"product_cat":[15],"product_tag":[],"class_list":{"0":"post-2605","1":"product","2":"type-product","3":"status-publish","4":"has-post-thumbnail","6":"product_cat-trackless-mining-equipment","8":"first","9":"instock","10":"shipping-taxable","11":"product-type-simple"},"acf":[],"_links":{"self":[{"href":"https:\/\/www.zongdamining.com\/vi\/wp-json\/wp\/v2\/product\/2605","targetHints":{"allow":["GET"]}}],"collection":[{"href":"https:\/\/www.zongdamining.com\/vi\/wp-json\/wp\/v2\/product"}],"about":[{"href":"https:\/\/www.zongdamining.com\/vi\/wp-json\/wp\/v2\/types\/product"}],"replies":[{"embeddable":true,"href":"https:\/\/www.zongdamining.com\/vi\/wp-json\/wp\/v2\/comments?post=2605"}],"wp:featuredmedia":[{"embeddable":true,"href":"https:\/\/www.zongdamining.com\/vi\/wp-json\/wp\/v2\/media\/3098"}],"wp:attachment":[{"href":"https:\/\/www.zongdamining.com\/vi\/wp-json\/wp\/v2\/media?parent=2605"}],"wp:term":[{"taxonomy":"product_brand","embeddable":true,"href":"https:\/\/www.zongdamining.com\/vi\/wp-json\/wp\/v2\/product_brand?post=2605"},{"taxonomy":"product_cat","embeddable":true,"href":"https:\/\/www.zongdamining.com\/vi\/wp-json\/wp\/v2\/product_cat?post=2605"},{"taxonomy":"product_tag","embeddable":true,"href":"https:\/\/www.zongdamining.com\/vi\/wp-json\/wp\/v2\/product_tag?post=2605"}],"curies":[{"name":"WP","href":"https:\/\/api.w.org\/{rel}","templated":true}]}}