{"id":2612,"date":"2025-08-29T10:06:03","date_gmt":"2025-08-29T02:06:03","guid":{"rendered":"https:\/\/www.zongdamining.com\/?post_type=product&#038;p=2612"},"modified":"2026-01-27T13:46:32","modified_gmt":"2026-01-27T05:46:32","slug":"zdl203n-underground-loader","status":"publish","type":"product","link":"https:\/\/www.zongdamining.com\/vi\/product\/zdl203n-underground-loader\/","title":{"rendered":"M\u00e1y t\u1ea3i ng\u1ea7m ZDL203N cho m\u1ecf ng\u1ea7m"},"content":{"rendered":"<p><span style=\"font-family: 'arial black', sans-serif;\"><strong><b>M\u00e1y t\u1ea3i ng\u1ea7m ZDL203N: N\u00e2ng cao hi\u1ec7u qu\u1ea3 khai th\u00e1c m\u1ecf kh\u00f4ng theo d\u00f5i<\/b><\/strong><\/span><\/p>\n<p><img fetchpriority=\"high\" decoding=\"async\" class=\"aligncenter wp-image-2613\" src=\"http:\/\/www.zongdamining.com\/wp-content\/uploads\/2025\/08\/\u56fe\u72472-1.png\" alt=\"\" width=\"593\" height=\"334\" srcset=\"https:\/\/www.zongdamining.com\/wp-content\/uploads\/2025\/08\/\u56fe\u72472-1.png 1489w, https:\/\/www.zongdamining.com\/wp-content\/uploads\/2025\/08\/\u56fe\u72472-1-300x169.png 300w, https:\/\/www.zongdamining.com\/wp-content\/uploads\/2025\/08\/\u56fe\u72472-1-1024x577.png 1024w, https:\/\/www.zongdamining.com\/wp-content\/uploads\/2025\/08\/\u56fe\u72472-1-768x433.png 768w, https:\/\/www.zongdamining.com\/wp-content\/uploads\/2025\/08\/\u56fe\u72472-1-600x338.png 600w\" sizes=\"(max-width: 593px) 100vw, 593px\" \/><\/p>\n<p><span style=\"font-family: arial, helvetica, sans-serif;\">C\u00e1c <strong><b>M\u00e1y t\u1ea3i ng\u1ea7m ZDL203N<\/b><\/strong>\u00a0\u0111\u01b0\u1ee3c x\u00e2y d\u1ef1ng cho c\u00e1c m\u1ecf ng\u1ea7m, \u0111\u01b0\u1ee3c thi\u1ebft k\u1ebf \u0111\u1eb7c bi\u1ec7t \u0111\u1ec3 c\u1ea3i thi\u1ec7n hi\u1ec7u qu\u1ea3 ho\u1ea1t \u0111\u1ed9ng k\u1ebft h\u1ee3p v\u1edbi xe t\u1ea3i khai th\u00e1c m\u1ecf trong qu\u00e1 tr\u00ecnh khai th\u00e1c m\u1ecf v\u00e0 khai th\u00e1c m\u1ecf. D\u01b0\u1edbi \u0111\u00e2y l\u00e0 c\u00e1c t\u00ednh n\u0103ng ch\u00ednh c\u1ee7a n\u00f3:<\/span><\/p>\n<p><span style=\"font-family: arial, helvetica, sans-serif;\"><strong><b>\u00a0 \u00a0 \u00a01. \u0110\u1eb7c \u0111i\u1ec3m k\u1ef9 thu\u1eadt<\/b><\/strong>:<\/span><\/p>\n<ul>\n<li><span style=\"font-family: arial, helvetica, sans-serif;\"><b><\/b><strong><b>H\u1ec7 th\u1ed1ng \u0111i\u1ec7n<\/b><\/strong>\u0110\u01b0\u1ee3c trang b\u1ecb \u0111\u1ed9ng c\u01a1 l\u00e0m m\u00e1t b\u1eb1ng kh\u00f4ng kh\u00ed Deutz.<\/span><\/li>\n<li><span style=\"font-family: arial, helvetica, sans-serif;\"><b><\/b><strong><b>Truy\u1ec1n t\u1ea3i<\/b><\/strong>S\u1eed d\u1ee5ng h\u1ed9p s\u1ed1 v\u00e0 chuy\u1ec3n \u0111\u1ed5i m\u00f4-men xo\u1eafn.<\/span><\/li>\n<li><span style=\"font-family: arial, helvetica, sans-serif;\"><b><\/b><strong><b>H\u1ec7 th\u1ed1ng phanh<\/b><\/strong>:<\/span><\/li>\n<\/ul>\n<p style=\"padding-left: 120px;\"><span style=\"font-family: arial, helvetica, sans-serif;\"><b><\/b><strong><b>L\u00e1i xe phanh<\/b><\/strong>: Phanh m\u00f9a xu\u00e2n \u0111a \u0111\u0129a \u01b0\u1edbt v\u1edbi gi\u1ea3i ph\u00f3ng th\u1ee7y l\u1ef1c.<\/span><\/p>\n<p style=\"padding-left: 120px;\"><span style=\"font-family: arial, helvetica, sans-serif;\"><b><\/b><strong><b>Phanh \u0111\u1ed7 xe<\/b><\/strong>: phanh m\u00f9a xu\u00e2n tr\u00ean tr\u1ee5c l\u00e1i xe.<\/span><\/p>\n<ul>\n<li><span style=\"font-family: arial, helvetica, sans-serif;\"><b><\/b><strong><b>Khung<\/b><\/strong>: C\u1ea5u tr\u00fac b\u1ea3n l\u1ec1 trung t\u00e2m \u0111\u1ec3 c\u1ea3i thi\u1ec7n hi\u1ec7u su\u1ea5t d\u00ednh d\u00e1ng.<\/span><\/li>\n<li><span style=\"font-family: arial, helvetica, sans-serif;\"><b><\/b><strong><b>l\u00e1i xe<\/b><\/strong>: H\u1ed7 tr\u1ee3 l\u00e1i th\u1ee7y l\u1ef1c v\u1edbi m\u1ed9t xi lanh l\u00e1i \u0111\u01a1n.<\/span><\/li>\n<\/ul>\n<p><span style=\"font-family: arial, helvetica, sans-serif;\"><strong><b>\u00a0 \u00a0 \u00a02. Hi\u1ec7u su\u1ea5t n\u1ed5i b\u1eadt<\/b><\/strong>:<\/span><\/p>\n<ul>\n<li><span style=\"font-family: arial, helvetica, sans-serif;\"><b><\/b><strong><b>\u0110\u1ed9ng c\u01a1 diesel<\/b><\/strong>\u0110\u01b0\u1ee3c h\u1ed7 tr\u1ee3 b\u1edfi m\u1ed9t \u0111\u1ed9ng c\u01a1 diesel \u0111\u00e1ng tin c\u1eady.<\/span><\/li>\n<li><span style=\"font-family: arial, helvetica, sans-serif;\"><b><\/b><strong><b>\u0110\u1ed9ng c\u01a1 b\u1ed1n b\u00e1nh<\/b><\/strong>: \u0110\u1ea3m b\u1ea3o k\u00e9o v\u00e0 kh\u1ea3 n\u0103ng c\u01a1 \u0111\u1ed9ng.<\/span><\/li>\n<li><span style=\"font-family: arial, helvetica, sans-serif;\"><b><\/b><strong><b>L\u00e1i xe b\u00ean<\/b><\/strong>Cho ph\u00e9p linh ho\u1ea1t trong kh\u00f4ng gian ch\u1eb7t ch\u1ebd.<\/span><\/li>\n<li><span style=\"font-family: arial, helvetica, sans-serif;\"><b><\/b><strong><b>l\u00e1i th\u1ee7y l\u1ef1c n\u1ed1i trung t\u00e2m<\/b><\/strong>: G\u00f3c l\u00e1i l\u1edbn \u0111\u1ec3 ki\u1ec3m so\u00e1t ch\u00ednh x\u00e1c.<\/span><\/li>\n<li><span style=\"font-family: arial, helvetica, sans-serif;\"><b><\/b><strong><b>B\u00e1n k\u00ednh xoay nh\u1ecf<\/b><\/strong>: L\u00fd t\u01b0\u1edfng cho c\u00e1c ho\u1ea1t \u0111\u1ed9ng \u0111\u01b0\u1eddng h\u1ea7m ph\u1ea7n trung b\u00ecnh.\u3001<\/span><\/li>\n<\/ul>\n<p><span style=\"font-family: arial, helvetica, sans-serif;\"><b><\/b><strong><b>\u00a0 \u00a0 \u00a03. Bi\u1ec7n ph\u00e1p an to\u00e0n<\/b><\/strong>:<\/span><\/p>\n<ul>\n<li><span style=\"font-family: arial, helvetica, sans-serif;\"><b><\/b><strong><b>Thi\u1ebft b\u1ecb an to\u00e0n<\/b><\/strong>C\u00e1c nh\u00e0 khai th\u00e1c ph\u1ea3i \u0111eo m\u0169 b\u1ea3o hi\u1ec3m an to\u00e0n, mang theo c\u00e1c thi\u1ebft b\u1ecb t\u1ef1 c\u1ee9u v\u00e0 s\u1eed d\u1ee5ng \u0111\u00e8n khai th\u00e1c m\u1ecf khi b\u01b0\u1edbc v\u00e0o gi\u1ebfng.<\/span><\/li>\n<li><span style=\"font-family: arial, helvetica, sans-serif;\"><b><\/b><strong><b>B\u1ea3o tr\u00ec th\u01b0\u1eddng xuy\u00ean<\/b><\/strong>Ki\u1ec3m tra th\u01b0\u1eddng xuy\u00ean v\u00e0 gi\u1ea3i quy\u1ebft nhanh ch\u00f3ng c\u00e1c m\u1ed1i nguy hi\u1ec3m \u1ea9n.<\/span><\/li>\n<li><span style=\"font-family: arial, helvetica, sans-serif;\"><b><\/b><strong><b>Kh\u00f4ng b\u1ea3o tr\u00ec trong khi ho\u1ea1t \u0111\u1ed9ng<\/b><\/strong>C\u1ea5m th\u1ef1c hi\u1ec7n b\u1ea3o tr\u00ec trong khi m\u00e1y \u0111ang ch\u1ea1y.<\/span><\/li>\n<li><span style=\"font-family: arial, helvetica, sans-serif;\"><b><\/b><strong><b>An to\u00e0n trong qu\u00e1 tr\u00ecnh h\u00e0n \/ c\u1eaft<\/b><\/strong>X\u00e1c nh\u1eadn kh\u00f4ng c\u00f3 v\u1eadt li\u1ec7u d\u1ec5 ch\u00e1y ho\u1eb7c n\u1ed5 tr\u01b0\u1edbc khi b\u1ea3o tr\u00ec.<\/span><\/li>\n<li><span style=\"font-family: arial, helvetica, sans-serif;\"><b><\/b><strong><b>C\u00e1c bi\u1ec7n ph\u00e1p ph\u00f2ng ng\u1eeba \u1ed1ng th\u1ea3i<\/b><\/strong>Tr\u00e1nh ti\u1ebfp x\u00fac v\u1eadt l\u00fd v\u1edbi \u1ed1ng th\u1ea3i n\u00f3ng.<\/span><\/li>\n<li><span style=\"font-family: arial, helvetica, sans-serif;\"><b><\/b><strong><b>B\u1ea3o tr\u00ec h\u1ec7 th\u1ed1ng th\u1ee7y l\u1ef1c<\/b><\/strong>\u00c1p l\u1ef1c ph\u1ea3i \u0111\u01b0\u1ee3c gi\u1ea3m tr\u01b0\u1edbc khi b\u1eaft \u0111\u1ea7u s\u1eeda ch\u1eefa.<\/span><\/li>\n<\/ul>\n<p><span style=\"font-family: arial, helvetica, sans-serif;\">M\u00e1y t\u1ea3i ZDL203N \u0111\u00f3ng m\u1ed9t vai tr\u00f2 quan tr\u1ecdng trong vi\u1ec7c \u0111\u1ea1t \u0111\u01b0\u1ee3c c\u00e1c ho\u1ea1t \u0111\u1ed9ng khai th\u00e1c m\u1ecf kh\u00f4ng theo d\u00f5i hi\u1ec7u qu\u1ea3 v\u00e0 an to\u00e0n.<\/span><\/p>\n<p>&nbsp;<\/p>\n<p>&nbsp;<\/p>\n<p><span style=\"font-family: arial, helvetica, sans-serif;\"><strong><b>\u0110i\u1ec1u ki\u1ec7n s\u1eed d\u1ee5ng cho m\u00e1y t\u1ea3i ng\u1ea7m ZDL203N<\/b><\/strong><\/span><\/p>\n<p><span style=\"font-family: arial, helvetica, sans-serif;\"><b><\/b><strong><b>\u00a0 \u00a0 \u00a01. Th\u00f4ng s\u1ed1 k\u1ef9 thu\u1eadt \u0111\u01b0\u1eddng h\u1ea7m<\/b><\/strong>:<\/span><\/p>\n<ul>\n<li><span style=\"font-family: arial, helvetica, sans-serif;\">Th\u00edch h\u1ee3p cho \u0111\u01b0\u1eddng h\u1ea7m v\u1edbi k\u00edch th\u01b0\u1edbc c\u1eaft ch\u00e9o c\u1ee7a <strong><b>5 m\u00e9t (chi\u1ec1u cao) \u00d7 2,5 m\u00e9t (chi\u1ec1u r\u1ed9ng) tr\u1edf l\u00ean<\/b><\/strong>.<\/span><\/li>\n<li><span style=\"font-family: arial, helvetica, sans-serif;\">Y\u00eau c\u1ea7u a <strong><b>t\u1ea5m \u0111\u1ea7u c\u00f4ng ty<\/b><\/strong>.<\/span><\/li>\n<li><span style=\"font-family: arial, helvetica, sans-serif;\">B\u00e1n k\u00ednh xoay t\u1ed1i thi\u1ec3u c\u1ee7a <strong><b>\u2265 4,3 m\u00e9t<\/b><\/strong>\u1edf b\u00ean ngo\u00e0i.<\/span><\/li>\n<li><span style=\"font-family: arial, helvetica, sans-serif;\">\u0110\u01b0\u1eddng d\u1ed1c n\u00ean <strong><b>\u2264 14\u00b0<\/b><\/strong>.<\/span><\/li>\n<li><span style=\"font-family: arial, helvetica, sans-serif;\">Ph\u00f9 h\u1ee3p <strong><b>th\u00f4ng gi\u00f3 v\u00e0 tho\u00e1t n\u01b0\u1edbc<\/b><\/strong>t\u1ea1i n\u01a1i l\u00e0m vi\u1ec7c.<\/span><b><\/b><\/li>\n<\/ul>\n<p><span style=\"font-family: arial, helvetica, sans-serif;\"><strong><b>\u00a0 \u00a0 \u00a02. Y\u1ebfu t\u1ed1 m\u00f4i tr\u01b0\u1eddng<\/b><\/strong>:<\/span><\/p>\n<ul>\n<li><span style=\"font-family: arial, helvetica, sans-serif;\">Nhi\u1ec7t \u0111\u1ed9 m\u00f4i tr\u01b0\u1eddng trong \u0111\u01b0\u1eddng h\u1ea7m: <strong><b>-5 \u00b0 C \u0111\u1ebfn 40 \u00b0 C<\/b><\/strong>.<\/span><\/li>\n<li><span style=\"font-family: arial, helvetica, sans-serif;\">\u0110\u1ed9 \u1ea9m t\u01b0\u01a1ng \u0111\u1ed1i t\u1ed1i \u0111a (\u1edf 25 \u00b0 C): <strong><b>Kh\u00f4ng qu\u00e1 85%<\/b><\/strong>.<\/span><\/li>\n<li><span style=\"font-family: arial, helvetica, sans-serif;\">Chi\u1ec1u cao c\u1ee7a v\u1ecb tr\u00ed s\u1eed d\u1ee5ng: <strong><b>Kh\u00f4ng v\u01b0\u1ee3t qu\u00e1 1000 m\u00e9t<\/b><\/strong>.<\/span><\/li>\n<li><span style=\"font-family: arial, helvetica, sans-serif;\">\u1ede v\u00f9ng cao (tr\u00ean 1000 m\u00e9t), <strong><b>gi\u1ea3m n\u0103ng l\u01b0\u1ee3ng<\/b><\/strong>c\u1ea7n thi\u1ebft cho ho\u1ea1t \u0111\u1ed9ng.<\/span><b><\/b><\/li>\n<\/ul>\n<p><span style=\"font-family: arial, helvetica, sans-serif;\"><strong><b>\u00a0 \u00a0 \u00a03. Y\u00eau c\u1ea7u nhi\u00ean li\u1ec7u<\/b><\/strong>:<\/span><\/p>\n<ul>\n<li><span style=\"font-family: arial, helvetica, sans-serif;\">H\u00e0m l\u01b0\u1ee3ng l\u01b0u hu\u1ef3nh c\u1ee7a nhi\u00ean li\u1ec7u \u0111\u01b0\u1ee3c s\u1eed d\u1ee5ng trong m\u00e1y n\u00e0y ph\u1ea3i <strong><b>Kh\u00f4ng v\u01b0\u1ee3t qu\u00e1 0,2%<\/b><\/strong>.<\/span><b><\/b><\/li>\n<\/ul>\n<p><span style=\"font-family: arial, helvetica, sans-serif;\"><strong><b>\u00a0 \u00a0 \u00a04. B\u1ea3o v\u1ec7 an to\u00e0n<\/b><\/strong>:<\/span><\/p>\n<ul>\n<li><span style=\"font-family: arial, helvetica, sans-serif;\">Ch\u1eb7t ch\u1ebd <strong><b>c\u1ea5m<\/b><\/strong>\u1edf nh\u1eefng n\u01a1i v\u1edbi <strong><b>Kh\u00ed d\u1ec5 ch\u00e1y v\u00e0 n\u1ed5<\/b><\/strong>\u00a0(nh\u01b0 kh\u00ed v\u00e0 b\u1ee5i than).<\/span><\/li>\n<\/ul>\n<p><span style=\"font-family: arial, helvetica, sans-serif;\">\u00a0 \u00a0 \u00a0 \u00a0 \u00a0\u0110\u1ea3m b\u1ea3o tu\u00e2n th\u1ee7 c\u00e1c \u0111i\u1ec1u ki\u1ec7n n\u00e0y \u0111\u1ec3 ho\u1ea1t \u0111\u1ed9ng an to\u00e0n v\u00e0 hi\u1ec7u qu\u1ea3 c\u1ee7a m\u00e1y t\u1ea3i ng\u1ea7m ZDL203N.<\/span><\/p>\n<p><span style=\"font-family: arial, helvetica, sans-serif; font-size: 12pt;\"><strong>M\u00e1y t\u1ea3i ng\u1ea7m ZDL203N: Th\u00f4ng s\u1ed1 k\u1ef9 thu\u1eadt<\/strong><\/span><\/p>\n<p><img decoding=\"async\" class=\"wp-image-2615 alignleft\" src=\"http:\/\/www.zongdamining.com\/wp-content\/uploads\/2025\/08\/\u56fe\u72474-1.png\" alt=\"\" width=\"543\" height=\"502\" srcset=\"https:\/\/www.zongdamining.com\/wp-content\/uploads\/2025\/08\/\u56fe\u72474-1.png 955w, https:\/\/www.zongdamining.com\/wp-content\/uploads\/2025\/08\/\u56fe\u72474-1-300x277.png 300w, https:\/\/www.zongdamining.com\/wp-content\/uploads\/2025\/08\/\u56fe\u72474-1-768x710.png 768w, https:\/\/www.zongdamining.com\/wp-content\/uploads\/2025\/08\/\u56fe\u72474-1-600x555.png 600w\" sizes=\"(max-width: 543px) 100vw, 543px\" \/><\/p>\n<p>&nbsp;<\/p>\n<h3 style=\"padding-left: 760px;\"><span style=\"font-family: arial, helvetica, sans-serif;\"><strong><b>1. K\u00edch th\u01b0\u1edbc t\u1ed5ng th\u1ec3<\/b><\/strong><\/span><\/h3>\n<p style=\"padding-left: 760px;\"><span style=\"font-family: arial, helvetica, sans-serif;\"><strong>T\u1ea3i tr\u1ecdng \u0111\u1ecbnh m\u1ee9c<\/strong>: 3000 kg<\/span><\/p>\n<p style=\"padding-left: 760px;\"><span style=\"font-family: arial, helvetica, sans-serif;\"><strong>Chi\u1ec1u d\u00e0i t\u1ed5ng th\u1ec3<\/strong>: 7090 mm<\/span><\/p>\n<p style=\"padding-left: 760px;\"><span style=\"font-family: arial, helvetica, sans-serif;\"><strong>To\u00e0n b\u1ed9 Chi\u1ec1u r\u1ed9ng m\u00e1y<\/strong>: 1580 mm<\/span><\/p>\n<p style=\"padding-left: 760px;\"><span style=\"font-family: arial, helvetica, sans-serif;\"><strong>Chi\u1ec1u cao t\u1ed5ng th\u1ec3 (bao g\u1ed3m c\u1ea3 cabin l\u00e1i xe)<\/strong>: 1830-1970 \u0111i\u1ec1u ch\u1ec9nh<\/span><\/p>\n<p style=\"padding-left: 760px;\"><span style=\"font-family: arial, helvetica, sans-serif;\"><strong>C\u00f4ng su\u1ea5t x\u00f4 (SAE)<\/strong>: 1.5 m\u00b3<\/span><\/p>\n<p style=\"padding-left: 760px;\"><span style=\"font-family: arial, helvetica, sans-serif;\"><strong>G\u00f3c d\u1ee1 t\u1ea3i<\/strong>: 40\u00b0<\/span><\/p>\n<p style=\"padding-left: 760px;\"><span style=\"font-family: arial, helvetica, sans-serif;\"><strong>B\u00e1nh xe<\/strong>: 2395mm<\/span><\/p>\n<p style=\"padding-left: 760px;\"><span style=\"font-family: arial, helvetica, sans-serif;\"><strong>T\u1ed1i thi\u1ec3u Ground Clearance<\/strong>: \u2265 190 mm<\/span><\/p>\n<p style=\"padding-left: 760px;\"><span style=\"font-family: arial, helvetica, sans-serif;\"><strong>G\u00f3c kh\u1edfi h\u00e0nh<\/strong>: 14\u00b0<\/span><\/p>\n<h3 style=\"padding-left: 760px;\"><span style=\"font-family: arial, helvetica, sans-serif;\"><strong><b>2. Tr\u1ecdng l\u01b0\u1ee3ng m\u00e1y<\/b><\/strong><\/span><\/h3>\n<p style=\"padding-left: 760px;\"><span style=\"font-family: arial, helvetica, sans-serif;\"><strong>Tr\u1ecdng l\u01b0\u1ee3ng tr\u1ed1ng<\/strong>: 10,800 kg \u00b1 300 kg<\/span><\/p>\n<p style=\"padding-left: 760px;\"><span style=\"font-family: arial, helvetica, sans-serif;\"><strong>Tr\u1ecdng l\u01b0\u1ee3ng \u0111\u1ea7y \u0111\u1ee7<\/strong>: 13,800 kg \u00b1 300 kg<\/span><\/p>\n<h3><strong><b>V\u1ebd k\u1ef9 thu\u1eadt v\u00e0 k\u00edch th\u01b0\u1edbc:<\/b><\/strong><\/h3>\n<h3><span style=\"font-family: arial, helvetica, sans-serif;\">3. <strong><b>C\u00f4ng su\u1ea5t ho\u1ea1t \u0111\u1ed9ng<img decoding=\"async\" class=\"wp-image-2674 alignright\" src=\"http:\/\/www.zongdamining.com\/wp-content\/uploads\/2025\/08\/350A6831-\u62f7\u8d1d-scaled.jpg\" alt=\"\" width=\"545\" height=\"545\" srcset=\"https:\/\/www.zongdamining.com\/wp-content\/uploads\/2025\/08\/350A6831-\u62f7\u8d1d-scaled.jpg 2560w, https:\/\/www.zongdamining.com\/wp-content\/uploads\/2025\/08\/350A6831-\u62f7\u8d1d-300x300.jpg 300w, https:\/\/www.zongdamining.com\/wp-content\/uploads\/2025\/08\/350A6831-\u62f7\u8d1d-1024x1024.jpg 1024w, https:\/\/www.zongdamining.com\/wp-content\/uploads\/2025\/08\/350A6831-\u62f7\u8d1d-150x150.jpg 150w, https:\/\/www.zongdamining.com\/wp-content\/uploads\/2025\/08\/350A6831-\u62f7\u8d1d-768x768.jpg 768w, https:\/\/www.zongdamining.com\/wp-content\/uploads\/2025\/08\/350A6831-\u62f7\u8d1d-1536x1536.jpg 1536w, https:\/\/www.zongdamining.com\/wp-content\/uploads\/2025\/08\/350A6831-\u62f7\u8d1d-2048x2048.jpg 2048w, https:\/\/www.zongdamining.com\/wp-content\/uploads\/2025\/08\/350A6831-\u62f7\u8d1d-700x700.jpg 700w, https:\/\/www.zongdamining.com\/wp-content\/uploads\/2025\/08\/350A6831-\u62f7\u8d1d-600x600.jpg 600w, https:\/\/www.zongdamining.com\/wp-content\/uploads\/2025\/08\/350A6831-\u62f7\u8d1d-100x100.jpg 100w\" sizes=\"(max-width: 545px) 100vw, 545px\" \/><\/b><\/strong><\/span><\/h3>\n<ul>\n<li><span style=\"font-family: arial, helvetica, sans-serif;\"><strong>T\u1ed1c \u0111\u1ed9 du l\u1ecbch (b\u00e1nh r\u0103ng)<\/strong>:<\/span><\/li>\n<\/ul>\n<ul>\n<li><span style=\"font-family: arial, helvetica, sans-serif;\">B\u00e1nh r\u0103ng \u0111\u1ea7u ti\u00ean: 0-8km \/ h<\/span><\/li>\n<li><span style=\"font-family: arial, helvetica, sans-serif;\">B\u00e1nh r\u0103ng th\u1ee9 hai: 0-9km \/ h<\/span><\/li>\n<li><span style=\"font-family: arial, helvetica, sans-serif;\">Thi\u1ebft b\u1ecb th\u1ee9 ba: 0-19 km \/ h<\/span><\/li>\n<li><span style=\"font-family: arial, helvetica, sans-serif;\">ForthGear: 0-20 km \/ gi\u1edd<\/span><\/li>\n<\/ul>\n<p style=\"padding-left: 120px;\"><span style=\"font-family: arial, helvetica, sans-serif;\"><strong>Kh\u1ea3 n\u0103ng leo n\u00fai<\/strong>: 14\u00b0<\/span><\/p>\n<p style=\"padding-left: 120px;\"><span style=\"font-family: arial, helvetica, sans-serif;\"><strong>L\u1ef1c k\u00e9o t\u1ed1i \u0111a<\/strong>: \u2265 80kN<\/span><\/p>\n<p style=\"padding-left: 120px;\"><span style=\"font-family: arial, helvetica, sans-serif;\"><strong>L\u1ef1c dao t\u1ed1i \u0111a (SAE)<\/strong>: \u2265 70kN<\/span><\/p>\n<h3><span style=\"font-family: arial, helvetica, sans-serif;\">4. <strong><b>B\u1ec3 nhi\u00ean li\u1ec7u v\u00e0 th\u1ee7y l\u1ef1c<\/b><\/strong><\/span><\/h3>\n<ul>\n<li><span style=\"font-family: arial, helvetica, sans-serif;\"><strong>C\u00f4ng su\u1ea5t b\u1ec3 nhi\u00ean li\u1ec7u<\/strong>: 130 L<\/span><\/li>\n<li><span style=\"font-family: arial, helvetica, sans-serif;\"><strong>C\u00f4ng su\u1ea5t b\u1ec3 d\u1ea7u th\u1ee7y l\u1ef1c<\/strong>: 130 L<\/span><\/li>\n<\/ul>\n<h3><span style=\"font-family: arial, helvetica, sans-serif;\">5. <strong><b>l\u00e1i xe<\/b><\/strong><\/span><\/h3>\n<ul>\n<li><span style=\"font-family: arial, helvetica, sans-serif;\"><strong>Trung t\u00e2m n\u1ed1i l\u00e1i th\u1ee7y l\u1ef1c<\/strong><\/span><\/li>\n<li><span style=\"font-family: arial, helvetica, sans-serif;\"><strong>B\u00e1n k\u00ednh xoay t\u1ed1i thi\u1ec3u<\/strong>:<\/span><\/li>\n<\/ul>\n<ul>\n<li><span style=\"font-family: arial, helvetica, sans-serif;\">B\u00ean trong: 2600 \u00b1 200 mm<\/span><\/li>\n<li><span style=\"font-family: arial, helvetica, sans-serif;\">B\u00ean ngo\u00e0i: 4800 \u00b1 200 mm<\/span><\/li>\n<\/ul>\n<h2><span style=\"font-family: arial, helvetica, sans-serif; font-size: 14pt;\"><strong>C\u1ea5u h\u00ecnh ch\u00ednh<img loading=\"lazy\" decoding=\"async\" class=\"wp-image-2675 alignleft\" src=\"http:\/\/www.zongdamining.com\/wp-content\/uploads\/2025\/08\/350A6832-\u62f7\u8d1d-scaled.jpg\" alt=\"\" width=\"674\" height=\"674\" srcset=\"https:\/\/www.zongdamining.com\/wp-content\/uploads\/2025\/08\/350A6832-\u62f7\u8d1d-scaled.jpg 2560w, https:\/\/www.zongdamining.com\/wp-content\/uploads\/2025\/08\/350A6832-\u62f7\u8d1d-300x300.jpg 300w, https:\/\/www.zongdamining.com\/wp-content\/uploads\/2025\/08\/350A6832-\u62f7\u8d1d-1024x1024.jpg 1024w, https:\/\/www.zongdamining.com\/wp-content\/uploads\/2025\/08\/350A6832-\u62f7\u8d1d-150x150.jpg 150w, https:\/\/www.zongdamining.com\/wp-content\/uploads\/2025\/08\/350A6832-\u62f7\u8d1d-768x768.jpg 768w, https:\/\/www.zongdamining.com\/wp-content\/uploads\/2025\/08\/350A6832-\u62f7\u8d1d-1536x1536.jpg 1536w, https:\/\/www.zongdamining.com\/wp-content\/uploads\/2025\/08\/350A6832-\u62f7\u8d1d-2048x2048.jpg 2048w, https:\/\/www.zongdamining.com\/wp-content\/uploads\/2025\/08\/350A6832-\u62f7\u8d1d-700x700.jpg 700w, https:\/\/www.zongdamining.com\/wp-content\/uploads\/2025\/08\/350A6832-\u62f7\u8d1d-600x600.jpg 600w, https:\/\/www.zongdamining.com\/wp-content\/uploads\/2025\/08\/350A6832-\u62f7\u8d1d-100x100.jpg 100w\" sizes=\"(max-width: 674px) 100vw, 674px\" \/><\/strong><\/span><\/h2>\n<h3><span style=\"font-family: arial, helvetica, sans-serif;\"><strong><b>1. \u0110\u1ed9ng c\u01a1<\/b><\/strong><\/span><\/h3>\n<ul>\n<li><span style=\"font-family: arial, helvetica, sans-serif;\"><strong>Nh\u00e0 m\u00e1y s\u1ea3n xu\u1ea5t<\/strong>\u0110i\u1ec7n tho\u1ea1i: Deutz<\/span><\/li>\n<li><span style=\"font-family: arial, helvetica, sans-serif;\"><strong>M\u00f4 h\u00ecnh<\/strong>: F6L914<\/span><\/li>\n<li><span style=\"font-family: arial, helvetica, sans-serif;\"><strong>Ki\u1ec3u<\/strong>: \u0110\u1ed9ng c\u01a1 diesel l\u00e0m m\u00e1t b\u1eb1ng kh\u00f4ng kh\u00ed, kh\u00f4ng turbocharger<\/span><\/li>\n<li><span style=\"font-family: arial, helvetica, sans-serif;\"><strong>C\u00f4ng su\u1ea5t \u0111\u1ecbnh m\u1ee9c<\/strong>: 79 kW \/ 2300 v\u00f2ng \/ ph\u00fat<\/span><\/li>\n<\/ul>\n<h3><span style=\"font-family: arial, helvetica, sans-serif;\"><strong><b>2. B\u1ed9 chuy\u1ec3n \u0111\u1ed5i m\u00f4-men xo\u1eafn th\u1ee7y l\u1ef1c<\/b><\/strong><\/span><\/h3>\n<ul>\n<li><span style=\"font-family: arial, helvetica, sans-serif;\"><strong>M\u00f4 h\u00ecnh<\/strong>: YJ315,<\/span><\/li>\n<li><span style=\"font-family: arial, helvetica, sans-serif;\">Trung Qu\u1ed1c t\u01b0\u01a1ng \u0111\u01b0\u01a1ng M\u00f4 h\u00ecnh c\u1ee7a DANA 272<\/span><\/li>\n<\/ul>\n<h3><span style=\"font-family: arial, helvetica, sans-serif;\"><strong><b>3. Truy\u1ec1n<\/b><\/strong><\/span><\/h3>\n<ul>\n<li><span style=\"font-family: arial, helvetica, sans-serif;\"><strong>M\u00f4 h\u00ecnh<\/strong>: YD13 644 159A,<\/span><\/li>\n<li><span style=\"font-family: arial, helvetica, sans-serif;\">Trung Qu\u1ed1c t\u01b0\u01a1ng \u0111\u01b0\u01a1ng M\u00f4 h\u00ecnh c\u1ee7a DANA 20000 series<\/span><\/li>\n<\/ul>\n<h3><span style=\"font-family: arial, helvetica, sans-serif;\"><strong><b>4. Tr\u1ee5c l\u00e1i xe<\/b><\/strong><\/span><\/h3>\n<ul>\n<li><span style=\"font-family: arial, helvetica, sans-serif;\"><strong>M\u00f4 h\u00ecnh<\/strong>: 5,<\/span><\/li>\n<li><span style=\"font-family: arial, helvetica, sans-serif;\"><strong>Ki\u1ec3u<\/strong>: Tr\u1ee5c l\u00e1i h\u00e0nh tinh c\u1ee9ng nh\u1eafc kh\u00f4ng c\u00f3 s\u1ef1 kh\u00e1c bi\u1ec7t SPIN<\/span><\/li>\n<\/ul>\n<h3><span style=\"font-family: arial, helvetica, sans-serif;\"><strong><b>5. H\u1ec7 th\u1ed1ng th\u1ee7y l\u1ef1c<\/b><\/strong><\/span><\/h3>\n<ul>\n<li><span style=\"font-family: arial, helvetica, sans-serif;\"><strong>Phanh l\u00e0m vi\u1ec7c<\/strong>: Phanh \u0111a \u0111\u0129a \u01b0\u1edbt v\u1edbi l\u00f2 xo \u00e1p d\u1ee5ng v\u00e0 gi\u1ea3i ph\u00f3ng th\u1ee7y l\u1ef1c<\/span><\/li>\n<li><span style=\"font-family: arial, helvetica, sans-serif;\"><strong>Phanh \u0111\u1ed7 xe<\/strong>: M\u00f9a xu\u00e2n \u0111\u01b0\u1ee3c \u00e1p d\u1ee5ng, th\u1ee7y l\u1ef1c \u0111\u01b0\u1ee3c gi\u1ea3i ph\u00f3ng<\/span><\/li>\n<li><span style=\"font-family: arial, helvetica, sans-serif;\"><strong>Van \u0111a chi\u1ec1u<\/strong>: L\u1ef1c l\u01b0\u1ee3ng d\u1ea7u<\/span><\/li>\n<li><span style=\"font-family: arial, helvetica, sans-serif;\"><strong>M\u00e1y b\u01a1m b\u00e1nh r\u0103ng<\/strong>S\u1ea3n ph\u1ea9m: PERMCO<\/span><\/li>\n<\/ul>\n<p>&nbsp;<\/p>","protected":false},"excerpt":{"rendered":"<p><span style=\"font-family: arial, helvetica, sans-serif;\">C\u00e1c <strong><b>M\u00e1y t\u1ea3i ng\u1ea7m ZDL203N<\/b><\/strong> \u0111\u01b0\u1ee3c x\u00e2y d\u1ef1ng cho c\u00e1c m\u1ecf ng\u1ea7m, \u0111\u01b0\u1ee3c thi\u1ebft k\u1ebf \u0111\u1eb7c bi\u1ec7t \u0111\u1ec3 c\u1ea3i thi\u1ec7n hi\u1ec7u qu\u1ea3 ho\u1ea1t \u0111\u1ed9ng k\u1ebft h\u1ee3p v\u1edbi xe t\u1ea3i khai th\u00e1c m\u1ecf trong qu\u00e1 tr\u00ecnh khai th\u00e1c m\u1ecf v\u00e0 khai th\u00e1c m\u1ecf. \u0110\u00e2y l\u00e0 c\u00e1c t\u00ednh n\u0103ng ch\u00ednh c\u1ee7a n\u00f3<\/span><\/p>","protected":false},"featured_media":2672,"comment_status":"closed","ping_status":"closed","template":"","meta":{"_acf_changed":false},"product_brand":[],"product_cat":[15],"product_tag":[],"class_list":{"0":"post-2612","1":"product","2":"type-product","3":"status-publish","4":"has-post-thumbnail","6":"product_cat-trackless-mining-equipment","8":"first","9":"instock","10":"shipping-taxable","11":"product-type-simple"},"acf":[],"_links":{"self":[{"href":"https:\/\/www.zongdamining.com\/vi\/wp-json\/wp\/v2\/product\/2612","targetHints":{"allow":["GET"]}}],"collection":[{"href":"https:\/\/www.zongdamining.com\/vi\/wp-json\/wp\/v2\/product"}],"about":[{"href":"https:\/\/www.zongdamining.com\/vi\/wp-json\/wp\/v2\/types\/product"}],"replies":[{"embeddable":true,"href":"https:\/\/www.zongdamining.com\/vi\/wp-json\/wp\/v2\/comments?post=2612"}],"wp:featuredmedia":[{"embeddable":true,"href":"https:\/\/www.zongdamining.com\/vi\/wp-json\/wp\/v2\/media\/2672"}],"wp:attachment":[{"href":"https:\/\/www.zongdamining.com\/vi\/wp-json\/wp\/v2\/media?parent=2612"}],"wp:term":[{"taxonomy":"product_brand","embeddable":true,"href":"https:\/\/www.zongdamining.com\/vi\/wp-json\/wp\/v2\/product_brand?post=2612"},{"taxonomy":"product_cat","embeddable":true,"href":"https:\/\/www.zongdamining.com\/vi\/wp-json\/wp\/v2\/product_cat?post=2612"},{"taxonomy":"product_tag","embeddable":true,"href":"https:\/\/www.zongdamining.com\/vi\/wp-json\/wp\/v2\/product_tag?post=2612"}],"curies":[{"name":"WP","href":"https:\/\/api.w.org\/{rel}","templated":true}]}}