{"id":2618,"date":"2025-08-29T10:21:36","date_gmt":"2025-08-29T02:21:36","guid":{"rendered":"https:\/\/www.zongdamining.com\/?post_type=product&#038;p=2618"},"modified":"2026-01-27T11:33:02","modified_gmt":"2026-01-27T03:33:02","slug":"zdl204dd-underground-loader","status":"publish","type":"product","link":"https:\/\/www.zongdamining.com\/vi\/product\/zdl204dd-underground-loader\/","title":{"rendered":"M\u00e1y t\u1ea3i ng\u1ea7m ZDL204DD"},"content":{"rendered":"<p><span style=\"font-family: 'arial black', sans-serif;\"><strong><b>M\u00e1y t\u1ea3i ng\u1ea7m ZDL204DD <\/b><\/strong><strong><b>: Thi\u1ebft b\u1ecb v\u1eadn t\u1ea3i kho\u1ea3ng c\u00e1ch ng\u1eafn kh\u00f4ng theo d\u00f5i.<\/b><\/strong><\/span><\/p>\n<p>&nbsp;<\/p>\n<p><img fetchpriority=\"high\" decoding=\"async\" class=\"aligncenter wp-image-2620\" src=\"http:\/\/www.zongdamining.com\/wp-content\/uploads\/2025\/08\/\u56fe\u72472-2.png\" alt=\"\" width=\"672\" height=\"448\" srcset=\"https:\/\/www.zongdamining.com\/wp-content\/uploads\/2025\/08\/\u56fe\u72472-2.png 885w, https:\/\/www.zongdamining.com\/wp-content\/uploads\/2025\/08\/\u56fe\u72472-2-300x200.png 300w, https:\/\/www.zongdamining.com\/wp-content\/uploads\/2025\/08\/\u56fe\u72472-2-768x512.png 768w, https:\/\/www.zongdamining.com\/wp-content\/uploads\/2025\/08\/\u56fe\u72472-2-600x400.png 600w\" sizes=\"(max-width: 672px) 100vw, 672px\" \/><\/p>\n<p><span style=\"font-family: arial, helvetica, sans-serif; font-size: 12pt;\">M\u00e1y t\u1ea3i ng\u1ea7m ZDL204DD ch\u1ee7 y\u1ebfu \u0111\u01b0\u1ee3c s\u1eed d\u1ee5ng k\u1ebft h\u1ee3p v\u1edbi xe t\u1ea3i khai th\u00e1c m\u1ecf trong c\u00e1c ho\u1ea1t \u0111\u1ed9ng khai th\u00e1c m\u1ecf v\u00e0 khai th\u00e1c m\u1ecf ng\u1ea7m. T\u1ea3i qu\u1eb7ng v\u00e0 v\u1eadt li\u1ec7u kh\u00e1c nhau c\u00f3 th\u1ec3 c\u1ea3i thi\u1ec7n \u0111\u00e1ng k\u1ec3 hi\u1ec7u qu\u1ea3 ho\u1ea1t \u0111\u1ed9ng v\u00e0 l\u00e0 m\u1ed9t thi\u1ebft b\u1ecb quan tr\u1ecdng \u0111\u1ec3 \u0111\u1ea1t \u0111\u01b0\u1ee3c khai th\u00e1c m\u1ecf kh\u00f4ng theo d\u00f5i.<\/span><\/p>\n<p>&nbsp;<\/p>\n<p><span style=\"font-family: arial, helvetica, sans-serif; font-size: 12pt;\"><strong><b>\u0110\u1eb7c \u0111i\u1ec3m k\u1ef9 thu\u1eadt<\/b><\/strong>:<\/span><\/p>\n<ul>\n<li><span style=\"font-family: arial, helvetica, sans-serif; font-size: 12pt;\"><strong><b>H\u1ec7 th\u1ed1ng \u0111i\u1ec7n<\/b><\/strong>: H\u1ec7 th\u1ed1ng \u0111i\u1ec7n \u00e1p d\u1ee5ng \u0111\u1ed9ng c\u01a1 m\u00f4-men xo\u1eafn cao t\u1ed1c \u0111\u1ed9 th\u1ea5p \u00f4 nhi\u1ec5m th\u1ea5p l\u00e0m m\u00e1t b\u1eb1ng n\u01b0\u1edbc c\u1ee7a Deutz AG;<\/span><\/li>\n<li><span style=\"font-family: arial, helvetica, sans-serif; font-size: 12pt;\"><strong><b>Truy\u1ec1n t\u1ea3i<\/b><\/strong>: H\u1ec7 th\u1ed1ng truy\u1ec1n t\u1ea3i \u0111i\u1ec7n \u00e1p d\u1ee5ng DANAor c\u00e1c th\u01b0\u01a1ng hi\u1ec7u h\u00e0ng \u0111\u1ea7u c\u1ee7a Trung Qu\u1ed1c v\u1ec1 h\u1ed9p s\u1ed1 v\u00e0 b\u1ed9 chuy\u1ec3n \u0111\u1ed5i m\u00f4-men xo\u1eafn, tr\u1ee5c truy\u1ec1n \u0111\u1ed9ng th\u1ee7y l\u1ef1c ph\u00f3ng phanh m\u00f9a xu\u00e2n trong n\u01b0\u1edbc v\u00e0 l\u1ed1p kh\u00ed n\u00e9n ch\u1ed1ng c\u1eaft khai th\u00e1c m\u1ecf;<\/span><\/li>\n<li><span style=\"font-family: arial, helvetica, sans-serif; font-size: 12pt;\"><strong><b>H\u1ec7 th\u1ed1ng phanh<\/b><\/strong>: Phanh d\u1ecbch v\u1ee5 \u00e1p d\u1ee5ng m\u00f9a xu\u00e2n \u0111a \u0111\u0129a \u01b0\u1edbt v\u00e0 phanh gi\u1ea3i ph\u00f3ng th\u1ee7y l\u1ef1c; Van s\u1ea1c MICO v\u00e0 van phanh; Phanh \u0111\u1ed7 xe \u00e1p d\u1ee5ng phanh m\u00f9a xu\u00e2n tr\u00ean tr\u1ee5c l\u00e1i xe \u0111\u1ec3 phanh;<\/span><\/li>\n<li><span style=\"font-family: arial, helvetica, sans-serif; font-size: 12pt;\"><strong><b>Khung<\/b><\/strong>: Khung l\u00e0 m\u1ed9t c\u1ea5u tr\u00fac kh\u1edbp n\u1ed1i trung t\u00e2m, v\u1edbi tr\u1ee5c sau xoay tr\u00e1i v\u00e0 ph\u1ea3i xung quanh trung t\u00e2m c\u1ee7a khung \u0111\u1ec3 c\u1ea3i thi\u1ec7n hi\u1ec7u su\u1ea5t b\u00e1m d\u00ednh c\u1ee7a to\u00e0n b\u1ed9 m\u00e1y;<\/span><\/li>\n<li><span style=\"font-family: arial, helvetica, sans-serif; font-size: 12pt;\"><strong><b>l\u00e1i xe<\/b><\/strong>: H\u1ec7 th\u1ed1ng l\u00e1i th\u1ee7y l\u1ef1c v\u1edbi m\u1ed9t xi lanh l\u00e1i \u0111\u01a1n cho h\u1ec7 th\u1ed1ng l\u00e1i;<\/span><\/li>\n<\/ul>\n<p>&nbsp;<\/p>\n<p><span style=\"font-family: arial, helvetica, sans-serif; font-size: 12pt;\"><strong><b>C\u00e1c bi\u1ec7n ph\u00e1p an to\u00e0n:<\/b><\/strong><\/span><\/p>\n<ul>\n<li><span style=\"font-family: arial, helvetica, sans-serif; font-size: 12pt;\"><strong><b>Thi\u1ebft b\u1ecb an to\u00e0n<\/b><\/strong>C\u00e1c nh\u00e0 khai th\u00e1c ph\u1ea3i \u0111eo m\u0169 b\u1ea3o hi\u1ec3m an to\u00e0n, mang theo c\u00e1c thi\u1ebft b\u1ecb t\u1ef1 c\u1ee9u v\u00e0 s\u1eed d\u1ee5ng \u0111\u00e8n khai th\u00e1c m\u1ecf khi b\u01b0\u1edbc v\u00e0o gi\u1ebfng.<\/span><\/li>\n<li><span style=\"font-family: arial, helvetica, sans-serif; font-size: 12pt;\"><strong><b>B\u1ea3o tr\u00ec th\u01b0\u1eddng xuy\u00ean<\/b><\/strong>Ki\u1ec3m tra th\u01b0\u1eddng xuy\u00ean v\u00e0 gi\u1ea3i quy\u1ebft nhanh ch\u00f3ng c\u00e1c m\u1ed1i nguy hi\u1ec3m \u1ea9n.<\/span><\/li>\n<li><span style=\"font-family: arial, helvetica, sans-serif; font-size: 12pt;\"><strong><b>Kh\u00f4ng b\u1ea3o tr\u00ec trong khi ho\u1ea1t \u0111\u1ed9ng<\/b><\/strong>C\u1ea5m th\u1ef1c hi\u1ec7n b\u1ea3o tr\u00ec trong khi m\u00e1y \u0111ang ch\u1ea1y.<\/span><\/li>\n<li><span style=\"font-family: arial, helvetica, sans-serif; font-size: 12pt;\"><strong><b>An to\u00e0n trong qu\u00e1 tr\u00ecnh h\u00e0n \/ c\u1eaft<\/b><\/strong>X\u00e1c nh\u1eadn kh\u00f4ng c\u00f3 v\u1eadt li\u1ec7u d\u1ec5 ch\u00e1y ho\u1eb7c n\u1ed5 tr\u01b0\u1edbc khi b\u1ea3o tr\u00ec.<\/span><\/li>\n<li><span style=\"font-family: arial, helvetica, sans-serif; font-size: 12pt;\"><strong><b>C\u00e1c bi\u1ec7n ph\u00e1p ph\u00f2ng ng\u1eeba \u1ed1ng th\u1ea3i<\/b><\/strong>Tr\u00e1nh ti\u1ebfp x\u00fac v\u1eadt l\u00fd v\u1edbi \u1ed1ng th\u1ea3i n\u00f3ng.<\/span><\/li>\n<li><span style=\"font-family: arial, helvetica, sans-serif; font-size: 12pt;\"><strong><b>B\u1ea3o tr\u00ec h\u1ec7 th\u1ed1ng th\u1ee7y l\u1ef1c<\/b><\/strong>\u00c1p l\u1ef1c ph\u1ea3i \u0111\u01b0\u1ee3c gi\u1ea3m tr\u01b0\u1edbc khi b\u1eaft \u0111\u1ea7u s\u1eeda ch\u1eefa.<\/span><\/li>\n<\/ul>\n<p>&nbsp;<\/p>\n<p><span style=\"font-family: arial, helvetica, sans-serif; font-size: 12pt;\"><strong><b>\u0110i\u1ec1u ki\u1ec7n \u1ee9ng d\u1ee5ng<\/b><\/strong><strong><b>\u00a0cho <\/b><\/strong><strong><b>M\u00e1y t\u1ea3i ng\u1ea7m ZDL204DD<\/b><\/strong><strong>:<\/strong><\/span><\/p>\n<ol>\n<li><span style=\"font-family: arial, helvetica, sans-serif; font-size: 12pt;\"><b><\/b><strong><b>Th\u00f4ng s\u1ed1 k\u1ef9 thu\u1eadt \u0111\u01b0\u1eddng h\u1ea7m<\/b><\/strong>:<\/span><\/li>\n<\/ol>\n<ul>\n<li><span style=\"font-family: arial, helvetica, sans-serif; font-size: 12pt;\">Th\u00edch h\u1ee3p cho \u0111\u01b0\u1eddng h\u1ea7m v\u1edbi k\u00edch th\u01b0\u1edbc c\u1eaft ch\u00e9o c\u1ee7a <strong><b>2.5<\/b><\/strong><strong><b>m\u00e9t (chi\u1ec1u cao) \u00d7<\/b><\/strong><strong><b>2.5<\/b><\/strong><strong><b>m\u00e9t (chi\u1ec1u r\u1ed9ng) v\u00e0 tr\u00ean<\/b><\/strong>.<\/span><\/li>\n<li><span style=\"font-family: arial, helvetica, sans-serif; font-size: 12pt;\">Y\u00eau c\u1ea7u a <strong><b>t\u1ea5m \u0111\u1ea7u c\u00f4ng ty<\/b><\/strong>.<\/span><\/li>\n<li><span style=\"font-family: arial, helvetica, sans-serif; font-size: 12pt;\">B\u00e1n k\u00ednh xoay t\u1ed1i thi\u1ec3u c\u1ee7a <strong><b>\u2265 <\/b><\/strong><strong><b>5.3 <\/b><\/strong><strong><b>m\u00e9t<\/b><\/strong>\u1edf b\u00ean ngo\u00e0i.<\/span><\/li>\n<li><span style=\"font-family: arial, helvetica, sans-serif; font-size: 12pt;\">\u0110\u01b0\u1eddng d\u1ed1c n\u00ean <strong><b>\u2264 14\u00b0<\/b><\/strong>.<\/span><\/li>\n<li><span style=\"font-family: arial, helvetica, sans-serif; font-size: 12pt;\">Ph\u00f9 h\u1ee3p <strong><b>th\u00f4ng gi\u00f3 v\u00e0 tho\u00e1t n\u01b0\u1edbc<\/b><\/strong>t\u1ea1i n\u01a1i l\u00e0m vi\u1ec7c.<\/span><\/li>\n<\/ul>\n<ol start=\"2\">\n<li><span style=\"font-family: arial, helvetica, sans-serif; font-size: 12pt;\"><b><\/b><strong><b>Y\u1ebfu t\u1ed1 m\u00f4i tr\u01b0\u1eddng<\/b><\/strong>:<\/span><\/li>\n<\/ol>\n<ul>\n<li><span style=\"font-family: arial, helvetica, sans-serif; font-size: 12pt;\">Nhi\u1ec7t \u0111\u1ed9 m\u00f4i tr\u01b0\u1eddng trong \u0111\u01b0\u1eddng h\u1ea7m: <strong><b>-5 \u00b0 C \u0111\u1ebfn 40 \u00b0 C<\/b><\/strong>.<\/span><\/li>\n<li><span style=\"font-family: arial, helvetica, sans-serif; font-size: 12pt;\">\u0110\u1ed9 \u1ea9m t\u01b0\u01a1ng \u0111\u1ed1i t\u1ed1i \u0111a (\u1edf 25 \u00b0 C): <strong><b>Kh\u00f4ng qu\u00e1 85%<\/b><\/strong>.<\/span><\/li>\n<li><span style=\"font-family: arial, helvetica, sans-serif; font-size: 12pt;\">Chi\u1ec1u cao c\u1ee7a v\u1ecb tr\u00ed s\u1eed d\u1ee5ng: <strong><b>Kh\u00f4ng v\u01b0\u1ee3t qu\u00e1 1000 m\u00e9t<\/b><\/strong>.<\/span><\/li>\n<li><span style=\"font-family: arial, helvetica, sans-serif; font-size: 12pt;\">\u1ede v\u00f9ng cao (tr\u00ean 1000 m\u00e9t), <strong><b>gi\u1ea3m n\u0103ng l\u01b0\u1ee3ng<\/b><\/strong>c\u1ea7n thi\u1ebft cho ho\u1ea1t \u0111\u1ed9ng.<\/span><\/li>\n<\/ul>\n<ol start=\"3\">\n<li><span style=\"font-family: arial, helvetica, sans-serif; font-size: 12pt;\"><b><\/b><strong><b>Y\u00eau c\u1ea7u nhi\u00ean li\u1ec7u<\/b><\/strong>:<\/span><\/li>\n<\/ol>\n<ul>\n<li><span style=\"font-family: arial, helvetica, sans-serif; font-size: 12pt;\">H\u00e0m l\u01b0\u1ee3ng l\u01b0u hu\u1ef3nh c\u1ee7a nhi\u00ean li\u1ec7u \u0111\u01b0\u1ee3c s\u1eed d\u1ee5ng trong m\u00e1y n\u00e0y ph\u1ea3i <strong><b>Kh\u00f4ng v\u01b0\u1ee3t qu\u00e1 0,2%<\/b><\/strong>.<\/span><\/li>\n<\/ul>\n<ol start=\"4\">\n<li><span style=\"font-family: arial, helvetica, sans-serif; font-size: 12pt;\"><b><\/b><strong><b>C\u00e1c bi\u1ec7n ph\u00e1p ph\u00f2ng ng\u1eeba an to\u00e0n<\/b><\/strong>:<\/span><\/li>\n<\/ol>\n<ul>\n<li><span style=\"font-family: arial, helvetica, sans-serif; font-size: 12pt;\">Ch\u1eb7t ch\u1ebd <strong><b>c\u1ea5m<\/b><\/strong>\u1edf nh\u1eefng n\u01a1i v\u1edbi <strong><b>Kh\u00ed d\u1ec5 ch\u00e1y v\u00e0 n\u1ed5<\/b><\/strong>(nh\u01b0 kh\u00ed v\u00e0 b\u1ee5i than).<\/span><\/li>\n<li><img decoding=\"async\" class=\"wp-image-2621 alignright\" src=\"http:\/\/www.zongdamining.com\/wp-content\/uploads\/2025\/08\/\u56fe\u72473-2.png\" alt=\"\" width=\"587\" height=\"723\" srcset=\"https:\/\/www.zongdamining.com\/wp-content\/uploads\/2025\/08\/\u56fe\u72473-2.png 577w, https:\/\/www.zongdamining.com\/wp-content\/uploads\/2025\/08\/\u56fe\u72473-2-243x300.png 243w\" sizes=\"(max-width: 587px) 100vw, 587px\" \/><\/li>\n<\/ul>\n<p><span style=\"font-family: arial, helvetica, sans-serif; font-size: 12pt;\"><strong><b>K\u1ef9 thu\u1eadt<\/b><\/strong><strong><b>\u00a0<\/b><\/strong><strong><b>P<\/b><\/strong><strong><b>Arameter<\/b><\/strong><\/span><\/p>\n<h3><span style=\"font-family: arial, helvetica, sans-serif; font-size: 12pt;\"><strong><b>1.1 K\u00edch th\u01b0\u1edbc t\u1ed5ng th\u1ec3<\/b><\/strong><\/span><\/h3>\n<ul>\n<li><span style=\"font-family: arial, helvetica, sans-serif; font-size: 12pt;\"><strong><b>T\u1ea3i tr\u1ecdng \u0111\u1ecbnh m\u1ee9c<\/b><\/strong><strong><b>:<\/b><\/strong>\u00a04000kg<\/span><\/li>\n<li><span style=\"font-family: arial, helvetica, sans-serif; font-size: 12pt;\"><strong><b>Nh\u00ecn chung <\/b><\/strong><strong><b>chi\u1ec1u d\u00e0i<\/b><\/strong><strong><b>:<\/b><\/strong>\u00a0\u00a07230mm<\/span><\/li>\n<li><span style=\"font-family: arial, helvetica, sans-serif; font-size: 12pt;\"><strong><b>O<\/b><\/strong><strong><b>chi\u1ec1u r\u1ed9ng verall<\/b><\/strong><strong><b>: <\/b><\/strong><strong><b>\u00a0<\/b><\/strong>\u00a01750mm<\/span><\/li>\n<li><span style=\"font-family: arial, helvetica, sans-serif; font-size: 12pt;\"><strong><b>O<\/b><\/strong><strong><b>chi\u1ec1u cao verall (bao g\u1ed3m c\u1ea3 \u0111\u1ec9nh c\u1ee7a xe l\u00e1i&#8217;s cabin)<\/b><\/strong><strong><b>: <\/b><\/strong>\u00a02100mm<\/span><\/li>\n<li><span style=\"font-family: arial, helvetica, sans-serif; font-size: 12pt;\"><strong><b>C\u00f4ng su\u1ea5t x\u00f4 (x\u1ebfp ch\u1ed3ng SAE) <\/b><\/strong><strong><b>:<\/b><\/strong>\u00a02 m3<\/span><\/li>\n<li><span style=\"font-family: arial, helvetica, sans-serif; font-size: 12pt;\"><strong><b>Chi\u1ec1u cao n\u00e2ng t\u1ed1i \u0111a<\/b><\/strong><strong><b>:<\/b><\/strong>\u00a04075mm<\/span><\/li>\n<li><span style=\"font-family: arial, helvetica, sans-serif; font-size: 12pt;\"><strong><b>Chi\u1ec1u cao d\u1ee1 t\u1ea3i t\u1ed1i \u0111a<\/b><\/strong><strong><b>:<\/b><\/strong>\u00a01790mm<\/span><\/li>\n<li><span style=\"font-family: arial, helvetica, sans-serif; font-size: 12pt;\"><strong><b>G\u00f3c d\u1ee1 t\u1ea3i<\/b><\/strong><strong><b>\uff1a<\/b><\/strong>\u00a040 \u00b0<\/span><\/li>\n<li><span style=\"font-family: arial, helvetica, sans-serif; font-size: 12pt;\"><strong><b>B\u00e1nh xe<\/b><\/strong>\u00a0\uff1a2580mm<\/span><\/li>\n<li><span style=\"font-family: arial, helvetica, sans-serif; font-size: 12pt;\"><strong><b>Kho\u1ea3ng c\u00e1ch m\u1eb7t \u0111\u1ea5t t\u1ed1i thi\u1ec3u \u2265<\/b><\/strong>\u00a0240mm<\/span><\/li>\n<li><span style=\"font-family: arial, helvetica, sans-serif; font-size: 12pt;\"><strong><b>G\u00f3c kh\u1edfi h\u00e0nh<\/b><\/strong><strong><b>\uff1a<\/b><\/strong>\u00a014 \u00b0<\/span><\/li>\n<\/ul>\n<p>&nbsp;<\/p>\n<h3><span style=\"font-family: arial, helvetica, sans-serif; font-size: 12pt;\"><strong><b>1.2 Tr\u1ecdng l\u01b0\u1ee3ng m\u00e1y<\/b><\/strong><\/span><\/h3>\n<ul>\n<li><span style=\"font-family: arial, helvetica, sans-serif; font-size: 12pt;\"><strong><b>Ho\u1ea1t \u0111\u1ed9ng<\/b><\/strong><strong><b>\u00a0tr\u1ecdng l\u01b0\u1ee3ng<\/b><\/strong><strong><b>\uff1a<\/b><\/strong>\u00a013100kg<\/span><\/li>\n<li><span style=\"font-family: arial, helvetica, sans-serif; font-size: 12pt;\"><strong><b>F<\/b><\/strong><strong><b>Tr\u1ecdng l\u01b0\u1ee3ng t\u1ea3i ull<\/b><\/strong><strong><b>\uff1a<\/b><\/strong>\u00a0\u00a0\u00a0\u00a017100kg<\/span><\/li>\n<\/ul>\n<p>&nbsp;<\/p>\n<h3><span style=\"font-family: arial, helvetica, sans-serif; font-size: 12pt;\"><strong><b>1.3 Kh\u1ea3 n\u0103ng ho\u1ea1t \u0111\u1ed9ng<\/b><\/strong><\/span><\/h3>\n<ul>\n<li><span style=\"font-family: arial, helvetica, sans-serif; font-size: 12pt;\"><strong><b>T\u1ed1c \u0111\u1ed9 du l\u1ecbch<\/b><\/strong><\/span><\/li>\n<li><span style=\"font-family: arial, helvetica, sans-serif; font-size: 12pt;\"><strong><b>Ti\u1ebfp tr\u01b0\u1edbc<\/b><\/strong><strong><b>\/<\/b><\/strong><strong><b>Ng\u01b0\u1ee3c l\u1ea1i: <\/b><\/strong>\u00a00 ~ 25km \/ gi\u1edd<\/span><\/li>\n<li><span style=\"font-family: arial, helvetica, sans-serif; font-size: 12pt;\"><strong><b>Kh\u1ea3 n\u0103ng leo n\u00fai 14 \u00b0<\/b><\/strong><strong><b>:<\/b><\/strong><strong><b>\u00a0<\/b><\/strong>3.4km\/h<\/span><\/li>\n<li><span style=\"font-family: arial, helvetica, sans-serif; font-size: 12pt;\"><strong><b>L\u1ef1c k\u00e9o t\u1ed1i \u0111a<\/b><\/strong><strong><b>:<\/b><\/strong>\u00a0110 KN<\/span><\/li>\n<li><span style=\"font-family: arial, helvetica, sans-serif; font-size: 12pt;\"><strong><b>L\u1ef1c l\u01b0\u1ee3ng c\u1ea1o t\u1ed1i \u0111a<\/b><\/strong><strong><b>: <\/b><\/strong>(SAE) 90KN<\/span><\/li>\n<\/ul>\n<p>&nbsp;<\/p>\n<h3><span style=\"font-family: arial, helvetica, sans-serif; font-size: 12pt;\"><strong><b>1.4 B\u1ec3 nhi\u00ean li\u1ec7u<img decoding=\"async\" class=\"wp-image-2774 alignleft\" src=\"http:\/\/www.zongdamining.com\/wp-content\/uploads\/2025\/09\/350A6813-\u62f7\u8d1d-1-scaled.png\" alt=\"\" width=\"529\" height=\"529\" srcset=\"https:\/\/www.zongdamining.com\/wp-content\/uploads\/2025\/09\/350A6813-\u62f7\u8d1d-1-scaled.png 2560w, https:\/\/www.zongdamining.com\/wp-content\/uploads\/2025\/09\/350A6813-\u62f7\u8d1d-1-300x300.png 300w, https:\/\/www.zongdamining.com\/wp-content\/uploads\/2025\/09\/350A6813-\u62f7\u8d1d-1-1024x1024.png 1024w, https:\/\/www.zongdamining.com\/wp-content\/uploads\/2025\/09\/350A6813-\u62f7\u8d1d-1-150x150.png 150w, https:\/\/www.zongdamining.com\/wp-content\/uploads\/2025\/09\/350A6813-\u62f7\u8d1d-1-768x768.png 768w, https:\/\/www.zongdamining.com\/wp-content\/uploads\/2025\/09\/350A6813-\u62f7\u8d1d-1-1536x1536.png 1536w, https:\/\/www.zongdamining.com\/wp-content\/uploads\/2025\/09\/350A6813-\u62f7\u8d1d-1-2048x2048.png 2048w, https:\/\/www.zongdamining.com\/wp-content\/uploads\/2025\/09\/350A6813-\u62f7\u8d1d-1-700x700.png 700w, https:\/\/www.zongdamining.com\/wp-content\/uploads\/2025\/09\/350A6813-\u62f7\u8d1d-1-600x600.png 600w, https:\/\/www.zongdamining.com\/wp-content\/uploads\/2025\/09\/350A6813-\u62f7\u8d1d-1-100x100.png 100w\" sizes=\"(max-width: 529px) 100vw, 529px\" \/><\/b><\/strong><\/span><\/h3>\n<ul>\n<li><span style=\"font-family: arial, helvetica, sans-serif; font-size: 12pt;\"><strong><b>B\u1ec3 nhi\u00ean li\u1ec7u (L) <\/b><\/strong><strong><b>:<\/b><\/strong>130<\/span><\/li>\n<li><span style=\"font-family: arial, helvetica, sans-serif; font-size: 12pt;\"><strong><b>B\u1ec3 ch\u1ee9a d\u1ea7u th\u1ee7y l\u1ef1c (L)<\/b><\/strong><strong><b>:<\/b><\/strong>\u00a0160<\/span><\/li>\n<\/ul>\n<p>&nbsp;<\/p>\n<h3><span style=\"font-family: arial, helvetica, sans-serif; font-size: 12pt;\"><strong><b>1.5 \u0110i\u1ec1u khi\u1ec3n<\/b><\/strong><\/span><\/h3>\n<ul>\n<li><span style=\"font-family: arial, helvetica, sans-serif; font-size: 12pt;\"><strong><b>H\u1ed7 tr\u1ee3 l\u00e1i th\u1ee7y l\u1ef1c n\u1ed1i trung t\u00e2m<\/b><\/strong><\/span><\/li>\n<li><span style=\"font-family: arial, helvetica, sans-serif; font-size: 12pt;\"><strong><b>B\u00e1n k\u00ednh xoay t\u1ed1i thi\u1ec3u<\/b><\/strong><strong><b>&#8211;<\/b><\/strong><strong><b>\u00a0b\u00ean trong<\/b><\/strong>:\u00a0\u00a0\u00a0\u00a0\u00a0\u00a0\u00a02860 \u00b1 200mm<\/span><\/li>\n<li><span style=\"font-family: arial, helvetica, sans-serif; font-size: 12pt;\"><strong><b>B\u00ean ngo\u00e0i<\/b><\/strong>\uff1a \u00a05300 \u00b1 200mm<\/span><\/li>\n<\/ul>\n<p>&nbsp;<\/p>\n<p><span style=\"font-family: arial, helvetica, sans-serif; font-size: 12pt;\"><strong><b>2, C\u1ea5u h\u00ecnh ch\u00ednh c\u1ee7a to\u00e0n b\u1ed9 m\u00e1y<\/b><\/strong><\/span><\/p>\n<h3><span style=\"font-family: arial, helvetica, sans-serif; font-size: 12pt;\"><strong><b>2.1 \u0110\u1ed9ng c\u01a1<\/b><\/strong><\/span><\/h3>\n<ul>\n<li><span style=\"font-family: arial, helvetica, sans-serif; font-size: 12pt;\"><strong><b>Nh\u00e0 s\u1ea3n xu\u1ea5t<\/b><\/strong><strong><b>:<\/b><\/strong><strong><b>\u00a0<\/b><\/strong>DEUTZ<\/span><\/li>\n<li><span style=\"font-family: arial, helvetica, sans-serif; font-size: 12pt;\"><strong><b>M\u00f4 h\u00ecnh<\/b><\/strong><strong><b>:<\/b><\/strong>\u00a0F6L914 (Nh\u1eadp kh\u1ea9u s\u1ea3n xu\u1ea5t t\u1ea1i \u0110\u1ee9c)<\/span><\/li>\n<li><span style=\"font-family: arial, helvetica, sans-serif; font-size: 12pt;\"><strong><b>Lo\u1ea1i:<\/b><\/strong>\u00a0\u0110\u1ed9ng c\u01a1 diesel l\u00e0m m\u00e1t b\u1eb1ng kh\u00f4ng kh\u00ed<\/span><\/li>\n<li><span style=\"font-family: arial, helvetica, sans-serif; font-size: 12pt;\"><strong><b>C\u00f4ng su\u1ea5t \u0111\u1ecbnh m\u1ee9c<\/b><\/strong><strong><b>:<\/b><\/strong>\u00a0\u00a084KW \/ 2300rpm<\/span><\/li>\n<\/ul>\n<p>&nbsp;<\/p>\n<h3><span style=\"font-family: arial, helvetica, sans-serif; font-size: 12pt;\"><strong><b>2.2 B\u1ed9 chuy\u1ec3n \u0111\u1ed5i m\u00f4-men th\u1ee7y l\u1ef1c<img loading=\"lazy\" decoding=\"async\" class=\"wp-image-2772 alignright\" src=\"http:\/\/www.zongdamining.com\/wp-content\/uploads\/2025\/09\/350A6809-\u62f7\u8d1d-scaled.png\" alt=\"\" width=\"641\" height=\"641\" srcset=\"https:\/\/www.zongdamining.com\/wp-content\/uploads\/2025\/09\/350A6809-\u62f7\u8d1d-scaled.png 2560w, https:\/\/www.zongdamining.com\/wp-content\/uploads\/2025\/09\/350A6809-\u62f7\u8d1d-300x300.png 300w, https:\/\/www.zongdamining.com\/wp-content\/uploads\/2025\/09\/350A6809-\u62f7\u8d1d-1024x1024.png 1024w, https:\/\/www.zongdamining.com\/wp-content\/uploads\/2025\/09\/350A6809-\u62f7\u8d1d-150x150.png 150w, https:\/\/www.zongdamining.com\/wp-content\/uploads\/2025\/09\/350A6809-\u62f7\u8d1d-768x768.png 768w, https:\/\/www.zongdamining.com\/wp-content\/uploads\/2025\/09\/350A6809-\u62f7\u8d1d-1536x1536.png 1536w, https:\/\/www.zongdamining.com\/wp-content\/uploads\/2025\/09\/350A6809-\u62f7\u8d1d-2048x2048.png 2048w, https:\/\/www.zongdamining.com\/wp-content\/uploads\/2025\/09\/350A6809-\u62f7\u8d1d-700x700.png 700w, https:\/\/www.zongdamining.com\/wp-content\/uploads\/2025\/09\/350A6809-\u62f7\u8d1d-600x600.png 600w, https:\/\/www.zongdamining.com\/wp-content\/uploads\/2025\/09\/350A6809-\u62f7\u8d1d-100x100.png 100w\" sizes=\"(max-width: 641px) 100vw, 641px\" \/><\/b><\/strong><\/span><\/h3>\n<ul>\n<li><span style=\"font-family: arial, helvetica, sans-serif; font-size: 12pt;\">M\u00f4 h\u00ecnh C272 (M\u1ef9 DANA)<\/span><\/li>\n<\/ul>\n<p>&nbsp;<\/p>\n<h3><span style=\"font-family: arial, helvetica, sans-serif; font-size: 12pt;\"><strong><b>2.3 Truy\u1ec1n t\u1ea3i<\/b><\/strong><\/span><\/h3>\n<ul>\n<li><span style=\"font-family: arial, helvetica, sans-serif; font-size: 12pt;\">M\u00f4 h\u00ecnh RT32000 (M\u1ef9 DANA)<\/span><\/li>\n<li><span style=\"font-family: arial, helvetica, sans-serif; font-size: 12pt;\">Lo\u1ea1i: Power Shift<\/span><\/li>\n<\/ul>\n<p>&nbsp;<\/p>\n<h3><span style=\"font-family: arial, helvetica, sans-serif; font-size: 12pt;\"><strong><b>2.4 Tr\u1ee5c l\u00e1i<\/b><\/strong><\/span><\/h3>\n<ul>\n<li><span style=\"font-family: arial, helvetica, sans-serif; font-size: 12pt;\"><strong><b>S\u1ea3n xu\u1ea5t<\/b><\/strong><strong><b>l\u00e0: <\/b><\/strong>Tr\u1ee5c Xuzhou<\/span><\/li>\n<li><span style=\"font-family: arial, helvetica, sans-serif; font-size: 12pt;\"><strong><b>M\u00f4 h\u00ecnh<\/b><\/strong>: WJ2DN-F \/ R<\/span><\/li>\n<li><span style=\"font-family: arial, helvetica, sans-serif; font-size: 12pt;\"><strong><b>Tr\u1ee5c truy\u1ec1n h\u00e0nh tinh c\u1ee9ng v\u1edbi kh\u00e1c bi\u1ec7t ch\u1ed1ng tr\u01b0\u1ee3t lo\u1ea1i NO-SPIN<\/b><\/strong><strong><b>s<\/b><\/strong><\/span><\/li>\n<\/ul>\n<p>&nbsp;<\/p>\n<h3><span style=\"font-family: arial, helvetica, sans-serif; font-size: 12pt;\"><strong><b>2.5 H\u1ec7 th\u1ed1ng th\u1ee7y l\u1ef1c<\/b><\/strong><\/span><\/h3>\n<ul>\n<li><span style=\"font-family: arial, helvetica, sans-serif; font-size: 12pt;\"><strong><b>Phanh \u0111a \u0111\u0129a \u01b0\u1edbt v\u1edbi phanh l\u00e0m vi\u1ec7c<\/b><\/strong><\/span><\/li>\n<li><span style=\"font-family: arial, helvetica, sans-serif; font-size: 12pt;\"><strong><b>Phanh \u0111\u1ed7 xe<\/b><\/strong><strong><b>S\u1ed1: S<\/b><\/strong><strong><b>Th\u00e1i t\u1eed <\/b><\/strong><strong><b>\u1ee8ng d\u1ee5ng H<\/b><\/strong><strong><b>th\u1ee7y l\u1ef1c <\/b><\/strong><strong><b>R<\/b><\/strong><strong><b>Elease<\/b><\/strong><\/span><\/li>\n<li><span style=\"font-family: arial, helvetica, sans-serif; font-size: 12pt;\"><strong><b>Van \u0111a chi\u1ec1u<\/b><\/strong><strong><b>: Hoa K\u1ef3<\/b><\/strong><strong><b>\u00a0P<\/b><\/strong><strong><b>ARKER<\/b><\/strong><\/span><\/li>\n<li><span style=\"font-family: arial, helvetica, sans-serif; font-size: 12pt;\"><strong><b>M\u00e1y b\u01a1m<\/b><\/strong><strong><b>: Th\u01b0\u01a1ng hi\u1ec7u ch\u00e2u \u00c2u PERMCO<\/b><\/strong><\/span><\/li>\n<\/ul>\n<p>&nbsp;<\/p>","protected":false},"excerpt":{"rendered":"<p><span style=\"font-family: arial, helvetica, sans-serif; font-size: 12pt;\">M\u00e1y t\u1ea3i ng\u1ea7m ZDL204DD ch\u1ee7 y\u1ebfu \u0111\u01b0\u1ee3c s\u1eed d\u1ee5ng k\u1ebft h\u1ee3p v\u1edbi xe t\u1ea3i khai th\u00e1c m\u1ecf trong c\u00e1c ho\u1ea1t \u0111\u1ed9ng khai th\u00e1c m\u1ecf v\u00e0 khai th\u00e1c m\u1ecf ng\u1ea7m. T\u1ea3i qu\u1eb7ng v\u00e0 v\u1eadt li\u1ec7u kh\u00e1c nhau c\u00f3 th\u1ec3 c\u1ea3i thi\u1ec7n \u0111\u00e1ng k\u1ec3 hi\u1ec7u qu\u1ea3 ho\u1ea1t \u0111\u1ed9ng v\u00e0 l\u00e0 m\u1ed9t thi\u1ebft b\u1ecb quan tr\u1ecdng \u0111\u1ec3 \u0111\u1ea1t \u0111\u01b0\u1ee3c khai th\u00e1c m\u1ecf kh\u00f4ng theo d\u00f5i.<\/span><\/p>","protected":false},"featured_media":3138,"comment_status":"closed","ping_status":"closed","template":"","meta":{"_acf_changed":false},"product_brand":[],"product_cat":[15],"product_tag":[],"class_list":{"0":"post-2618","1":"product","2":"type-product","3":"status-publish","4":"has-post-thumbnail","6":"product_cat-trackless-mining-equipment","8":"first","9":"instock","10":"shipping-taxable","11":"product-type-simple"},"acf":[],"_links":{"self":[{"href":"https:\/\/www.zongdamining.com\/vi\/wp-json\/wp\/v2\/product\/2618","targetHints":{"allow":["GET"]}}],"collection":[{"href":"https:\/\/www.zongdamining.com\/vi\/wp-json\/wp\/v2\/product"}],"about":[{"href":"https:\/\/www.zongdamining.com\/vi\/wp-json\/wp\/v2\/types\/product"}],"replies":[{"embeddable":true,"href":"https:\/\/www.zongdamining.com\/vi\/wp-json\/wp\/v2\/comments?post=2618"}],"wp:featuredmedia":[{"embeddable":true,"href":"https:\/\/www.zongdamining.com\/vi\/wp-json\/wp\/v2\/media\/3138"}],"wp:attachment":[{"href":"https:\/\/www.zongdamining.com\/vi\/wp-json\/wp\/v2\/media?parent=2618"}],"wp:term":[{"taxonomy":"product_brand","embeddable":true,"href":"https:\/\/www.zongdamining.com\/vi\/wp-json\/wp\/v2\/product_brand?post=2618"},{"taxonomy":"product_cat","embeddable":true,"href":"https:\/\/www.zongdamining.com\/vi\/wp-json\/wp\/v2\/product_cat?post=2618"},{"taxonomy":"product_tag","embeddable":true,"href":"https:\/\/www.zongdamining.com\/vi\/wp-json\/wp\/v2\/product_tag?post=2618"}],"curies":[{"name":"WP","href":"https:\/\/api.w.org\/{rel}","templated":true}]}}