{"id":2649,"date":"2025-09-08T13:40:17","date_gmt":"2025-09-08T05:40:17","guid":{"rendered":"https:\/\/www.zongdamining.com\/?post_type=product&#038;p=2649"},"modified":"2026-01-27T11:14:44","modified_gmt":"2026-01-27T03:14:44","slug":"zdl307l-low-profile-lhd","status":"publish","type":"product","link":"https:\/\/www.zongdamining.com\/vi\/product\/zdl307l-low-profile-lhd\/","title":{"rendered":"ZDL307L LHD h\u1ed3 s\u01a1 th\u1ea5p cho m\u1ecf ng\u1ea7m"},"content":{"rendered":"<p><span style=\"font-family: arial, helvetica, sans-serif;\"><strong><b>T\u00ednh n\u0103ng:<\/b><\/strong><\/span><\/p>\n<p><span style=\"font-family: arial, helvetica, sans-serif;\"><strong><b>\u0110\u01b0\u1ee3c thi\u1ebft k\u1ebf \u0111\u1eb7c bi\u1ec7t cho c\u00e1c ho\u1ea1t \u0111\u1ed9ng khai th\u00e1c v\u00e0 \u0111\u00e0o \u0111\u01b0\u1eddng h\u1ea7m 4mx4m \u0111\u1ec3 cung c\u1ea5p kh\u1ea3 n\u0103ng t\u1ea3i t\u1ed1i \u0111a. H\u1ec7 th\u1ed1ng truy\u1ec1n c\u01a1 kh\u00ed th\u1ee7y l\u1ef1c cung c\u1ea5p l\u1ef1c k\u00e9o cao h\u01a1n, \u0111\u1ea3m b\u1ea3o l\u1ef1c ch\u00e8n x\u00f4 t\u1ed1i \u0111a trong qu\u00e1 tr\u00ecnh khai th\u00e1c m\u1ecf v\u00e0 cung c\u1ea5p m\u1ed9t cabin tho\u1ea3i m\u00e1i cho ng\u01b0\u1eddi v\u1eadn h\u00e0nh.<\/b><\/strong><\/span><\/p>\n<p><img fetchpriority=\"high\" decoding=\"async\" class=\"wp-image-2650 aligncenter\" src=\"http:\/\/www.zongdamining.com\/wp-content\/uploads\/2025\/09\/\u56fe\u72471.png\" alt=\"\" width=\"566\" height=\"283\" srcset=\"https:\/\/www.zongdamining.com\/wp-content\/uploads\/2025\/09\/\u56fe\u72471.png 1920w, https:\/\/www.zongdamining.com\/wp-content\/uploads\/2025\/09\/\u56fe\u72471-300x150.png 300w, https:\/\/www.zongdamining.com\/wp-content\/uploads\/2025\/09\/\u56fe\u72471-1024x512.png 1024w, https:\/\/www.zongdamining.com\/wp-content\/uploads\/2025\/09\/\u56fe\u72471-768x384.png 768w, https:\/\/www.zongdamining.com\/wp-content\/uploads\/2025\/09\/\u56fe\u72471-1536x768.png 1536w, https:\/\/www.zongdamining.com\/wp-content\/uploads\/2025\/09\/\u56fe\u72471-600x300.png 600w\" sizes=\"(max-width: 566px) 100vw, 566px\" \/><\/p>\n<ul>\n<li><span style=\"font-family: arial, helvetica, sans-serif;\">An ninh cao. Ng\u01b0\u1eddi v\u1eadn h\u00e0nh \u0111\u01b0\u1ee3c b\u1ea3o v\u1ec7 b\u1edfi m\u1ed9t m\u00e1i b\u1ea3o v\u1ec7 v\u00e0 \u0111\u01b0\u1ee3c gi\u1eef xa c\u00e1c khu v\u1ef1c nguy hi\u1ec3m.<\/span><\/li>\n<li><span style=\"font-family: arial, helvetica, sans-serif;\">T\u1ea5t c\u1ea3 c\u00e1c b\u1ed9 ph\u1eadn b\u1ea3o tr\u00ec \u0111\u01b0\u1ee3c b\u1ea3o v\u1ec7 t\u1ed1t v\u00e0 d\u1ec5 duy tr\u00ec.<\/span><\/li>\n<li><span style=\"font-family: arial, helvetica, sans-serif;\">\u0110\u1ed9ng c\u01a1 l\u00e0 \u0111\u1ed9ng c\u01a1 l\u00e0m m\u00e1t b\u1eb1ng kh\u00f4ng kh\u00ed Deutz;<\/span><\/li>\n<li><span style=\"font-family: arial, helvetica, sans-serif;\">B\u1ed9 truy\u1ec1n th\u00f4ng th\u00f4ng qua b\u1ed9 chuy\u1ec3n \u0111\u1ed5i m\u00f4-men xo\u1eafn DANA nh\u1eadp kh\u1ea9u v\u00e0 h\u1ed9p s\u1ed1 chuy\u1ec3n \u0111\u1ed5i c\u00f4ng su\u1ea5t;<\/span><\/li>\n<li><span style=\"font-family: arial, helvetica, sans-serif;\">Thi\u1ebft k\u1ebf nh\u1ecf g\u1ecdn v\u00e0 linh ho\u1ea1t ph\u00f9 h\u1ee3p cho \u0111\u01b0\u1eddng h\u1ea7m h\u1eb9p;<\/span><\/li>\n<li><span style=\"font-family: arial, helvetica, sans-serif;\">Van \u0111a chi\u1ec1u \u00e1p d\u1ee5ng m\u1ed9t lo\u1ea1i \u0111i\u1ec1u h\u00e0nh th\u00ed \u0111i\u1ec3m, thu\u1eadn ti\u1ec7n h\u01a1n \u0111\u1ec3 v\u1eadn h\u00e0nh;<\/span><\/li>\n<li><span style=\"font-family: arial, helvetica, sans-serif;\">B\u1ea3n l\u1ec1 trung t\u00e2m, t\u1ef7 l\u1ec7 th\u1ea5t b\u1ea1i th\u1ea5p, tho\u1ea3i m\u00e1i cao;<\/span><\/li>\n<li><span style=\"font-family: arial, helvetica, sans-serif;\">Tr\u1ee5c sau \u00e1p d\u1ee5ng khung dao \u0111\u1ed9ng h\u1ed7 tr\u1ee3 k\u00e9p \u0111\u1ec3 gi\u1ea3m t\u1ef7 l\u1ec7 th\u1ea5t b\u1ea1i.<\/span><\/li>\n<\/ul>\n<p><span style=\"font-family: arial, helvetica, sans-serif;\"><strong><b>C\u00f4ng su\u1ea5t s\u1ea3n xu\u1ea5t<img decoding=\"async\" class=\"wp-image-2651 alignright\" src=\"http:\/\/www.zongdamining.com\/wp-content\/uploads\/2025\/09\/\u56fe\u72472.png\" alt=\"\" width=\"428\" height=\"571\" srcset=\"https:\/\/www.zongdamining.com\/wp-content\/uploads\/2025\/09\/\u56fe\u72472.png 534w, https:\/\/www.zongdamining.com\/wp-content\/uploads\/2025\/09\/\u56fe\u72472-225x300.png 225w\" sizes=\"(max-width: 428px) 100vw, 428px\" \/>\u00a0 \u00a0 \u00a0 \u00a0 \u00a0 \u00a0 \u00a0 \u00a0 \u00a0 \u00a0 \u00a0 \u00a0 \u00a0 \u00a0 \u00a0 \u00a0 \u00a0 \u00a0 \u00a0 \u00a0 \u00a0 \u00a0 \u00a0 \u00a0 \u00a0 \u00a0 \u00a0 \u00a0 \u00a0 \u00a0 \u00a0 \u00a0 \u00a0 \u00a0 \u00a0 \u00a0 \u00a0 \u00a0 \u00a0 \u00a0 \u00a0 \u00a0 \u00a0 \u00a0 \u00a0 \u00a0 \u00a0 \u00a0 \u00a0 \u00a0 \u00a0 \u00a0 \u00a0 \u00a0 \u00a0 \u00a0 \u00a0 \u00a0 \u00a0 \u00a0 \u00a0 \u00a0 \u00a0 \u00a0 \u00a0 \u00a0<\/b><\/strong><\/span><\/p>\n<ul>\n<li><span style=\"font-family: arial, helvetica, sans-serif;\">Kh\u1ea3 n\u0103ng t\u1ea3i l\u00e1i xe: 6000kg<\/span><\/li>\n<li><span style=\"font-family: arial, helvetica, sans-serif;\">L\u1ef1c k\u00e9o \u2265120kN<\/span><\/li>\n<li><span style=\"font-family: arial, helvetica, sans-serif;\">L\u1ef1c c\u1ea1o, x\u00f4 thu th\u1eadp \u2265100kN<\/span><\/li>\n<li><span style=\"font-family: arial, helvetica, sans-serif;\">X\u00f4 ti\u00eau chu\u1ea9n: 3 m\u00b3<\/span><\/li>\n<\/ul>\n<p><strong style=\"font-family: arial, helvetica, sans-serif; text-align: right;\"><b>T\u1ed1c \u0111\u1ed9 l\u00e1i ph\u00eda tr\u01b0\u1edbc v\u00e0 ph\u00eda sau (ngang \/ t\u1ea3i \u0111\u1ea7y \u0111\u1ee7)<\/b><\/strong><\/p>\n<ul>\n<li><span style=\"font-family: arial, helvetica, sans-serif;\">B\u00e1nh r\u0103ng th\u1ee9 nh\u1ea5t: 4.0km \/ h<\/span><\/li>\n<li><span style=\"font-family: arial, helvetica, sans-serif;\">B\u00e1nh r\u0103ng th\u1ee9 hai: 10.0km \/ h<\/span><\/li>\n<\/ul>\n<p><strong><span style=\"font-family: arial, helvetica, sans-serif;\">Th\u1eddi gian ho\u1ea1t \u0111\u1ed9ng th\u00f9ng<\/span><\/strong><\/p>\n<ul>\n<li><span style=\"font-family: arial, helvetica, sans-serif;\">Thang m\u00e1y: 6.5S<\/span><\/li>\n<li><span style=\"font-family: arial, helvetica, sans-serif;\">M\u00f9a thu: 3.6S<\/span><\/li>\n<li><span style=\"font-family: arial, helvetica, sans-serif;\">B\u1ecf: 3.2<\/span><\/li>\n<\/ul>\n<p><strong style=\"font-family: arial, helvetica, sans-serif;\"><b>Tr\u1ecdng l\u01b0\u1ee3ng tr\u1ed1ng<\/b><\/strong><\/p>\n<p>&nbsp;<\/p>\n<ul>\n<li><span style=\"font-family: arial, helvetica, sans-serif;\">Tr\u1ecdng l\u01b0\u1ee3ng xe: 20 500kg<\/span><\/li>\n<li><span style=\"font-family: arial, helvetica, sans-serif;\">T\u1ea3i tr\u1ecdng tr\u1ee5c tr\u01b0\u1edbc: 9 000kg<\/span><\/li>\n<li><span style=\"font-family: arial, helvetica, sans-serif;\">T\u1ea3i tr\u1ecdng tr\u1ee5c sau: 11 500kg<\/span><\/li>\n<\/ul>\n<p><span style=\"font-family: arial, helvetica, sans-serif;\"><strong><b>Tr\u1ecdng l\u01b0\u1ee3ng t\u1ea3i \u0111\u1ea7y \u0111\u1ee7<\/b><\/strong><\/span><\/p>\n<ul>\n<li><span style=\"font-family: arial, helvetica, sans-serif;\">T\u1ed5ng tr\u1ecdng l\u01b0\u1ee3ng t\u1ea3i \u0111\u1ea7y \u0111\u1ee7: 27 5000kg<\/span><\/li>\n<li><span style=\"font-family: arial, helvetica, sans-serif;\">T\u1ea3i tr\u1ecdng tr\u1ee5c tr\u01b0\u1edbc: 19 700kg<\/span><\/li>\n<li><span style=\"font-family: arial, helvetica, sans-serif;\">T\u1ea3i tr\u1ecdng tr\u1ee5c sau: 7 800kg<\/span><\/li>\n<\/ul>\n<p><span style=\"font-family: arial, helvetica, sans-serif;\"><strong>\u0110\u1ed9ng c\u01a1<img decoding=\"async\" class=\"wp-image-2732 alignleft\" src=\"http:\/\/www.zongdamining.com\/wp-content\/uploads\/2025\/09\/350A6755-\u62f7\u8d1d-scaled.png\" alt=\"\" width=\"629\" height=\"629\" srcset=\"https:\/\/www.zongdamining.com\/wp-content\/uploads\/2025\/09\/350A6755-\u62f7\u8d1d-scaled.png 2560w, https:\/\/www.zongdamining.com\/wp-content\/uploads\/2025\/09\/350A6755-\u62f7\u8d1d-300x300.png 300w, https:\/\/www.zongdamining.com\/wp-content\/uploads\/2025\/09\/350A6755-\u62f7\u8d1d-1024x1024.png 1024w, https:\/\/www.zongdamining.com\/wp-content\/uploads\/2025\/09\/350A6755-\u62f7\u8d1d-150x150.png 150w, https:\/\/www.zongdamining.com\/wp-content\/uploads\/2025\/09\/350A6755-\u62f7\u8d1d-768x768.png 768w, https:\/\/www.zongdamining.com\/wp-content\/uploads\/2025\/09\/350A6755-\u62f7\u8d1d-1536x1536.png 1536w, https:\/\/www.zongdamining.com\/wp-content\/uploads\/2025\/09\/350A6755-\u62f7\u8d1d-2048x2048.png 2048w, https:\/\/www.zongdamining.com\/wp-content\/uploads\/2025\/09\/350A6755-\u62f7\u8d1d-700x700.png 700w, https:\/\/www.zongdamining.com\/wp-content\/uploads\/2025\/09\/350A6755-\u62f7\u8d1d-600x600.png 600w, https:\/\/www.zongdamining.com\/wp-content\/uploads\/2025\/09\/350A6755-\u62f7\u8d1d-100x100.png 100w\" sizes=\"(max-width: 629px) 100vw, 629px\" \/><\/strong><\/span><\/p>\n<ul>\n<li><span style=\"font-family: arial, helvetica, sans-serif;\">\u0110\u1ed9ng c\u01a1 diesel: Deutz BF6M1013EC c\u1ee7a \u0110\u1ee9c<\/span><\/li>\n<li><span style=\"font-family: arial, helvetica, sans-serif;\">C\u00f4ng su\u1ea5t \u0111\u1ea7u ra: 165kW C\u00f4ng232300rpm<\/span><\/li>\n<li><span style=\"font-family: arial, helvetica, sans-serif;\">M\u00f4-men xo\u1eafn: 854Nm @ 1400rpm<\/span><\/li>\n<li><span style=\"font-family: arial, helvetica, sans-serif;\">S\u1ed1 l\u01b0\u1ee3ng xi lanh: \u0110\u1ed9ng c\u01a1 6 xi lanh n\u1ed9i tuy\u1ebfn<\/span><\/li>\n<li><span style=\"font-family: arial, helvetica, sans-serif;\">Di chuy\u1ec3n: 7L<\/span><\/li>\n<li><span style=\"font-family: arial, helvetica, sans-serif;\">H\u1ec7 th\u1ed1ng l\u00e0m m\u00e1t: L\u00e0m m\u00e1t b\u1eb1ng n\u01b0\u1edbc<\/span><\/li>\n<li><span style=\"font-family: arial, helvetica, sans-serif;\">H\u1ec7 th\u1ed1ng \u0111i\u1ec7n: 24V<\/span><\/li>\n<li><span style=\"font-family: arial, helvetica, sans-serif;\">Ti\u00eau th\u1ee5 nhi\u00ean li\u1ec7u trung b\u00ecnh: 19L \/ h<\/span><\/li>\n<li><span style=\"font-family: arial, helvetica, sans-serif;\">C\u00f4ng su\u1ea5t b\u1ec3 nhi\u00ean li\u1ec7u: 250L<\/span><\/li>\n<\/ul>\n<p><span style=\"font-family: arial, helvetica, sans-serif;\"><strong>B\u1ed9 chuy\u1ec3n \u0111\u1ed5i m\u00f4-men xo\u1eafn<\/strong><\/span><\/p>\n<ul>\n<li><span style=\"font-family: arial, helvetica, sans-serif;\">DANA C270 : \u0110\u01a1n c\u1ea5p \u00a0\u00a0\u00a0<\/span><\/li>\n<\/ul>\n<p><span style=\"font-family: arial, helvetica, sans-serif;\"><strong><b>Truy\u1ec1n t\u1ea3i<\/b><\/strong><\/span><\/p>\n<ul>\n<li><span style=\"font-family: arial, helvetica, sans-serif;\">DANA R32000 \uff1a\u0110i\u1ec1u khi\u1ec3n chuy\u1ec3n \u0111\u1ed5i b\u00e1nh r\u0103ng \u0111i\u1ec7n<\/span><\/li>\n<\/ul>\n<p><span style=\"font-family: arial, helvetica, sans-serif;\"><strong><b>Tr\u1ee5c<\/b><\/strong><\/span><\/p>\n<p><span style=\"font-family: arial, helvetica, sans-serif;\">Hoa K\u1ef3 DANA<\/span><\/p>\n<ul>\n<li><span style=\"font-family: arial, helvetica, sans-serif;\">Tr\u1ee5c tr\u01b0\u1edbc: 16D, m\u00f9a xu\u00e2n \u00e1p d\u1ee5ng phanh gi\u1ea3i ph\u00f3ng th\u1ee7y l\u1ef1c, NO SPIN kh\u00e1c bi\u1ec7t, l\u1eafp \u0111\u1eb7t c\u1ed1 \u0111\u1ecbnh<\/span><\/li>\n<li><span style=\"font-family: arial, helvetica, sans-serif;\">Tr\u1ee5c sau: 16D, m\u00f9a xu\u00e2n \u00e1p d\u1ee5ng phanh gi\u1ea3i ph\u00f3ng th\u1ee7y l\u1ef1c, kh\u00e1c bi\u1ec7t ti\u00eau chu\u1ea9n, g\u00f3c dao \u0111\u1ed9ng \u00b1 8 \u00b0<\/span><\/li>\n<\/ul>\n<p><span style=\"font-family: arial, helvetica, sans-serif;\"><strong><b>L\u1ed1p xe<\/b><\/strong><\/span><\/p>\n<ul>\n<li><span style=\"font-family: arial, helvetica, sans-serif;\">M\u00f4 h\u00ecnh l\u1ed1p: 17.5-25S<\/span><\/li>\n<\/ul>\n<p><span style=\"font-family: arial, helvetica, sans-serif;\"><strong><b>Khung tr\u01b0\u1edbc v\u00e0 sau<img loading=\"lazy\" decoding=\"async\" class=\"wp-image-2674 alignright\" src=\"http:\/\/www.zongdamining.com\/wp-content\/uploads\/2025\/08\/350A6831-\u62f7\u8d1d-scaled.jpg\" alt=\"\" width=\"635\" height=\"635\" srcset=\"https:\/\/www.zongdamining.com\/wp-content\/uploads\/2025\/08\/350A6831-\u62f7\u8d1d-scaled.jpg 2560w, https:\/\/www.zongdamining.com\/wp-content\/uploads\/2025\/08\/350A6831-\u62f7\u8d1d-300x300.jpg 300w, https:\/\/www.zongdamining.com\/wp-content\/uploads\/2025\/08\/350A6831-\u62f7\u8d1d-1024x1024.jpg 1024w, https:\/\/www.zongdamining.com\/wp-content\/uploads\/2025\/08\/350A6831-\u62f7\u8d1d-150x150.jpg 150w, https:\/\/www.zongdamining.com\/wp-content\/uploads\/2025\/08\/350A6831-\u62f7\u8d1d-768x768.jpg 768w, https:\/\/www.zongdamining.com\/wp-content\/uploads\/2025\/08\/350A6831-\u62f7\u8d1d-1536x1536.jpg 1536w, https:\/\/www.zongdamining.com\/wp-content\/uploads\/2025\/08\/350A6831-\u62f7\u8d1d-2048x2048.jpg 2048w, https:\/\/www.zongdamining.com\/wp-content\/uploads\/2025\/08\/350A6831-\u62f7\u8d1d-700x700.jpg 700w, https:\/\/www.zongdamining.com\/wp-content\/uploads\/2025\/08\/350A6831-\u62f7\u8d1d-600x600.jpg 600w, https:\/\/www.zongdamining.com\/wp-content\/uploads\/2025\/08\/350A6831-\u62f7\u8d1d-100x100.jpg 100w\" sizes=\"(max-width: 635px) 100vw, 635px\" \/><\/b><\/strong><\/span><\/p>\n<ul>\n<li><span style=\"font-family: arial, helvetica, sans-serif;\">C\u1ea5u tr\u00fac th\u00e9p h\u00e0n c\u01b0\u1eddng \u0111\u1ed9 cao. T\u1ef7 l\u1ec7 \u0111\u1ed9 d\u00e0y v\u1eadt li\u1ec7u \u0111\u01b0\u1ee3c t\u1ed1i \u01b0u h\u00f3a \u0111\u1ec3 gi\u1ea3m tr\u1ecdng l\u01b0\u1ee3ng b\u1ea3n th\u00e2n, c\u1ea3i thi\u1ec7n kh\u1ea3 n\u0103ng v\u1eadn chuy\u1ec3n v\u00e0 t\u0103ng c\u01b0\u1eddng tu\u1ed5i th\u1ecd c\u1ee7a c\u00e1c th\u00e0nh ph\u1ea7n c\u1ea5u tr\u00fac.<\/span><\/li>\n<li><span style=\"font-family: arial, helvetica, sans-serif;\">B\u1ea3n l\u1ec1 trung t\u00e2m<\/span><\/li>\n<li><span style=\"font-family: arial, helvetica, sans-serif;\">T\u1ef1 \u0111\u1ed9ng b\u00f4i tr\u01a1n t\u1eadp trung: T\u00f9y ch\u1ecdn<\/span><\/li>\n<\/ul>\n<p><span style=\"font-family: arial, helvetica, sans-serif;\"><strong><b>S<\/b><\/strong><strong><b>h\u1ec7 th\u1ed1ng th\u1ee7y l\u1ef1c teering<\/b><\/strong><\/span><\/p>\n<ul>\n<li><span style=\"font-family: arial, helvetica, sans-serif;\">B\u1ea3n l\u1ec1 trung t\u00e2m, l\u00e1i h\u1ed7 tr\u1ee3 th\u1ee7y l\u1ef1c, hai xi lanh d\u1ea7u ho\u1ea1t \u0111\u1ed9ng k\u00e9p ho\u1ea1t \u0111\u1ed9ng. Tay l\u00e1i \u0111\u01b0\u1ee3c \u0111i\u1ec1u khi\u1ec3n b\u1eb1ng th\u1ee7y l\u1ef1c ho\u00e0n to\u00e0n.<\/span><\/li>\n<\/ul>\n<p><span style=\"font-family: arial, helvetica, sans-serif;\"><strong><b>B\u00e1n k\u00ednh xoay<\/b><\/strong><\/span><\/p>\n<ul>\n<li><span style=\"font-family: arial, helvetica, sans-serif;\">G\u00f3c l\u00e1i: \u00b1 40 \u00b0<\/span><\/li>\n<li><span style=\"font-family: arial, helvetica, sans-serif;\">\u0110\u01b0\u1eddng k\u00ednh b\u00ean trong: 3000 mm<\/span><\/li>\n<li><span style=\"font-family: arial, helvetica, sans-serif;\">\u0110\u01b0\u1eddng k\u00ednh b\u00ean ngo\u00e0i: 6200 mm<\/span><\/li>\n<\/ul>\n<p><span style=\"font-family: arial, helvetica, sans-serif;\"><strong><b>H\u1ec7 th\u1ed1ng th\u1ee7y l\u1ef1c x\u00f4<\/b><\/strong><\/span><\/p>\n<ul>\n<li><span style=\"font-family: arial, helvetica, sans-serif;\">\u0110\u00f2n b\u1ea9y \u0111i\u1ec1u khi\u1ec3n k\u00e9p \u0111i\u1ec1u khi\u1ec3n chuy\u1ec3n \u0111\u1ed9ng c\u1ee7a x\u00f4 v\u00e0 boom (\u0111i\u1ec1u khi\u1ec3n th\u1ee7y l\u1ef1c). D\u1ea7u \u0111\u01b0\u1ee3c cung c\u1ea5p cho van ch\u00ednh c\u1ee7a h\u1ec7 th\u1ed1ng th\u1ee7y l\u1ef1c x\u00f4 b\u1eb1ng m\u00e1y b\u01a1m b\u00e1nh r\u0103ng<\/span>.<\/li>\n<\/ul>\n<p><span style=\"font-family: arial, helvetica, sans-serif;\"><strong><b>H\u1ec7 th\u1ed1ng phanh<\/b><\/strong><\/span><\/p>\n<ul>\n<li><span style=\"font-family: arial, helvetica, sans-serif;\">Phanh l\u00e1i xe \u0111\u01b0\u1ee3c trang b\u1ecb phanh m\u00f9a xu\u00e2n tr\u00ean m\u1ed7i c\u1ea1nh b\u00e1nh xe v\u00e0 phanh \u0111a \u0111\u0129a \u01b0\u1edbt gi\u1ea3i ph\u00f3ng th\u1ee7y l\u1ef1c.<\/span><\/li>\n<li><span style=\"font-family: arial, helvetica, sans-serif;\">Phanh kh\u1ea9n c\u1ea5p v\u00e0 phanh \u0111\u1ed7 xe l\u00e0 phanh b\u00ean b\u00e1nh xe c\u1ee7a tr\u1ee5c l\u00e1i xe, trong khi phanh l\u00e0m vi\u1ec7c v\u00e0 phanh \u0111\u1ed7 xe \u0111\u01b0\u1ee3c k\u1ebft h\u1ee3p th\u00e0nh m\u1ed9t.<\/span><\/li>\n<li><span style=\"font-family: arial, helvetica, sans-serif;\">Hi\u1ec7u su\u1ea5t h\u1ec7 th\u1ed1ng phanh \u0111\u00e1p \u1ee9ng ti\u00eau chu\u1ea9n EN ISO 3450, AS2958.1 v\u00e0 SABS 1589.<\/span><\/li>\n<\/ul>\n<p>&nbsp;<\/p>\n<p>&nbsp;<\/p>\n<p>&nbsp;<\/p>","protected":false},"excerpt":{"rendered":"<p><span style=\"font-family: arial, helvetica, sans-serif;\">\u0110\u01b0\u1ee3c thi\u1ebft k\u1ebf \u0111\u1eb7c bi\u1ec7t cho c\u00e1c ho\u1ea1t \u0111\u1ed9ng khai th\u00e1c v\u00e0 \u0111\u00e0o \u0111\u01b0\u1eddng h\u1ea7m 4mx4m \u0111\u1ec3 cung c\u1ea5p kh\u1ea3 n\u0103ng t\u1ea3i t\u1ed1i \u0111a. H\u1ec7 th\u1ed1ng truy\u1ec1n c\u01a1 kh\u00ed th\u1ee7y l\u1ef1c cung c\u1ea5p l\u1ef1c k\u00e9o cao h\u01a1n, \u0111\u1ea3m b\u1ea3o l\u1ef1c ch\u00e8n x\u00f4 t\u1ed1i \u0111a trong qu\u00e1 tr\u00ecnh khai th\u00e1c m\u1ecf v\u00e0 cung c\u1ea5p m\u1ed9t cabin tho\u1ea3i m\u00e1i cho ng\u01b0\u1eddi v\u1eadn h\u00e0nh.<\/span><\/p>","protected":false},"featured_media":2773,"comment_status":"closed","ping_status":"closed","template":"","meta":{"_acf_changed":false},"product_brand":[],"product_cat":[15],"product_tag":[],"class_list":{"0":"post-2649","1":"product","2":"type-product","3":"status-publish","4":"has-post-thumbnail","6":"product_cat-trackless-mining-equipment","8":"first","9":"instock","10":"shipping-taxable","11":"product-type-simple"},"acf":[],"_links":{"self":[{"href":"https:\/\/www.zongdamining.com\/vi\/wp-json\/wp\/v2\/product\/2649","targetHints":{"allow":["GET"]}}],"collection":[{"href":"https:\/\/www.zongdamining.com\/vi\/wp-json\/wp\/v2\/product"}],"about":[{"href":"https:\/\/www.zongdamining.com\/vi\/wp-json\/wp\/v2\/types\/product"}],"replies":[{"embeddable":true,"href":"https:\/\/www.zongdamining.com\/vi\/wp-json\/wp\/v2\/comments?post=2649"}],"wp:featuredmedia":[{"embeddable":true,"href":"https:\/\/www.zongdamining.com\/vi\/wp-json\/wp\/v2\/media\/2773"}],"wp:attachment":[{"href":"https:\/\/www.zongdamining.com\/vi\/wp-json\/wp\/v2\/media?parent=2649"}],"wp:term":[{"taxonomy":"product_brand","embeddable":true,"href":"https:\/\/www.zongdamining.com\/vi\/wp-json\/wp\/v2\/product_brand?post=2649"},{"taxonomy":"product_cat","embeddable":true,"href":"https:\/\/www.zongdamining.com\/vi\/wp-json\/wp\/v2\/product_cat?post=2649"},{"taxonomy":"product_tag","embeddable":true,"href":"https:\/\/www.zongdamining.com\/vi\/wp-json\/wp\/v2\/product_tag?post=2649"}],"curies":[{"name":"WP","href":"https:\/\/api.w.org\/{rel}","templated":true}]}}