{"id":2727,"date":"2025-09-24T14:05:18","date_gmt":"2025-09-24T06:05:18","guid":{"rendered":"https:\/\/www.zongdamining.com\/?post_type=product&#038;p=2727"},"modified":"2026-01-23T15:53:08","modified_gmt":"2026-01-23T07:53:08","slug":"technical-data-zdl717-underground-loader","status":"publish","type":"product","link":"https:\/\/www.zongdamining.com\/vi\/product\/technical-data-zdl717-underground-loader\/","title":{"rendered":"ZDL717 M\u00e1y t\u1ea3i ng\u1ea7m nhi\u1ec7m v\u1ee5 n\u1eb7ng cho qu\u1eb7ng m\u1ecf &#038; T\u1ea3i \u0111\u00e1 r\u00e1c th\u1ea3i"},"content":{"rendered":"<p><span style=\"font-family: arial, helvetica, sans-serif;\"><strong><b>M\u00e1y t\u1ea3i ng\u1ea7m ZDL717 <\/b><\/strong><strong><b>: Trackless dao t\u1ea3i thi\u1ebft b\u1ecb v\u1eadn chuy\u1ec3n kho\u1ea3ng c\u00e1ch ng\u1eafn<\/b><\/strong><strong><b>.<\/b><\/strong>\u00a0<\/span><\/p>\n<p>&nbsp;<\/p>\n<p><strong><b>C\u00e1c <\/b><\/strong><strong><b>M\u00e1y t\u1ea3i ng\u1ea7m ZDL717<\/b><\/strong><strong><b>\u00a0<\/b><\/strong>ch\u1ee7 y\u1ebfu \u0111\u01b0\u1ee3c s\u1eed d\u1ee5ng k\u1ebft h\u1ee3p v\u1edbi xe t\u1ea3i khai th\u00e1c m\u1ecf trong khai th\u00e1c ng\u1ea7m v\u00e0 khai th\u00e1c m\u1ecf. T\u1ea3i qu\u1eb7ng v\u00e0 v\u1eadt li\u1ec7u kh\u00e1c nhau c\u00f3 th\u1ec3 c\u1ea3i thi\u1ec7n \u0111\u00e1ng k\u1ec3 hi\u1ec7u qu\u1ea3 ho\u1ea1t \u0111\u1ed9ng v\u00e0 l\u00e0 m\u1ed9t thi\u1ebft b\u1ecb quan tr\u1ecdng \u0111\u1ec3 \u0111\u1ea1t \u0111\u01b0\u1ee3c khai th\u00e1c m\u1ecf kh\u00f4ng theo d\u00f5i.<\/p>\n<p><span style=\"font-family: arial, helvetica, sans-serif;\"><strong><b>\u00a0 \u00a0 \u00a01.<\/b><\/strong><strong><b>\u0110\u1eb7c \u0111i\u1ec3m k\u1ef9 thu\u1eadt<\/b><\/strong>:<\/span><\/p>\n<ul>\n<li><span style=\"font-family: arial, helvetica, sans-serif;\"><strong><b>H\u1ec7 th\u1ed1ng \u0111i\u1ec7n<\/b><\/strong>: H\u1ec7 th\u1ed1ng \u0111i\u1ec7n \u00e1p d\u1ee5ng Cummins QSZ13-C380-30 \u0110\u1ed9ng c\u01a1 m\u00f4-men xo\u1eafn cao t\u1ed1c \u0111\u1ed9 th\u1ea5p \u00f4 nhi\u1ec5m th\u1ea5p l\u00e0m m\u00e1t b\u1eb1ng n\u01b0\u1edbc<\/span><\/li>\n<li><span style=\"font-family: arial, helvetica, sans-serif;\"><strong><b>Truy\u1ec1n t\u1ea3i<\/b><\/strong>: H\u1ec7 th\u1ed1ng truy\u1ec1n \u0111i\u1ec7n \u00e1p d\u1ee5ng h\u1ed9p s\u1ed1 DANA v\u00e0 b\u1ed9 chuy\u1ec3n \u0111\u1ed5i m\u00f4-men xo\u1eafn, tr\u1ee5c l\u00e1i xe th\u1ee7y l\u1ef1c ph\u00f3ng phanh m\u00f9a xu\u00e2n DANA v\u00e0 l\u1ed1p kh\u00ed n\u00e9n ch\u1ed1ng c\u1eaft khai th\u00e1c m\u1ecf;<\/span><\/li>\n<li><span style=\"font-family: arial, helvetica, sans-serif;\"><strong><b>H\u1ec7 th\u1ed1ng phanh<\/b><\/strong>: phanh d\u1ecbch v\u1ee5 \u00e1p d\u1ee5ng phanh m\u00f9a xu\u00e2n \u0111a \u0111\u0129a \u01b0\u1edbt v\u00e0 phanh gi\u1ea3i ph\u00f3ng th\u1ee7y l\u1ef1c; Van l\u00e0m \u0111\u1ea7y MICO v\u00e0 van phanh; Phanh \u0111\u1ed7 xe \u00e1p d\u1ee5ng phanh m\u00f9a xu\u00e2n tr\u00ean tr\u1ee5c l\u00e1i xe \u0111\u1ec3 phanh;<\/span><\/li>\n<li><span style=\"font-family: arial, helvetica, sans-serif;\"><strong><b>Khung<\/b><\/strong>: Khung l\u00e0 m\u1ed9t c\u1ea5u tr\u00fac kh\u1edbp n\u1ed1i trung t\u00e2m, v\u1edbi tr\u1ee5c sau xoay tr\u00e1i v\u00e0 ph\u1ea3i xung quanh trung t\u00e2m c\u1ee7a khung \u0111\u1ec3 c\u1ea3i thi\u1ec7n hi\u1ec7u su\u1ea5t b\u00e1m d\u00ednh c\u1ee7a to\u00e0n b\u1ed9 m\u00e1y;<\/span><\/li>\n<li><span style=\"font-family: arial, helvetica, sans-serif;\"><strong><b>l\u00e1i xe<\/b><\/strong>: H\u1ec7 th\u1ed1ng l\u00e1i l\u00e0 m\u1ed9t h\u1ec7 th\u1ed1ng l\u00e1i h\u1ed7 tr\u1ee3 th\u1ee7y l\u1ef1c v\u1edbi xi lanh l\u00e1i hai m\u1eb7t;<\/span><\/li>\n<\/ul>\n<p><span style=\"font-family: arial, helvetica, sans-serif;\"><b><\/b><strong><b>\u00a0 \u00a0 \u00a02. Bi\u1ec7n ph\u00e1p an to\u00e0n:<\/b><\/strong><\/span><\/p>\n<ul>\n<li><span style=\"font-family: arial, helvetica, sans-serif;\"><strong><b>Thi\u1ebft b\u1ecb an to\u00e0n<\/b><\/strong>C\u00e1c nh\u00e0 khai th\u00e1c ph\u1ea3i \u0111eo m\u0169 b\u1ea3o hi\u1ec3m an to\u00e0n, mang theo c\u00e1c thi\u1ebft b\u1ecb t\u1ef1 c\u1ee9u v\u00e0 s\u1eed d\u1ee5ng \u0111\u00e8n khai th\u00e1c m\u1ecf khi b\u01b0\u1edbc v\u00e0o gi\u1ebfng.<\/span><\/li>\n<li><span style=\"font-family: arial, helvetica, sans-serif;\"><strong><b>B\u1ea3o tr\u00ec th\u01b0\u1eddng xuy\u00ean<\/b><\/strong>Ki\u1ec3m tra th\u01b0\u1eddng xuy\u00ean v\u00e0 gi\u1ea3i quy\u1ebft nhanh ch\u00f3ng c\u00e1c m\u1ed1i nguy hi\u1ec3m \u1ea9n.<\/span><\/li>\n<li><span style=\"font-family: arial, helvetica, sans-serif;\"><strong><b>Kh\u00f4ng b\u1ea3o tr\u00ec trong khi ho\u1ea1t \u0111\u1ed9ng<\/b><\/strong>C\u1ea5m th\u1ef1c hi\u1ec7n b\u1ea3o tr\u00ec trong khi m\u00e1y \u0111ang ch\u1ea1y.<\/span><\/li>\n<li><span style=\"font-family: arial, helvetica, sans-serif;\"><strong><b>An to\u00e0n trong qu\u00e1 tr\u00ecnh h\u00e0n \/ c\u1eaft<\/b><\/strong>X\u00e1c nh\u1eadn kh\u00f4ng c\u00f3 v\u1eadt li\u1ec7u d\u1ec5 ch\u00e1y ho\u1eb7c n\u1ed5 tr\u01b0\u1edbc khi b\u1ea3o tr\u00ec.<\/span><\/li>\n<li><span style=\"font-family: arial, helvetica, sans-serif;\"><strong><b>C\u00e1c bi\u1ec7n ph\u00e1p ph\u00f2ng ng\u1eeba \u1ed1ng th\u1ea3i<\/b><\/strong>Tr\u00e1nh ti\u1ebfp x\u00fac v\u1eadt l\u00fd v\u1edbi \u1ed1ng th\u1ea3i n\u00f3ng.<\/span><\/li>\n<li><span style=\"font-family: arial, helvetica, sans-serif;\"><strong><b>B\u1ea3o tr\u00ec h\u1ec7 th\u1ed1ng th\u1ee7y l\u1ef1c<\/b><\/strong>\u00c1p l\u1ef1c ph\u1ea3i \u0111\u01b0\u1ee3c gi\u1ea3m tr\u01b0\u1edbc khi b\u1eaft \u0111\u1ea7u s\u1eeda ch\u1eefa.<\/span><\/li>\n<\/ul>\n<p><span style=\"font-family: arial, helvetica, sans-serif;\"><strong><b>\u0110i\u1ec1u ki\u1ec7n \u1ee9ng d\u1ee5ng<\/b><\/strong><strong><b>\u00a0cho <\/b><\/strong><strong><b>M\u00e1y t\u1ea3i ng\u1ea7m ZDL717 <\/b><\/strong><strong>:<\/strong><\/span><\/p>\n<p><span style=\"font-family: arial, helvetica, sans-serif;\"><b><\/b><strong><b>\u00a0 \u00a0<span style=\"font-family: arial, helvetica, sans-serif;\"> 1. Th\u00f4ng s\u1ed1 k\u1ef9 thu\u1eadt \u0111\u01b0\u1eddng h\u1ea7m<\/span><\/b><\/strong>:<\/span><\/p>\n<ul>\n<li><span style=\"font-family: arial, helvetica, sans-serif;\">Th\u00edch h\u1ee3p cho \u0111\u01b0\u1eddng h\u1ea7m v\u1edbi k\u00edch th\u01b0\u1edbc c\u1eaft ch\u00e9o c\u1ee7a <\/span><strong style=\"font-family: arial, helvetica, sans-serif;\"><b>4<\/b><\/strong><strong style=\"font-family: arial, helvetica, sans-serif;\"><b>m\u00e9t (chi\u1ec1u cao) \u00d7<\/b><\/strong><strong style=\"font-family: arial, helvetica, sans-serif;\"><b>4<\/b><\/strong><strong style=\"font-family: arial, helvetica, sans-serif;\"><b>m\u00e9t (chi\u1ec1u r\u1ed9ng) v\u00e0 tr\u00ean<\/b><\/strong><span style=\"font-family: arial, helvetica, sans-serif;\">.<\/span><\/li>\n<li><span style=\"font-family: arial, helvetica, sans-serif;\">Y\u00eau c\u1ea7u a <strong><b>t\u1ea5m \u0111\u1ea7u c\u00f4ng ty<\/b><\/strong>.<\/span><\/li>\n<li><span style=\"font-family: arial, helvetica, sans-serif;\">B\u00e1n k\u00ednh xoay t\u1ed1i thi\u1ec3u c\u1ee7a <strong><b>\u2265 <\/b><\/strong><strong><b>7<\/b><\/strong><strong><b>m\u00e9t<\/b><\/strong>\u1edf b\u00ean ngo\u00e0i.<\/span><\/li>\n<li><span style=\"font-family: arial, helvetica, sans-serif;\">\u0110\u01b0\u1eddng d\u1ed1c n\u00ean <strong><b>\u2264 14\u00b0<\/b><\/strong>.<\/span><\/li>\n<li><span style=\"font-family: arial, helvetica, sans-serif;\">Ph\u00f9 h\u1ee3p <strong><b>th\u00f4ng gi\u00f3 v\u00e0 tho\u00e1t n\u01b0\u1edbc<\/b><\/strong>t\u1ea1i n\u01a1i l\u00e0m vi\u1ec7c.<\/span><\/li>\n<\/ul>\n<p><span style=\"font-family: arial, helvetica, sans-serif;\"><b><\/b><strong><b>\u00a0 \u00a0 \u00a02. Y\u1ebfu t\u1ed1 m\u00f4i tr\u01b0\u1eddng<\/b><\/strong>:<\/span><\/p>\n<ul>\n<li><span style=\"font-family: arial, helvetica, sans-serif;\">Nhi\u1ec7t \u0111\u1ed9 m\u00f4i tr\u01b0\u1eddng trong \u0111\u01b0\u1eddng h\u1ea7m: <strong><b>-5 \u00b0 C \u0111\u1ebfn 40 \u00b0 C<\/b><\/strong>.<\/span><\/li>\n<li><span style=\"font-family: arial, helvetica, sans-serif;\">\u0110\u1ed9 \u1ea9m t\u01b0\u01a1ng \u0111\u1ed1i t\u1ed1i \u0111a (\u1edf 25 \u00b0 C): <strong><b>Kh\u00f4ng qu\u00e1 85%<\/b><\/strong>.<\/span><\/li>\n<li><span style=\"font-family: arial, helvetica, sans-serif;\">Chi\u1ec1u cao c\u1ee7a v\u1ecb tr\u00ed s\u1eed d\u1ee5ng: <strong><b>Kh\u00f4ng v\u01b0\u1ee3t qu\u00e1 1000 m\u00e9t<\/b><\/strong>.<\/span><\/li>\n<li><span style=\"font-family: arial, helvetica, sans-serif;\">\u1ede v\u00f9ng cao (tr\u00ean 1000 m\u00e9t), <strong><b>gi\u1ea3m n\u0103ng l\u01b0\u1ee3ng<\/b><\/strong>c\u1ea7n thi\u1ebft cho ho\u1ea1t \u0111\u1ed9ng.<\/span><\/li>\n<\/ul>\n<p><span style=\"font-family: arial, helvetica, sans-serif;\"><b><\/b><strong><b>\u00a0 \u00a0 \u00a03. Y\u00eau c\u1ea7u nhi\u00ean li\u1ec7u<\/b><\/strong>:<\/span><\/p>\n<ul>\n<li><span style=\"font-family: arial, helvetica, sans-serif;\">H\u00e0m l\u01b0\u1ee3ng l\u01b0u hu\u1ef3nh c\u1ee7a nhi\u00ean li\u1ec7u \u0111\u01b0\u1ee3c s\u1eed d\u1ee5ng trong m\u00e1y n\u00e0y ph\u1ea3i <strong><b>Kh\u00f4ng v\u01b0\u1ee3t qu\u00e1 0,2%<\/b><\/strong>.<\/span><\/li>\n<\/ul>\n<p><span style=\"font-family: arial, helvetica, sans-serif;\"><b><\/b><strong><b>\u00a0 \u00a0 \u00a04. B\u1ea3o v\u1ec7 an to\u00e0n<\/b><\/strong>:<\/span><\/p>\n<ul>\n<li><span style=\"font-family: arial, helvetica, sans-serif;\">Ch\u1eb7t ch\u1ebd <strong><b>c\u1ea5m<\/b><\/strong>\u1edf nh\u1eefng n\u01a1i v\u1edbi <strong><b>Kh\u00ed d\u1ec5 ch\u00e1y v\u00e0 n\u1ed5<\/b><\/strong>(nh\u01b0 kh\u00ed v\u00e0 b\u1ee5i than).<\/span><\/li>\n<\/ul>\n<p><span style=\"font-family: arial, helvetica, sans-serif;\"><strong><b>\u00a0K\u00edch th\u01b0\u1edbc b\u00ean ngo\u00e0i<\/b><\/strong><\/span><\/p>\n<p><span style=\"font-family: arial, helvetica, sans-serif;\"><strong><b>\u00a0 \u00a0 1. Th\u00f4ng s\u1ed1 k\u1ef9 thu\u1eadt<\/b><\/strong><\/span><\/p>\n<ul>\n<li><span style=\"font-family: arial, helvetica, sans-serif;\"><strong>C\u00f4ng su\u1ea5t t\u1ea3i \u0111\u1ecbnh m\u1ee9c:<\/strong>17 t (t\u1ea3i \u0111\u1ea7y \u0111\u1ee7)<\/span><\/li>\n<li><strong style=\"font-family: arial, helvetica, sans-serif;\">C\u00f4ng su\u1ea5t x\u00f4 (x\u1ebfp ch\u1ed3ng):<\/strong><span style=\"font-family: arial, helvetica, sans-serif;\">7 m \u00b3<\/span><\/li>\n<li><strong style=\"font-family: arial, helvetica, sans-serif;\">T\u1ed1c \u0111\u1ed9 l\u00e1i xe t\u1ed1i \u0111a trong b\u00e1nh r\u0103ng I:<\/strong><span style=\"font-family: arial, helvetica, sans-serif;\">0-22 km \/ gi\u1edd<\/span><\/li>\n<li><span style=\"font-family: arial, helvetica, sans-serif;\"><strong>Th\u1eddi gian l\u00e0m vi\u1ec7c:<\/strong>13 gi\u00e2y<\/span><\/li>\n<li><span style=\"font-family: arial, helvetica, sans-serif;\"><strong>Kh\u1ea3 n\u0103ng leo l\u00ean t\u1ed1i \u0111a (t\u1ea3i n\u1eb7ng): <\/strong>25%<\/span><\/li>\n<li><span style=\"font-family: arial, helvetica, sans-serif;\"><strong>L\u1ef1c k\u00e9o t\u1ed1i \u0111a:<\/strong>350 KN<\/span><\/li>\n<li><span style=\"font-family: arial, helvetica, sans-serif;\"><strong>B\u00e1n k\u00ednh xoay:<\/strong>B\u00ean trong 3519 mmB\u00ean ngo\u00e0i 7103 mm<\/span><\/li>\n<li><span style=\"font-family: arial, helvetica, sans-serif;\"><strong>Chi\u1ec1u cao t\u1ed1i \u0111a c\u1ee7a m\u00e1y trong khi d\u1ee1 t\u1ea3i:<\/strong>2444 mm<\/span><\/li>\n<li><span style=\"font-family: arial, helvetica, sans-serif;\"><strong>G\u00f3c d\u1ee1 t\u1ea3i t\u1ed1i \u0111a:<\/strong>40 \u00b0<\/span><\/li>\n<li><span style=\"font-family: arial, helvetica, sans-serif;\"><strong>G\u00f3c l\u00e1i:<\/strong>\u00b1 40 \u00b0<\/span><\/li>\n<li><span style=\"font-family: arial, helvetica, sans-serif;\"><strong>Kho\u1ea3ng tr\u1ed1ng m\u1eb7t \u0111\u1ea5t t\u1ed1i thi\u1ec3u: <\/strong>350 mm<\/span><\/li>\n<li><span style=\"font-family: arial, helvetica, sans-serif;\"><strong> K\u00edch th\u01b0\u1edbc t\u1ed5ng th\u1ec3: chi\u1ec1u d\u00e0i \u00b3 r\u1ed9ng \u00b3 Chi\u1ec1u cao: <\/strong>11000 mm \u00b3 2866 mm \u00b3 2500 mm<\/span><\/li>\n<li><span style=\"font-family: arial, helvetica, sans-serif;\"><strong>Tr\u1ecdng l\u01b0\u1ee3ng ho\u1ea1t \u0111\u1ed9ng c\u1ee7a to\u00e0n b\u1ed9 m\u00e1y:<\/strong>42 t\u1ea5n<\/span><\/li>\n<\/ul>\n<p><span style=\"font-family: arial, helvetica, sans-serif;\"><strong>\u00a0 \u00a0 \u00a02.<\/strong><\/span><strong style=\"font-family: arial, helvetica, sans-serif;\"><b>\u0110\u1ed9ng c\u01a1<\/b><\/strong><\/p>\n<ul>\n<li><span style=\"font-family: arial, helvetica, sans-serif;\"><strong>\u0110\u1ed9ng c\u01a1: <\/strong>Cummins QSZ13-C380 \u0111\u1ed9ng c\u01a1 \u00f4 nhi\u1ec5m th\u1ea5p l\u00e0m m\u00e1t b\u1eb1ng n\u01b0\u1edbc<\/span><\/li>\n<li><span style=\"font-family: arial, helvetica, sans-serif;\"><strong>C\u00f4ng su\u1ea5t \u0111\u1ecbnh m\u1ee9c \/ t\u1ed1c \u0111\u1ed9 \u0111\u1ecbnh m\u1ee9c: <\/strong>286 kW \/ 1900 r \/ ph\u00fat<\/span><\/li>\n<li><span style=\"font-family: arial, helvetica, sans-serif;\"><strong>M\u00f4-men xo\u1eafn \u0111\u1ea7u ra t\u1ed1i \u0111a: <\/strong>1900 N \u00b7 m @ 1500 r\/min<\/span><\/li>\n<li><span style=\"font-family: arial, helvetica, sans-serif;\"><strong>Ph\u01b0\u01a1ng ph\u00e1p b\u1eaft \u0111\u1ea7u: <\/strong>B\u1eaft \u0111\u1ea7u \u0111i\u1ec7n<\/span><\/li>\n<li><span style=\"font-family: arial, helvetica, sans-serif;\"><strong> Ph\u01b0\u01a1ng ph\u00e1p thanh l\u1ecdc kh\u00ed th\u1ea3i: <\/strong>Ph\u01b0\u01a1ng ph\u00e1p thanh l\u1ecdc x\u00fac t\u00e1c<\/span><\/li>\n<li><span style=\"font-family: arial, helvetica, sans-serif;\"><strong>Ki\u1ec3m so\u00e1t gaay: <\/strong>B\u1ed9 \u0111i\u1ec1u khi\u1ec3n m\u00e1y bay \u0111i\u1ec7n t\u1eed Williams<\/span><\/li>\n<li><span style=\"font-family: arial, helvetica, sans-serif;\"><strong>Ti\u00eau chu\u1ea9n ph\u00e1t th\u1ea3i<\/strong><strong>: Tier 3 \/ Euro III \/ Trung Qu\u1ed1c qu\u1ed1c gia 3<\/strong><\/span><\/li>\n<\/ul>\n<p><span style=\"font-family: arial, helvetica, sans-serif;\"><strong><b>\u00a0 \u00a0 \u00a0<\/b><\/strong><\/span><span style=\"font-family: arial, helvetica, sans-serif;\"><strong><b>3. H\u1ec7 th\u1ed1ng truy\u1ec1n<\/b><\/strong><\/span><\/p>\n<ul>\n<li><span style=\"font-family: arial, helvetica, sans-serif;\"><strong>M\u00f4 h\u00ecnh truy\u1ec1n: <\/strong>RC6420, t\u01b0\u01a1ng \u0111\u01b0\u01a1ng Trung Qu\u1ed1c c\u1ee7a DANA<\/span><\/li>\n<li><span style=\"font-family: arial, helvetica, sans-serif;\"><strong>M\u00f4 h\u00ecnh chuy\u1ec3n \u0111\u1ed5i m\u00f4-men xo\u1eafn: <\/strong>YJ380FK,<b><\/b>Trung Qu\u1ed1c t\u01b0\u01a1ng \u0111\u01b0\u01a1ng v\u1edbi DANA<\/span><\/li>\n<li><span style=\"font-family: arial, helvetica, sans-serif;\"><strong>M\u00f4 h\u00ecnh tr\u1ee5c l\u00e1i: <\/strong>S\u1ea3n ph\u1ea9m DANA 53R300<\/span><\/li>\n<li><span style=\"font-family: arial, helvetica, sans-serif;\"><strong>T\u1ef7 l\u1ec7 t\u1ed1c \u0111\u1ed9 t\u1ed5ng c\u1ed9ng:<\/strong>30.4<\/span><\/li>\n<li><span style=\"font-family: arial, helvetica, sans-serif;\"><strong> L\u1ed1p xe: <\/strong>L\u1ed1p kh\u00ed n\u00e9n<\/span><\/li>\n<\/ul>\n<p><span style=\"font-family: arial, helvetica, sans-serif;\"><strong><b>4. H\u1ec7 th\u1ed1ng phanh<img fetchpriority=\"high\" decoding=\"async\" class=\"wp-image-2729 alignleft\" src=\"http:\/\/www.zongdamining.com\/wp-content\/uploads\/2025\/09\/350A6739-\u62f7\u8d1d-scaled.png\" alt=\"\" width=\"442\" height=\"442\" srcset=\"https:\/\/www.zongdamining.com\/wp-content\/uploads\/2025\/09\/350A6739-\u62f7\u8d1d-scaled.png 2560w, https:\/\/www.zongdamining.com\/wp-content\/uploads\/2025\/09\/350A6739-\u62f7\u8d1d-300x300.png 300w, https:\/\/www.zongdamining.com\/wp-content\/uploads\/2025\/09\/350A6739-\u62f7\u8d1d-1024x1024.png 1024w, https:\/\/www.zongdamining.com\/wp-content\/uploads\/2025\/09\/350A6739-\u62f7\u8d1d-150x150.png 150w, https:\/\/www.zongdamining.com\/wp-content\/uploads\/2025\/09\/350A6739-\u62f7\u8d1d-768x768.png 768w, https:\/\/www.zongdamining.com\/wp-content\/uploads\/2025\/09\/350A6739-\u62f7\u8d1d-1536x1536.png 1536w, https:\/\/www.zongdamining.com\/wp-content\/uploads\/2025\/09\/350A6739-\u62f7\u8d1d-2048x2048.png 2048w, https:\/\/www.zongdamining.com\/wp-content\/uploads\/2025\/09\/350A6739-\u62f7\u8d1d-700x700.png 700w, https:\/\/www.zongdamining.com\/wp-content\/uploads\/2025\/09\/350A6739-\u62f7\u8d1d-600x600.png 600w, https:\/\/www.zongdamining.com\/wp-content\/uploads\/2025\/09\/350A6739-\u62f7\u8d1d-100x100.png 100w\" sizes=\"(max-width: 442px) 100vw, 442px\" \/><\/b><\/strong><\/span><\/p>\n<ul>\n<li><span style=\"font-family: arial, helvetica, sans-serif;\"><strong> B\u01a1m phanh l\u00e0m vi\u1ec7c:<\/strong>P2075\/2025<\/span><\/li>\n<li><span style=\"font-family: arial, helvetica, sans-serif;\"><strong>Di chuy\u1ec3n:<\/strong>75 \/ 25ml \/ r<\/span><\/li>\n<li><span style=\"font-family: arial, helvetica, sans-serif;\"><strong>\u00c1p su\u1ea5t h\u1ec7 th\u1ed1ng t\u1ed1i \u0111a:<\/strong>20 Mpa<\/span><\/li>\n<li><span style=\"font-family: arial, helvetica, sans-serif;\"><strong> Tranh d\u1ecbch v\u1ee5:<\/strong>Phanh m\u00f9a xu\u00e2n \u0111a \u0111\u0129a \u01b0\u1edbt<\/span><\/li>\n<li><span style=\"font-family: arial, helvetica, sans-serif;\"><strong>M\u00f4 h\u00ecnh van phanh:<\/strong>MICO GL820-161-138 (ZL)<\/span><\/li>\n<li><span style=\"font-family: arial, helvetica, sans-serif;\"><strong>\u00c1p su\u1ea5t gi\u1ea3i ph\u00f3ng:<\/strong>138 thanh<\/span><\/li>\n<li><span style=\"font-family: arial, helvetica, sans-serif;\"><strong>M\u00f4 h\u00ecnh van l\u00e0m \u0111\u1ea7y:<\/strong>06-463-022<\/span><\/li>\n<li><span style=\"font-family: arial, helvetica, sans-serif;\"><strong> Phanh \u0111\u1ed7 xe:<\/strong>Phanh m\u00f9a xu\u00e2n tr\u00ean tr\u1ee5c l\u00e1i xe<\/span><\/li>\n<li><span style=\"font-family: arial, helvetica, sans-serif;\"><strong>phanh m\u00f9a xu\u00e2n, phanh th\u1ee7y l\u1ef1c gi\u1ea3i ph\u00f3ng<\/strong><\/span><\/li>\n<li><span style=\"font-family: arial, helvetica, sans-serif;\"><strong>M\u00f4 h\u00ecnh van phanh \u0111\u1ed7 xe: <\/strong>RA3\/3\/2\/G-3<\/span><\/li>\n<\/ul>\n<p><span style=\"font-family: arial, helvetica, sans-serif;\"><strong>5.<\/strong><\/span><strong style=\"font-family: arial, helvetica, sans-serif;\"><b>H\u1ec7 th\u1ed1ng l\u00e1i<\/b><\/strong><\/p>\n<ul>\n<li><span style=\"font-family: arial, helvetica, sans-serif;\"><strong> Lo\u1ea1i:<\/strong>B\u1ea3n l\u1ec1 trung t\u00e2m, l\u00e1i th\u1ee7y l\u1ef1c<\/span><\/li>\n<li><span style=\"font-family: arial, helvetica, sans-serif;\"><strong> B\u01a1m l\u00e1i l\u00e0m vi\u1ec7c: P2075\/2025 Di chuy\u1ec3n: <\/strong>75ml \/ h<\/span><\/li>\n<li><span style=\"font-family: arial, helvetica, sans-serif;\"><strong> \u00c1p su\u1ea5t t\u1ed1i \u0111a c\u1ee7a h\u1ec7 th\u1ed1ng l\u00e1i: <\/strong>20 Mpa<\/span><\/li>\n<li><span style=\"font-family: arial, helvetica, sans-serif;\"><strong> Van l\u00e1i \u0111a chi\u1ec1u:<\/strong>K170LS<\/span><\/li>\n<li><span style=\"font-family: arial, helvetica, sans-serif;\"><strong> \u0110\u01b0\u1eddng k\u00ednh xi lanh l\u00e1i \/ \u0111\u01b0\u1eddng k\u00ednh thanh \u00b3 S\u1ed1 xi lanh: <\/strong>\u03c6 150 \/ \u03c6 90 mm \u00b3 hai<\/span><\/li>\n<\/ul>\n<p><span style=\"font-family: arial, helvetica, sans-serif;\"><strong><b>6.<\/b><\/strong><\/span><strong style=\"font-family: arial, helvetica, sans-serif;\"><b>H\u1ec7 th\u1ed1ng l\u00e0m vi\u1ec7c<img decoding=\"async\" class=\"wp-image-2731 alignright\" src=\"http:\/\/www.zongdamining.com\/wp-content\/uploads\/2025\/09\/350A6753-\u62f7\u8d1d-scaled.png\" alt=\"\" width=\"470\" height=\"470\" srcset=\"https:\/\/www.zongdamining.com\/wp-content\/uploads\/2025\/09\/350A6753-\u62f7\u8d1d-scaled.png 2560w, https:\/\/www.zongdamining.com\/wp-content\/uploads\/2025\/09\/350A6753-\u62f7\u8d1d-300x300.png 300w, https:\/\/www.zongdamining.com\/wp-content\/uploads\/2025\/09\/350A6753-\u62f7\u8d1d-1024x1024.png 1024w, https:\/\/www.zongdamining.com\/wp-content\/uploads\/2025\/09\/350A6753-\u62f7\u8d1d-150x150.png 150w, https:\/\/www.zongdamining.com\/wp-content\/uploads\/2025\/09\/350A6753-\u62f7\u8d1d-768x768.png 768w, https:\/\/www.zongdamining.com\/wp-content\/uploads\/2025\/09\/350A6753-\u62f7\u8d1d-1536x1536.png 1536w, https:\/\/www.zongdamining.com\/wp-content\/uploads\/2025\/09\/350A6753-\u62f7\u8d1d-2048x2048.png 2048w, https:\/\/www.zongdamining.com\/wp-content\/uploads\/2025\/09\/350A6753-\u62f7\u8d1d-700x700.png 700w, https:\/\/www.zongdamining.com\/wp-content\/uploads\/2025\/09\/350A6753-\u62f7\u8d1d-600x600.png 600w, https:\/\/www.zongdamining.com\/wp-content\/uploads\/2025\/09\/350A6753-\u62f7\u8d1d-100x100.png 100w\" sizes=\"(max-width: 470px) 100vw, 470px\" \/><\/b><\/strong><\/p>\n<ul>\n<li><span style=\"font-family: arial, helvetica, sans-serif;\"><strong> Van \u0111\u1ecbnh h\u01b0\u1edbng l\u00e0m vi\u1ec7c:<\/strong>M200LS-2-4588<\/span><\/li>\n<li><span style=\"font-family: arial, helvetica, sans-serif;\"><strong> \u0110\u01b0\u1eddng k\u00ednh xi lanh n\u00e2ng \/ \u0111\u01b0\u1eddng k\u00ednh thanh \u00b3 S\u1ed1 xi lanh: <\/strong>\u03c6 160 \/ \u03c6 100 mm \u00b3 hai<\/span><\/li>\n<li><span style=\"font-family: arial, helvetica, sans-serif;\"><strong> \u0110\u01b0\u1eddng k\u00ednh xi lanh x\u00f4 \/ \u0111\u01b0\u1eddng k\u00ednh thanh \u00b3 S\u1ed1 xi lanh: <\/strong>\u03c6 260 \/ \u03c6 160 mm \u00b3 hai<\/span><\/li>\n<li><span style=\"font-family: arial, helvetica, sans-serif;\"><strong> \u00c1p su\u1ea5t t\u1ed1i \u0111a c\u1ee7a h\u1ec7 th\u1ed1ng l\u00e0m vi\u1ec7c: \u00a0<\/strong>24MPa<\/span><\/li>\n<\/ul>\n<p><span style=\"font-family: arial, helvetica, sans-serif;\"><strong><b>7.<\/b><\/strong><\/span><strong style=\"font-family: arial, helvetica, sans-serif;\"><b>H\u1ec7 th\u1ed1ng \u0111i\u1ec7n<\/b><\/strong><\/p>\n<ul>\n<li><span style=\"font-family: arial, helvetica, sans-serif;\"><strong> \u0110i\u1ec7n \u00e1p h\u1ec7 th\u1ed1ng: <\/strong>24V DC<\/span><\/li>\n<li><span style=\"font-family: arial, helvetica, sans-serif;\"><strong> \u0110i\u1ec7n \u00e1p \/ c\u00f4ng su\u1ea5t \u0111\u1ed9ng c\u01a1 b\u1eaft \u0111\u1ea7u: <\/strong>24V \/ 6kW<\/span><\/li>\n<li><span style=\"font-family: arial, helvetica, sans-serif;\"><strong> \u00c1nh s\u00e1ng: <\/strong>2 \u0111\u00e8n tr\u01b0\u1edbc, 2 \u00b3 75W, 24V, 2 \u0111\u00e8n sau, 2 \u00b3 75W, 24V<\/span><\/li>\n<li><span style=\"font-family: arial, helvetica, sans-serif;\"><strong>2 \u0111\u00e8n tr\u1ea7n cabin, 24 V<\/strong><\/span><\/li>\n<\/ul>\n<p><span style=\"font-family: arial, helvetica, sans-serif;\"><strong><b>8. dung l\u01b0\u1ee3ng b\u1ec3 nhi\u00ean li\u1ec7u<\/b><\/strong><\/span><\/p>\n<ul>\n<li><span style=\"font-family: arial, helvetica, sans-serif;\"><strong> B\u1ec3 ch\u1ee9a d\u1ea7u th\u1ee7y l\u1ef1c:<\/strong>540 L<\/span><\/li>\n<li><span style=\"font-family: arial, helvetica, sans-serif;\"><strong> B\u1ec3 nhi\u00ean li\u1ec7u:<\/strong>450 L<\/span><\/li>\n<li><span style=\"font-family: arial, helvetica, sans-serif;\"><strong> Truy\u1ec1n t\u1ea3i: <\/strong>32 L<\/span><\/li>\n<li><span style=\"font-family: arial, helvetica, sans-serif;\"><strong> Ph\u1ea7n truy\u1ec1n t\u1ea3i ch\u00ednh tr\u1ee5c l\u00e1i xe:<\/strong>36L \u00b3 hai<\/span><\/li>\n<li><span style=\"font-family: arial, helvetica, sans-serif;\"><strong> Ph\u1ea7n gi\u1ea3m b\u00e1nh xe tr\u1ee5c l\u00e1i xe:<\/strong>6,5 L \u00b3 b\u1ed1n<\/span><\/li>\n<li><span style=\"font-family: arial, helvetica, sans-serif;\"><strong> D\u1ea7u b\u00f4i tr\u01a1n \u0111\u1ed9ng c\u01a1:<\/strong>S\u1ed1 38 L<\/span><\/li>\n<\/ul>","protected":false},"excerpt":{"rendered":"<p><span style=\"font-family: arial, helvetica, sans-serif;\"><strong><b>C\u00e1c <\/b><\/strong><strong><b>M\u00e1y t\u1ea3i ng\u1ea7m ZDL717<\/b><\/strong><strong><b>\u00a0<\/b><\/strong>ch\u1ee7 y\u1ebfu \u0111\u01b0\u1ee3c s\u1eed d\u1ee5ng k\u1ebft h\u1ee3p v\u1edbi xe t\u1ea3i khai th\u00e1c m\u1ecf trong khai th\u00e1c ng\u1ea7m v\u00e0 khai th\u00e1c m\u1ecf. T\u1ea3i qu\u1eb7ng v\u00e0 v\u1eadt li\u1ec7u kh\u00e1c nhau c\u00f3 th\u1ec3 c\u1ea3i thi\u1ec7n \u0111\u00e1ng k\u1ec3 hi\u1ec7u qu\u1ea3 ho\u1ea1t \u0111\u1ed9ng v\u00e0 l\u00e0 m\u1ed9t thi\u1ebft b\u1ecb quan tr\u1ecdng \u0111\u1ec3 \u0111\u1ea1t \u0111\u01b0\u1ee3c khai th\u00e1c m\u1ecf kh\u00f4ng theo d\u00f5i.<\/span><\/p>","protected":false},"featured_media":2729,"comment_status":"closed","ping_status":"closed","template":"","meta":{"_acf_changed":false},"product_brand":[],"product_cat":[15],"product_tag":[],"class_list":{"0":"post-2727","1":"product","2":"type-product","3":"status-publish","4":"has-post-thumbnail","6":"product_cat-trackless-mining-equipment","8":"first","9":"instock","10":"shipping-taxable","11":"product-type-simple"},"acf":[],"_links":{"self":[{"href":"https:\/\/www.zongdamining.com\/vi\/wp-json\/wp\/v2\/product\/2727","targetHints":{"allow":["GET"]}}],"collection":[{"href":"https:\/\/www.zongdamining.com\/vi\/wp-json\/wp\/v2\/product"}],"about":[{"href":"https:\/\/www.zongdamining.com\/vi\/wp-json\/wp\/v2\/types\/product"}],"replies":[{"embeddable":true,"href":"https:\/\/www.zongdamining.com\/vi\/wp-json\/wp\/v2\/comments?post=2727"}],"wp:featuredmedia":[{"embeddable":true,"href":"https:\/\/www.zongdamining.com\/vi\/wp-json\/wp\/v2\/media\/2729"}],"wp:attachment":[{"href":"https:\/\/www.zongdamining.com\/vi\/wp-json\/wp\/v2\/media?parent=2727"}],"wp:term":[{"taxonomy":"product_brand","embeddable":true,"href":"https:\/\/www.zongdamining.com\/vi\/wp-json\/wp\/v2\/product_brand?post=2727"},{"taxonomy":"product_cat","embeddable":true,"href":"https:\/\/www.zongdamining.com\/vi\/wp-json\/wp\/v2\/product_cat?post=2727"},{"taxonomy":"product_tag","embeddable":true,"href":"https:\/\/www.zongdamining.com\/vi\/wp-json\/wp\/v2\/product_tag?post=2727"}],"curies":[{"name":"WP","href":"https:\/\/api.w.org\/{rel}","templated":true}]}}