{"id":2740,"date":"2025-09-24T15:08:56","date_gmt":"2025-09-24T07:08:56","guid":{"rendered":"https:\/\/www.zongdamining.com\/?post_type=product&#038;p=2740"},"modified":"2026-02-28T10:56:17","modified_gmt":"2026-02-28T02:56:17","slug":"zdl614-underground-loader","status":"publish","type":"product","link":"https:\/\/www.zongdamining.com\/vi\/product\/zdl614-underground-loader\/","title":{"rendered":"M\u00e1y t\u1ea3i ng\u1ea7m ZDL614 6m\u00b3 LHD nhi\u1ec7m v\u1ee5 n\u1eb7ng cho t\u1ea3i m\u1ecf ng\u1ea7m"},"content":{"rendered":"<p><span style=\"font-family: arial, helvetica, sans-serif;\"><strong><b>C\u00e1c <\/b><\/strong><strong><b>M\u00e1y t\u1ea3i ng\u1ea7m ZDL614<\/b><\/strong><strong><b>\u00a0<\/b><\/strong>ch\u1ee7 y\u1ebfu \u0111\u01b0\u1ee3c s\u1eed d\u1ee5ng k\u1ebft h\u1ee3p v\u1edbi xe t\u1ea3i khai th\u00e1c m\u1ecf trong khai th\u00e1c ng\u1ea7m v\u00e0 khai th\u00e1c m\u1ecf. T\u1ea3i qu\u1eb7ng v\u00e0 v\u1eadt li\u1ec7u kh\u00e1c nhau c\u00f3 th\u1ec3 c\u1ea3i thi\u1ec7n \u0111\u00e1ng k\u1ec3 hi\u1ec7u qu\u1ea3 ho\u1ea1t \u0111\u1ed9ng v\u00e0 l\u00e0 m\u1ed9t thi\u1ebft b\u1ecb quan tr\u1ecdng \u0111\u1ec3 \u0111\u1ea1t \u0111\u01b0\u1ee3c khai th\u00e1c m\u1ecf kh\u00f4ng theo d\u00f5i.<\/span><\/p>\n<p>&nbsp;<\/p>\n<p><span style=\"font-family: arial, helvetica, sans-serif;\"><strong><b>\u0110\u1eb7c \u0111i\u1ec3m c\u1ee7a m\u00e1y t\u1ea3i ng\u1ea7m ZDL614:<\/b><\/strong><\/span><\/p>\n<ul>\n<li><span style=\"font-family: arial, helvetica, sans-serif;\">\u0110\u01b0\u1ee3c thi\u1ebft k\u1ebf \u0111\u1eb7c bi\u1ec7t cho c\u00e1c ho\u1ea1t \u0111\u1ed9ng khai th\u00e1c v\u00e0 \u0111\u01b0\u1eddng h\u1ea7m t\u0129nh m\u1ea1ch 4,5 m x 4,5 m \u0111\u1ec3 cung c\u1ea5p c\u00f4ng su\u1ea5t k\u00e9o t\u1ed1i \u0111a. H\u1ec7 th\u1ed1ng truy\u1ec1n th\u1ee7y c\u01a1 cung c\u1ea5p l\u1ef1c k\u00e9o cao h\u01a1n, \u0111\u1ea3m b\u1ea3o s\u1ef1 th\u00e2m nh\u1eadp t\u1ed1i \u0111a trong khi t\u1ea3i qu\u1eb7ng trong khi cung c\u1ea5p m\u1ed9t cabin tho\u1ea3i m\u00e1i cho ng\u01b0\u1eddi v\u1eadn h\u00e0nh Homo sapiens.<\/span><\/li>\n<li><span style=\"font-family: arial, helvetica, sans-serif;\">An to\u00e0n cao. Nh\u1eefng ng\u01b0\u1eddi v\u1eadn h\u00e0nh c\u1ee7a Homo sapiens \u0111\u01b0\u1ee3c b\u1ea3o v\u1ec7 d\u01b0\u1edbi m\u00e1i tr\u00fa \u1ea9n, tr\u00e1nh xa c\u00e1c khu v\u1ef1c nguy hi\u1ec3m.<\/span><\/li>\n<li><span style=\"font-family: arial, helvetica, sans-serif;\">T\u1ea5t c\u1ea3 c\u00e1c b\u1ed9 ph\u1eadn b\u1ea3o tr\u00ec \u0111\u01b0\u1ee3c b\u1ea3o v\u1ec7 t\u1ed1t trong khi v\u1eabn d\u1ec5 ph\u1ee5c v\u1ee5 v\u00e0 b\u1ea3o tr\u00ec.<\/span><\/li>\n<li><span style=\"font-family: arial, helvetica, sans-serif;\">\u0110\u1ed9ng c\u01a1 \u0111\u01b0\u1ee3c l\u1ef1a ch\u1ecdn t\u1eeb Volvo nh\u1eadp kh\u1ea9u;<\/span><\/li>\n<li><span style=\"font-family: arial, helvetica, sans-serif;\">H\u1ec7 th\u1ed1ng bi\u1ebfn k\u00e9p \u00e1p d\u1ee5ng b\u1ed9 chuy\u1ec3n \u0111\u1ed5i m\u00f4-men xo\u1eafn DANA nh\u1eadp kh\u1ea9u v\u00e0 truy\u1ec1n chuy\u1ec3n \u0111\u1ed9ng n\u0103ng l\u01b0\u1ee3ng;<\/span><\/li>\n<li><span style=\"font-family: arial, helvetica, sans-serif;\">Thi\u1ebft k\u1ebf nh\u1ecf g\u1ecdn v\u00e0 linh ho\u1ea1t ph\u00f9 h\u1ee3p v\u1edbi l\u1ed1i \u0111i h\u1eb9p;<\/span><\/li>\n<li><span style=\"font-family: arial, helvetica, sans-serif;\">Van \u0111a chi\u1ec1u \u00e1p d\u1ee5ng thi\u1ebft k\u1ebf do th\u00ed \u0111i\u1ec3m \u0111i\u1ec1u h\u00e0nh, l\u00e0m cho ho\u1ea1t \u0111\u1ed9ng linh ho\u1ea1t v\u00e0 thu\u1eadn ti\u1ec7n h\u01a1n;<\/span><\/li>\n<li><span style=\"font-family: arial, helvetica, sans-serif;\">N\u1ed1i kh\u1edbp trung t\u00e2m, t\u1ef7 l\u1ec7 th\u1ea5t b\u1ea1i th\u1ea5p, m\u1ee9c \u0111\u1ed9 tho\u1ea3i m\u00e1i cao;<\/span><\/li>\n<li><span style=\"font-family: arial, helvetica, sans-serif;\">Tr\u1ee5c sau \u00e1p d\u1ee5ng khung dao \u0111\u1ed9ng h\u1ed7 tr\u1ee3 k\u00e9p \u0111\u1ec3 gi\u1ea3m t\u1ef7 l\u1ec7 th\u1ea5t b\u1ea1i.<\/span><\/li>\n<\/ul>\n<p><span style=\"font-family: arial, helvetica, sans-serif;\"><strong><b>C\u00e1c <\/b><\/strong><strong><b>M<\/b><\/strong><strong><b>ain <\/b><\/strong><strong><b>A<\/b><\/strong><strong><b>l\u1ee3i th\u1ebf c\u1ee7a m\u00e1y t\u1ea3i ng\u1ea7m ZDL614<\/b><\/strong><strong><b>:<\/b><\/strong><\/span><\/p>\n<p><span style=\"font-family: arial, helvetica, sans-serif;\">\u00a0 \u00a0 1. Tu\u00e2n th\u1ee7 thi\u1ebft k\u1ebf ergonomics, cabin \u0111\u00f3ng k\u00e8m v\u1edbi \u0111i\u1ec1u h\u00f2a kh\u00f4ng kh\u00ed s\u01b0\u1edfi \u1ea5m v\u00e0 l\u00e0m m\u00e1t. Ng\u01b0\u1eddi l\u00e1i xe&#8217; kh\u00f4ng gian ch\u00e2n b\u00ean trong cabin t\u01b0\u01a1ng \u0111\u1ed1i l\u1edbn, v\u00e0 ng\u01b0\u1eddi l\u00e1i xe&#8217; kh\u00f4ng gian ki\u1ec3m so\u00e1t c\u00f3 t\u1ea7m nh\u00ecn t\u1ed1t.<\/span><\/p>\n<p><span style=\"font-family: arial, helvetica, sans-serif;\">\u00a0 \u00a0 2. Khung l\u00e0 m\u1ed9t c\u1ea5u tr\u00fac kh\u1edbp n\u1ed1i trung t\u00e2m, v\u00e0 tr\u1ee5c sau dao \u0111\u1ed9ng tr\u00e1i v\u00e0 ph\u1ea3i xung quanh trung t\u00e2m c\u1ee7a khung \u0111\u1ec3 c\u1ea3i thi\u1ec7n hi\u1ec7u su\u1ea5t b\u00e1m d\u00ednh c\u1ee7a to\u00e0n b\u1ed9 m\u00e1y.<\/span><\/p>\n<p><span style=\"font-family: arial, helvetica, sans-serif;\"><strong><b>K\u00edch th\u01b0\u1edbc ph\u00e1c th\u1ea3o<\/b><\/strong><\/span><\/p>\n<p><span style=\"font-family: arial, helvetica, sans-serif;\"><strong><b>C\u00f4ng su\u1ea5t s\u1ea3n xu\u1ea5t<\/b><\/strong><\/span><\/p>\n<ul>\n<li><span style=\"font-family: arial, helvetica, sans-serif;\">T\u1ea3i tr\u1ecdng t\u1ed1i \u0111a: 14000kg<\/span><\/li>\n<li><span style=\"font-family: arial, helvetica, sans-serif;\">K\u00e9o: 300kN<\/span><\/li>\n<li><span style=\"font-family: arial, helvetica, sans-serif;\">L\u1ef1c \u0111\u00e0o x\u00f4, l\u0103n x\u00f4: 225kN<\/span><\/li>\n<li><span style=\"font-family: arial, helvetica, sans-serif;\">X\u00f4 ti\u00eau chu\u1ea9n: 6m\u00b3<\/span><\/li>\n<\/ul>\n<p><span style=\"font-family: arial, helvetica, sans-serif;\"><strong><b>T\u1ed1c \u0111\u1ed9 \u0111i v\u1ec1 ph\u00eda tr\u01b0\u1edbc v\u00e0 ph\u00eda sau (ngang \/ n\u1ea1p \u0111\u1ea7y \u0111\u1ee7)<\/b><\/strong><\/span><\/p>\n<ul>\n<li><span style=\"font-family: arial, helvetica, sans-serif;\">1 b\u00e1nh r\u0103ng: 4,10 km \/ h\u00a0<\/span><\/li>\n<li><span style=\"font-family: arial, helvetica, sans-serif;\">2 b\u00e1nh r\u0103ng: 7,2 km \/ h\u00a0<\/span><\/li>\n<li><span style=\"font-family: arial, helvetica, sans-serif;\">3 b\u00e1nh r\u0103ng: 11,5 km \/ h<\/span><\/li>\n<li><span style=\"font-family: arial, helvetica, sans-serif;\">4 b\u00e1nh r\u0103ng: 17,7 km \/ h<\/span><\/li>\n<\/ul>\n<p><span style=\"font-family: arial, helvetica, sans-serif;\"><strong><b>Th\u1eddi gian ho\u1ea1t \u0111\u1ed9ng th\u00f9ng<\/b><\/strong><\/span><\/p>\n<ul>\n<li><span style=\"font-family: arial, helvetica, sans-serif;\">N\u00e2ng: 8.9 gi\u00e2y\u3001<\/span><\/li>\n<li><span style=\"font-family: arial, helvetica, sans-serif;\">M\u00f9a thu: 4.5 gi\u00e2y<\/span><\/li>\n<li><span style=\"font-family: arial, helvetica, sans-serif;\">B\u1ecf v\u00e0 d\u1ee1: 4.9 gi\u00e2y<\/span><\/li>\n<\/ul>\n<p><img fetchpriority=\"high\" decoding=\"async\" class=\"wp-image-2732 alignleft\" src=\"http:\/\/www.zongdamining.com\/wp-content\/uploads\/2025\/09\/350A6755-\u62f7\u8d1d-scaled.png\" alt=\"\" width=\"549\" height=\"549\" srcset=\"https:\/\/www.zongdamining.com\/wp-content\/uploads\/2025\/09\/350A6755-\u62f7\u8d1d-scaled.png 2560w, https:\/\/www.zongdamining.com\/wp-content\/uploads\/2025\/09\/350A6755-\u62f7\u8d1d-300x300.png 300w, https:\/\/www.zongdamining.com\/wp-content\/uploads\/2025\/09\/350A6755-\u62f7\u8d1d-1024x1024.png 1024w, https:\/\/www.zongdamining.com\/wp-content\/uploads\/2025\/09\/350A6755-\u62f7\u8d1d-150x150.png 150w, https:\/\/www.zongdamining.com\/wp-content\/uploads\/2025\/09\/350A6755-\u62f7\u8d1d-768x768.png 768w, https:\/\/www.zongdamining.com\/wp-content\/uploads\/2025\/09\/350A6755-\u62f7\u8d1d-1536x1536.png 1536w, https:\/\/www.zongdamining.com\/wp-content\/uploads\/2025\/09\/350A6755-\u62f7\u8d1d-2048x2048.png 2048w, https:\/\/www.zongdamining.com\/wp-content\/uploads\/2025\/09\/350A6755-\u62f7\u8d1d-700x700.png 700w, https:\/\/www.zongdamining.com\/wp-content\/uploads\/2025\/09\/350A6755-\u62f7\u8d1d-600x600.png 600w, https:\/\/www.zongdamining.com\/wp-content\/uploads\/2025\/09\/350A6755-\u62f7\u8d1d-100x100.png 100w\" sizes=\"(max-width: 549px) 100vw, 549px\" \/><strong style=\"font-family: arial, helvetica, sans-serif;\"><b>Tr\u1ecdng l\u01b0\u1ee3ng t\u1ea3i tr\u1ed1ng<\/b><\/strong><\/p>\n<ul>\n<li><span style=\"font-family: arial, helvetica, sans-serif;\">Tr\u1ecdng l\u01b0\u1ee3ng xe: 39 500 kg<\/span><\/li>\n<li><span style=\"font-family: arial, helvetica, sans-serif;\">T\u1ea3i tr\u1ecdng tr\u1ee5c tr\u01b0\u1edbc: 17 200 kg<\/span><\/li>\n<li><span style=\"font-family: arial, helvetica, sans-serif;\">T\u1ea3i tr\u1ecdng tr\u1ee5c sau: 22 300 kg<\/span><\/li>\n<\/ul>\n<p style=\"padding-left: 480px;\"><span style=\"font-family: arial, helvetica, sans-serif;\"><strong><b>Tr\u1ecdng l\u01b0\u1ee3ng t\u1ea3i<\/b><\/strong><\/span><\/p>\n<ul>\n<li><span style=\"font-family: arial, helvetica, sans-serif;\">Tr\u1ecdng l\u01b0\u1ee3ng t\u1ed5ng t\u1ea3i: 53 500 kg<\/span><\/li>\n<li><span style=\"font-family: arial, helvetica, sans-serif;\">T\u1ea3i tr\u1ecdng tr\u1ee5c tr\u01b0\u1edbc: 39 300 kg<\/span><\/li>\n<li><span style=\"font-family: arial, helvetica, sans-serif;\">T\u1ea3i tr\u1ecdng tr\u1ee5c sau: 14 200 kg<\/span><\/li>\n<\/ul>\n<p>&nbsp;<\/p>\n<p>&nbsp;<\/p>\n<p>&nbsp;<\/p>\n<p>&nbsp;<\/p>\n<p>&nbsp;<\/p>\n<p>&nbsp;<\/p>\n<p>&nbsp;<\/p>\n<p>&nbsp;<\/p>\n<p><span style=\"font-family: arial, helvetica, sans-serif;\"><strong>H\u1ec7 th\u1ed1ng \u0111i\u1ec7n<\/strong><\/span><\/p>\n<p><span style=\"font-family: arial, helvetica, sans-serif;\"><strong>\u0110\u1ed9ng c\u01a1<\/strong><\/span><\/p>\n<ul>\n<li><span style=\"font-family: arial, helvetica, sans-serif;\">\u0110\u1ed9ng c\u01a1 diesel: VOLVO TAD 1350 VE<\/span><\/li>\n<li><span style=\"font-family: arial, helvetica, sans-serif;\">C\u00f4ng su\u1ea5t \u0111\u1ea7u ra: 256 kW \/ 1900 r \/ min<\/span><\/li>\n<li><span style=\"font-family: arial, helvetica, sans-serif;\">M\u00f4-men xo\u1eafn: 2175 N \u00b7 m @ 1200 r \/ ph\u00fat<\/span><\/li>\n<li><span style=\"font-family: arial, helvetica, sans-serif;\">S\u1ed1 l\u01b0\u1ee3ng xi lanh: Inline 6 xi lanh<\/span><\/li>\n<li><span style=\"font-family: arial, helvetica, sans-serif;\">Di chuy\u1ec3n: 13L<\/span><\/li>\n<li><span style=\"font-family: arial, helvetica, sans-serif;\">H\u1ec7 th\u1ed1ng l\u00e0m m\u00e1t: L\u00e0m m\u00e1t b\u1eb1ng n\u01b0\u1edbc<\/span><\/li>\n<li><span style=\"font-family: arial, helvetica, sans-serif;\">Ch\u1ebf \u0111\u1ed9 \u0111\u1ed1t ch\u00e1y: 4-stroke, turbocharged v\u1edbi intercooler<\/span><\/li>\n<li><span style=\"font-family: arial, helvetica, sans-serif;\">L\u1ecdc h\u1ea5p th\u1ee5: B\u1ed9 l\u1ecdc kh\u00f4<\/span><\/li>\n<li><span style=\"font-family: arial, helvetica, sans-serif;\">H\u1ec7 th\u1ed1ng \u0111i\u1ec7n: 24V<\/span><\/li>\n<li><span style=\"font-family: arial, helvetica, sans-serif;\">Ti\u00eau th\u1ee5 nhi\u00ean li\u1ec7u trung b\u00ecnh: 33 L \/ h<\/span><\/li>\n<li><span style=\"font-family: arial, helvetica, sans-serif;\">dung l\u01b0\u1ee3ng b\u1ec3 nhi\u00ean li\u1ec7u: 380 L<\/span><\/li>\n<\/ul>\n<p>&nbsp;<\/p>\n<p><span style=\"font-family: arial, helvetica, sans-serif;\"><strong>T<\/strong><strong>Orque chuy\u1ec3n \u0111\u1ed5i \/ truy\u1ec1n<\/strong><\/span><\/p>\n<ul>\n<li><span style=\"font-family: arial, helvetica, sans-serif;\">Nh\u00e0 h\u00e0ng: 6422<\/span><\/li>\n<li><span style=\"font-family: arial, helvetica, sans-serif;\">Dana C8602\uff1aPower shift, \u0111i\u1ec1u khi\u1ec3n chuy\u1ec3n \u0111\u1ed9ng \u0111\u01b0\u1ee3c \u0111i\u1ec1u khi\u1ec3n b\u1eb1ng \u0111i\u1ec7n t\u1eed b\u1ed1n t\u1ed1c \u0111\u1ed9 cho ph\u00eda tr\u01b0\u1edbc v\u00e0 ng\u01b0\u1ee3c<\/span><\/li>\n<\/ul>\n<p><span style=\"font-family: arial, helvetica, sans-serif;\"><strong>\u00a0<\/strong><strong>A<\/strong><strong>XLE<\/strong><\/span><\/p>\n<ul>\n<li><span style=\"font-family: arial, helvetica, sans-serif;\">Tr\u1ee5c tr\u01b0\u1edbc kessler 106 ho\u1eb7c DANA 53R: Phanh l\u00f2 xo \u0111a \u0111\u0129a \u01b0\u1edbt, kh\u00e1c bi\u1ec7t ch\u1ed1ng tr\u01b0\u1ee3t<\/span><\/li>\n<li><span style=\"font-family: arial, helvetica, sans-serif;\">Tr\u1ee5c sau kessler 106 ho\u1eb7c DANA 53R: Phanh m\u00f9a xu\u00e2n \u0111a \u0111\u0129a \u01b0\u1edbt, kh\u00e1c bi\u1ec7t ch\u1ed1ng tr\u01b0\u1ee3t<\/span><\/li>\n<\/ul>\n<p><span style=\"font-family: arial, helvetica, sans-serif;\"><strong>L\u1ed1p xe<\/strong><\/span><\/p>\n<ul>\n<li><span style=\"font-family: arial, helvetica, sans-serif;\">M\u00f4 h\u00ecnh l\u1ed1p xe: 26.5-25 L5S<\/span><\/li>\n<li><span style=\"font-family: arial, helvetica, sans-serif;\">Th\u00f4ng s\u1ed1 k\u1ef9 thu\u1eadt b\u00e1nh xe: 22.00 \/ 3.0<\/span><\/li>\n<\/ul>\n<p><span style=\"font-family: arial, helvetica, sans-serif;\"><strong><b>\u00a0<\/b><\/strong><strong><b>Taxi<img decoding=\"async\" class=\"wp-image-2734 alignleft\" src=\"http:\/\/www.zongdamining.com\/wp-content\/uploads\/2025\/09\/350A6806-\u62f7\u8d1d-scaled.png\" alt=\"\" width=\"687\" height=\"687\" srcset=\"https:\/\/www.zongdamining.com\/wp-content\/uploads\/2025\/09\/350A6806-\u62f7\u8d1d-scaled.png 2560w, https:\/\/www.zongdamining.com\/wp-content\/uploads\/2025\/09\/350A6806-\u62f7\u8d1d-300x300.png 300w, https:\/\/www.zongdamining.com\/wp-content\/uploads\/2025\/09\/350A6806-\u62f7\u8d1d-1024x1024.png 1024w, https:\/\/www.zongdamining.com\/wp-content\/uploads\/2025\/09\/350A6806-\u62f7\u8d1d-150x150.png 150w, https:\/\/www.zongdamining.com\/wp-content\/uploads\/2025\/09\/350A6806-\u62f7\u8d1d-768x768.png 768w, https:\/\/www.zongdamining.com\/wp-content\/uploads\/2025\/09\/350A6806-\u62f7\u8d1d-1536x1536.png 1536w, https:\/\/www.zongdamining.com\/wp-content\/uploads\/2025\/09\/350A6806-\u62f7\u8d1d-2048x2048.png 2048w, https:\/\/www.zongdamining.com\/wp-content\/uploads\/2025\/09\/350A6806-\u62f7\u8d1d-700x700.png 700w, https:\/\/www.zongdamining.com\/wp-content\/uploads\/2025\/09\/350A6806-\u62f7\u8d1d-600x600.png 600w, https:\/\/www.zongdamining.com\/wp-content\/uploads\/2025\/09\/350A6806-\u62f7\u8d1d-100x100.png 100w\" sizes=\"(max-width: 687px) 100vw, 687px\" \/><\/b><\/strong><\/span><\/p>\n<p><span style=\"font-family: arial, helvetica, sans-serif;\"><strong><b>\u00a0<\/b><\/strong><strong><b>T\u00e0i x\u1ebf&#8217; gh\u1ebf s<\/b><\/strong><\/span><\/p>\n<ul>\n<li><span style=\"font-family: arial, helvetica, sans-serif;\">Ng\u01b0\u1eddi l\u00e1i xe&#8217; gh\u1ebf \u0111\u01b0\u1ee3c trang b\u1ecb kh\u1ea3 n\u0103ng h\u1ea5p th\u1ee5 s\u1ed1c th\u1ee7y l\u1ef1c c\u00f3 th\u1ec3 \u0111i\u1ec1u ch\u1ec9nh, v\u00e0 chi\u1ec1u cao gh\u1ebf, v\u1ecb tr\u00ed ph\u00eda tr\u01b0\u1edbc v\u00e0 ph\u00eda sau v\u00e0 t\u1ef1a l\u01b0ng c\u00f3 th\u1ec3 \u0111\u01b0\u1ee3c \u0111i\u1ec1u ch\u1ec9nh.<\/span><\/li>\n<li><span style=\"font-family: arial, helvetica, sans-serif;\">D\u00e2y an to\u00e0n ba \u0111i\u1ec3m.<\/span><\/li>\n<li><span style=\"font-family: arial, helvetica, sans-serif;\">T\u1ef1a c\u00e1nh tay v\u00e0 thanh \u0111i\u1ec1u ch\u1ec9nh c\u00f3 th\u1ec3 \u0111\u01b0\u1ee3c g\u1eafn tr\u00ean c\u1eeda cabin ho\u1eb7c t\u01b0\u1eddng ph\u1ea3i c\u1ee7a cabin.<\/span><\/li>\n<li><span style=\"font-family: arial, helvetica, sans-serif;\">\u0110i\u1ec1u h\u00f2a kh\u00f4ng kh\u00ed s\u01b0\u1edfi \u1ea5m v\u00e0 l\u00e0m m\u00e1t<\/span><\/li>\n<\/ul>\n<p><span style=\"font-family: arial, helvetica, sans-serif;\"><strong><b>\u00a0<\/b><\/strong><strong><b>Khung <\/b><\/strong><\/span><\/p>\n<p><span style=\"font-family: arial, helvetica, sans-serif;\"><strong><b>\u00a0<\/b><\/strong><strong><b>Khung tr\u01b0\u1edbc v\u00e0 sau<\/b><\/strong><\/span><\/p>\n<ul>\n<li><span style=\"font-family: arial, helvetica, sans-serif;\">C\u1ea5u tr\u00fac th\u00e9p h\u00e0n c\u01b0\u1eddng \u0111\u1ed9 cao. V\u1edbi \u0111\u1ed9 d\u00e0y v\u1eadt li\u1ec7u t\u1ed1i \u01b0u h\u00f3a, n\u00f3 l\u00e0m gi\u1ea3m tr\u1ecdng l\u01b0\u1ee3ng ch\u00ednh, c\u1ea3i thi\u1ec7n kh\u1ea3 n\u0103ng v\u1eadn chuy\u1ec3n v\u00e0 t\u0103ng c\u01b0\u1eddng tu\u1ed5i th\u1ecd c\u1ee7a c\u00e1c th\u00e0nh ph\u1ea7n c\u1ea5u tr\u00fac.<\/span><\/li>\n<li><span style=\"font-family: arial, helvetica, sans-serif;\">N\u1ed1i kh\u1edbp trung t\u00e2m: K\u1ebft n\u1ed1i v\u00f2ng bi c\u00f3 th\u1ec3 \u0111i\u1ec1u ch\u1ec9nh<\/span><\/li>\n<\/ul>\n<p><span style=\"font-family: arial, helvetica, sans-serif;\"><strong><b>\u00a0<\/b><\/strong><strong><b>H\u1ec7 th\u1ed1ng th\u1ee7y l\u1ef1c<\/b><\/strong><\/span><\/p>\n<p><span style=\"font-family: arial, helvetica, sans-serif;\"><strong><b>\u00a0<\/b><\/strong><strong><b>H\u1ec7 th\u1ed1ng th\u1ee7y l\u1ef1c l\u00e1i<\/b><\/strong><\/span><\/p>\n<ul>\n<li><span style=\"font-family: arial, helvetica, sans-serif;\">N\u1ed1i n\u1ed1i trung t\u00e2m, l\u00e1i th\u1ee7y l\u1ef1c v\u00e0 hai xi lanh l\u00e0m vi\u1ec7c k\u00e9p trong ho\u1ea1t \u0111\u1ed9ng. \u0110i\u1ec1u khi\u1ec3n b\u1eb1ng joystick \u0111i\u1ec7n.<\/span><\/li>\n<\/ul>\n<p><span style=\"font-family: arial, helvetica, sans-serif;\"><strong><b>H\u1ec7 th\u1ed1ng th\u1ee7y l\u1ef1c l\u00e0m vi\u1ec7c<\/b><\/strong><\/span><\/p>\n<ul>\n<li><span style=\"font-family: arial, helvetica, sans-serif;\">Khi l\u00e1i kh\u00f4ng \u0111\u01b0\u1ee3c s\u1eed d\u1ee5ng, d\u00f2ng d\u1ea7u t\u1eeb m\u00e1y b\u01a1m th\u1ee7y l\u1ef1c l\u00e1i \u0111\u01b0\u1ee3c h\u01b0\u1edbng \u0111\u1ebfn h\u1ec7 th\u1ed1ng th\u1ee7y l\u1ef1c l\u00e0m vi\u1ec7c. C\u00e1c thi\u1ebft b\u1ecb \u0111i\u1ec1u khi\u1ec3n joystick, x\u00f4 v\u00e0 boom (\u0111i\u1ec7n) \u0111\u01b0\u1ee3c trang b\u1ecb m\u1ed9t m\u00e1y b\u01a1m piston, c\u00f3 th\u1ec3 cung c\u1ea5p d\u1ea7u cho van th\u1ee7y l\u1ef1c ch\u00ednh x\u00f4.<\/span><\/li>\n<li><span style=\"font-family: arial, helvetica, sans-serif;\">C\u00f4ng su\u1ea5t b\u1ec3 d\u1ea7u th\u1ee7y l\u1ef1c 300L.<\/span><\/li>\n<\/ul>\n<p><span style=\"font-family: arial, helvetica, sans-serif;\"><strong><b>\u00a0<\/b><\/strong><strong><b>Phanh<\/b><\/strong><\/span><\/p>\n<ul>\n<li><span style=\"font-family: arial, helvetica, sans-serif;\">Phanh d\u1ecbch v\u1ee5 \u00e1p d\u1ee5ng phanh m\u00f9a xu\u00e2n; phanh \u0111a \u0111\u0129a ho\u1ea1t \u0111\u1ed9ng b\u1eb1ng th\u1ee7y l\u1ef1c \u0111\u01b0\u1ee3c l\u1eafp \u0111\u1eb7t tr\u00ean t\u1ea5t c\u1ea3 c\u00e1c b\u00e1nh xe. C\u00f3 hai m\u1ea1ch \u0111\u1ed9c l\u1eadp: m\u1ed9t cho tr\u1ee5c tr\u01b0\u1edbc v\u00e0 m\u1ed9t cho tr\u1ee5c sau. Phanh d\u1ecbch v\u1ee5 c\u0169ng c\u00f3 th\u1ec3 ho\u1ea1t \u0111\u1ed9ng nh\u01b0 phanh kh\u1ea9n c\u1ea5p v\u00e0 phanh \u0111\u1ed7 xe. Hi\u1ec7u su\u1ea5t c\u1ee7a h\u1ec7 th\u1ed1ng phanh tu\u00e2n th\u1ee7 c\u00e1c y\u00eau c\u1ea7u c\u1ee7a EN ISO 3450, AS 2958.1 v\u00e0 SABS 1589.<\/span><\/li>\n<\/ul>","protected":false},"excerpt":{"rendered":"<p><span style=\"font-family: arial, helvetica, sans-serif;\"><strong><b>C\u00e1c <\/b><\/strong><strong><b>M\u00e1y t\u1ea3i ng\u1ea7m ZDL614<\/b><\/strong><strong><b>\u00a0<\/b><\/strong>ch\u1ee7 y\u1ebfu \u0111\u01b0\u1ee3c s\u1eed d\u1ee5ng k\u1ebft h\u1ee3p v\u1edbi xe t\u1ea3i khai th\u00e1c m\u1ecf trong khai th\u00e1c ng\u1ea7m v\u00e0 khai th\u00e1c m\u1ecf. T\u1ea3i qu\u1eb7ng v\u00e0 v\u1eadt li\u1ec7u kh\u00e1c nhau c\u00f3 th\u1ec3 c\u1ea3i thi\u1ec7n \u0111\u00e1ng k\u1ec3 hi\u1ec7u qu\u1ea3 ho\u1ea1t \u0111\u1ed9ng v\u00e0 l\u00e0 m\u1ed9t thi\u1ebft b\u1ecb quan tr\u1ecdng \u0111\u1ec3 \u0111\u1ea1t \u0111\u01b0\u1ee3c khai th\u00e1c m\u1ecf kh\u00f4ng theo d\u00f5i.<\/span><\/p>","protected":false},"featured_media":2732,"comment_status":"closed","ping_status":"closed","template":"","meta":{"_acf_changed":false},"product_brand":[],"product_cat":[15],"product_tag":[],"class_list":{"0":"post-2740","1":"product","2":"type-product","3":"status-publish","4":"has-post-thumbnail","6":"product_cat-trackless-mining-equipment","8":"first","9":"instock","10":"shipping-taxable","11":"product-type-simple"},"acf":[],"_links":{"self":[{"href":"https:\/\/www.zongdamining.com\/vi\/wp-json\/wp\/v2\/product\/2740","targetHints":{"allow":["GET"]}}],"collection":[{"href":"https:\/\/www.zongdamining.com\/vi\/wp-json\/wp\/v2\/product"}],"about":[{"href":"https:\/\/www.zongdamining.com\/vi\/wp-json\/wp\/v2\/types\/product"}],"replies":[{"embeddable":true,"href":"https:\/\/www.zongdamining.com\/vi\/wp-json\/wp\/v2\/comments?post=2740"}],"wp:featuredmedia":[{"embeddable":true,"href":"https:\/\/www.zongdamining.com\/vi\/wp-json\/wp\/v2\/media\/2732"}],"wp:attachment":[{"href":"https:\/\/www.zongdamining.com\/vi\/wp-json\/wp\/v2\/media?parent=2740"}],"wp:term":[{"taxonomy":"product_brand","embeddable":true,"href":"https:\/\/www.zongdamining.com\/vi\/wp-json\/wp\/v2\/product_brand?post=2740"},{"taxonomy":"product_cat","embeddable":true,"href":"https:\/\/www.zongdamining.com\/vi\/wp-json\/wp\/v2\/product_cat?post=2740"},{"taxonomy":"product_tag","embeddable":true,"href":"https:\/\/www.zongdamining.com\/vi\/wp-json\/wp\/v2\/product_tag?post=2740"}],"curies":[{"name":"WP","href":"https:\/\/api.w.org\/{rel}","templated":true}]}}